{"id":6938,"date":"2023-11-03T14:31:14","date_gmt":"2023-11-03T13:31:14","guid":{"rendered":"https:\/\/www.dymension.fr\/?page_id=6938"},"modified":"2023-11-03T14:31:14","modified_gmt":"2023-11-03T13:31:14","slug":"notre-agence","status":"publish","type":"page","link":"https:\/\/www.dymension.fr\/en\/home\/nous-decouvrir\/notre-agence\/","title":{"rendered":"Our Agency"},"content":{"rendered":"<div class='grid_7 '><\/p>\n<h2 class=\"titre left\"><span class=\"titre_fond_rouge\">Who are we ?<\/span><\/h2>\n<p>DYMENSION is a company specialising in the computer-based development of interactive interfaces.   With a solid experience of the web behind us, we decided to concentrate on the new user possibilities offered by touch interfaces and even more innovative interfaces in the future.<\/p>\n<p>We are interested in all technologies that go beyond the traditional ways of using the web. This includes applications for tablets but also more prestigious devices such as interactive tables, \u00ab giant tablets \u00bb which can be used by several people at the same time (unlike the simple \u00ab touch screen \u00bb which came out several years ago.)<\/p>\n<p>Another of our interests is transforming any kind of surface into a touch surface, using, for example, projectors or stereo camera detectors of the Kinect type, or other technologies. Creating interactive interfaces without physical contact, such as augmented reality glasses, is also part of our activities.<\/p>\n<p>Our company is always looking out for new technologies that will enable us to offer our clients solutions which are not only innovative and engaging but also intuitive and user-friendly.<\/p>\n<p>We supply software as well as hardware on request, thanks to our extensive network of varied and competent suppliers.  We can supply different models of interactive tables and can also produce made to measure models.  We offer a wide range of tablets at reasonable prices to enable our clients to equip all their collaborators.<br \/>\n<\/p>\n<h2 class=\"titre left\"><span class=\"titre_fond_rouge\">How do we work ?<\/span><\/h2>\n<p><\/span>All our applications are developed in-house thanks to our teams who are specialised in the design of multi-user interfaces.  These require a greater degree of specialisation than the design of interfaces destined for use by a single user.<\/p>\n<p>At the start of each development project we are careful to look at the tools already being used by our clients so that the interface we propose is a continuation of their existing work practices.  This makes it easier for collaborators to adopt the new application without encountering any habit-related issues.<\/p>\n<p>When the new application has been installed we film and analyse the way it is being used as well as the reactions of the end-users to make sure that the application is used as planned and also  to anticipate modifications that could be made to future versions.<\/p>\n<p>For the hardware components we work directly with partners in France, Europe and Asia to buy equipment which matches our clients\u2019 needs, at the best price.<\/p>\n<p>Our teams always put all their ideas and capabilities at the service of our clients to ensure they have the best possible experience.<br \/>\n<\/div>\n<div class='grid_5 '><\/p>\n<p>OUR TEAM<\/p>\n<p><div class='grid_1 apropos_photo'><br \/>\n<a href=\"https:\/\/www.dymension.fr\/wp-content\/uploads\/2013\/07\/xavier.jpg\"><img decoding=\"async\" class=\"max-img\" style=\"border: 0px currentColor;\" src=\"https:\/\/www.dymension.fr\/wp-content\/uploads\/2013\/07\/xavier.jpg\" title=\"Xavier\"\/><\/a><br \/>\n<\/div><\/p>\n<p><div class='grid_4 apropos_txt'><\/p>\n<p class=\"p_content\" style=\"margin-bottom: 6px; margin-top: 0px; margin-left: 0px;\"><strong>Xavier de Brabois <\/strong><em>Director<\/em><\/p>\n<p style=\"text-align: justify;\">After studying at a major business school Xavier went on to specialise in selling web solutions.  In 2011 he joined the world of entrepreneurship with the creation of DYMENSION.  Like Xavier, the collaborators he chose to assist him in this new venture are competent and enthusiastic about the new technologies he wants to offer the professional world.<\/p>\n<p style=\"text-align: justify;\">Xavier is keen on martial arts, sailing and light aircraft.  For many years he has been actively involved in volunteer work in local associations.<\/p>\n<p><\/div><\/p>\n<p><div class='grid_1 apropos_photo'><br \/>\n<a href=\"https:\/\/www.dymension.fr\/wp-content\/uploads\/CedricL2.jpg\"><img decoding=\"async\" src=\"https:\/\/www.dymension.fr\/wp-content\/uploads\/CedricL2-150x150.jpg\" alt=\"CedricL2\" class=\"max-img\"  \/><\/a><br \/>\n<\/div><\/p>\n<p><div class='grid_4 apropos_txt'><\/p>\n<p class=\"p_content\" style=\"margin-bottom: 6px; margin-top: 0px; margin-left: 0px;\"><strong>C\u00e9dric <\/strong><em>Responsable commercial<\/em><\/p>\n<p style=\"text-align: justify;\">Dipl\u00f4m\u00e9 d&#8217;un Master de Commerce International qu\u2019il a r\u00e9alis\u00e9 en alternance, C\u00e9dric a souhait\u00e9 parfaire son exp\u00e9rience \u00e0 l\u2019\u00e9tranger. Il a donc quitt\u00e9 la France pour la Chine o\u00f9 il a travaill\u00e9 durant plus de 2 ans.<br \/>\nDe retour en France, il int\u00e8gre l\u2019\u00e9quipe de Dymension o\u00f9 il met son exp\u00e9rience au service des nouvelles technologies.<\/p>\n<p style=\"text-align: justify;\">C\u00e9dric est passionn\u00e9 de Rugby qu\u2019il pratique en club et s\u2019adonne \u00e0 sa passion pour la photographie en temps libre. <\/p>\n<p><\/div><\/p>\n<p><div class='grid_1 apropos_photo'><br \/>\n<img decoding=\"async\" class=\"max-img\" style=\"border: 0px currentColor;\" title=\"Emeric\" alt=\"\" src=\"https:\/\/www.dymension.fr\/wp-content\/uploads\/2012\/10\/Emeric1.jpg\" width=\"461\" \/><br \/>\n<\/div><\/p>\n<p><div class='grid_4 apropos_txt'><\/p>\n<p><strong>Emeric <\/strong><em>Developer<\/em><\/p>\n<p style=\"text-align: justify;\">With a professional degree in IT specialising in mobile technology, Emeric\u2019s first professional experience was in the development of Android applications.<\/p>\n<p style=\"text-align: justify;\">Emeric is keen on cooking and football, as well as being a frequent badminton player.<\/p>\n<p><\/div><\/p>\n<p><div class='grid_1 apropos_photo'><br \/>\n<a href=\"https:\/\/www.dymension.fr\/wp-content\/uploads\/kevin.jpg\"><img decoding=\"async\" src=\"https:\/\/www.dymension.fr\/wp-content\/uploads\/kevin-150x150.jpg\" alt=\"Kevin\" class=\"max-img\"\/><\/a><br \/>\n<\/div><\/p>\n<p><div class='grid_4 apropos_txt'><\/p>\n<p class=\"p_content\" style=\"margin-bottom: 6px; margin-top: 0px; margin-left: 0px;\"><strong>K\u00e9vin <\/strong><em>Ing\u00e9nieur d\u00e9veloppeur<\/em><\/p>\n<p style=\"text-align: justify;\">Curieux et adepte des nouvelles technologies, K\u00e9vin a suivi une formation d\u2019ing\u00e9nieur \u00e0 l\u2019Universit\u00e9 de Technologie de Belfort-Montb\u00e9liard (UTBM), il est sp\u00e9cialis\u00e9 en imagerie, interactivit\u00e9 et r\u00e9alit\u00e9 virtuelle. Apr\u00e8s un passage dans le monde de l&#8217;art num\u00e9rique, pour lequel il a r\u00e9alis\u00e9 des \u0153uvres pendant 6 mois, il s&#8217;est tourn\u00e9 vers les interfaces tactiles en int\u00e9grant l&#8217;\u00e9quipe de Dymension.<\/p>\n<p style=\"text-align: justify;\">K\u00e9vin aime le cin\u00e9ma et l&#8217;art en g\u00e9n\u00e9ral. Passionn\u00e9 par la communication et les interactions, il s&#8217;est aussi form\u00e9 en autodidacte sur la sociologie contemporaine.<\/p>\n<p><\/div><\/p>\n<p><div class='grid_1 apropos_photo'><br \/>\n<a href=\"https:\/\/www.dymension.fr\/wp-content\/uploads\/2012\/10\/david.jpg\"><img loading=\"lazy\" decoding=\"async\" class=\"max-img\" style=\"border: 0px currentColor;\" alt=\"David\" src=\"https:\/\/www.dymension.fr\/wp-content\/uploads\/2012\/10\/david.jpg\" width=\"460\" height=\"500\" \/><\/a><br \/>\n<\/div><\/p>\n<p><div class='grid_4 apropos_txt'><\/p>\n<p class=\"p_content\" style=\"margin-bottom: 6px; margin-top: 0px; margin-left: 0px;\"><strong>David <\/strong><em>Designer<\/em><\/p>\n<p style=\"text-align: justify;\">David studied visual communication at the Paris school l\u2019Ecole des Gobelins, specialising in design and ergonomics. His first professional experience was in website creation before going on to the design of interactive applications.<\/p>\n<p style=\"text-align: justify;\">A fan of modern art, David is also interested in musical creation.<\/p>\n<p><\/div><\/p>\n<p><div class='grid_1 apropos_photo'><br \/>\n<a href=\"https:\/\/www.dymension.fr\/wp-content\/uploads\/NicolasF.jpg\"><img decoding=\"async\" src=\"https:\/\/www.dymension.fr\/wp-content\/uploads\/NicolasF-150x150.jpg\" alt=\"NicolasF\" class=\"max-img\" \/><\/a><br \/>\n<\/div><\/p>\n<p><div class='grid_4 apropos_txt'><\/p>\n<p class=\"p_content\" style=\"margin-bottom: 6px; margin-top: 0px; margin-left: 0px;\"><strong>Nicolas <\/strong><em>D\u00e9veloppeur<\/em><\/p>\n<p style=\"text-align: justify;\">Diplom\u00e9 d&#8217;un bac + 5 en informatique, et sp\u00e9cialis\u00e9 dans le d\u00e9veloppement web, il rejoint l&#8217;\u00e9quipe de DYMENSION apr\u00e8s 7 ans d&#8217;exp\u00e9rience professionnelle en agence web. Passionn\u00e9 par les technologies de l&#8217;information et les \u00e9changes de donn\u00e9es sur Internet, il prend en charge le d\u00e9veloppement des administrations web et des applications Android.<\/p>\n<p style=\"text-align: justify;\">Nicolas aime la musique, le cin\u00e9ma et les excursions dans les collines dr\u00f4moises.<\/p>\n<p><\/div><\/p>\n<p><div class='grid_1 apropos_photo'><br \/>\n<a href=\"https:\/\/www.dymension.fr\/wp-content\/uploads\/Corinne.jpg\"><img decoding=\"async\" src=\"https:\/\/www.dymension.fr\/wp-content\/uploads\/Corinne-150x150.jpg\" alt=\"Corinne\" class=\"max-img\" \/><\/a><br \/>\n<\/div><\/p>\n<p><div class='grid_4 apropos_txt'><\/p>\n<p class=\"p_content\" style=\"margin-bottom: 6px; margin-top: 0px; margin-left: 0px;\"><strong>Corinne <\/strong><em>Assistante de direction<\/em><\/p>\n<p style=\"text-align: justify;\">Riche d&#8217;un parcours pluridisciplinaire en informatique puis en assistanat de gestion, Corinne a \u00e9volu\u00e9 au sein d\u2019un grand groupe industriel durant plus de 15 ans, puis elle a enrichi ses exp\u00e9riences en apportant son savoir-faire \u00e0 diff\u00e9rentes PME avant de rejoindre DYMENSION.<\/p>\n<p style=\"text-align: justify;\">Passionn\u00e9e d\u2019\u00e9quitation, elle poss\u00e8de ses chevaux et partage cette passion avec ses filles notamment au travers de comp\u00e9titions de horse-ball, discipline passionnante et spectaculaire.<\/p>\n<p><\/div><\/p>\n<p><\/div>\n","protected":false},"excerpt":{"rendered":"","protected":false},"author":2,"featured_media":2480,"parent":6748,"menu_order":0,"comment_status":"closed","ping_status":"closed","template":"","meta":{"_locale":"en_US","_original_post":"http:\/\/localhost:8888\/wordpress\/?page_id=54","footnotes":""},"class_list":["post-6938","page","type-page","status-publish","has-post-thumbnail","hentry","en-US"],"_links":{"self":[{"href":"https:\/\/www.dymension.fr\/wp-json\/wp\/v2\/pages\/6938","targetHints":{"allow":["GET"]}}],"collection":[{"href":"https:\/\/www.dymension.fr\/wp-json\/wp\/v2\/pages"}],"about":[{"href":"https:\/\/www.dymension.fr\/wp-json\/wp\/v2\/types\/page"}],"author":[{"embeddable":true,"href":"https:\/\/www.dymension.fr\/wp-json\/wp\/v2\/users\/2"}],"replies":[{"embeddable":true,"href":"https:\/\/www.dymension.fr\/wp-json\/wp\/v2\/comments?post=6938"}],"version-history":[{"count":1,"href":"https:\/\/www.dymension.fr\/wp-json\/wp\/v2\/pages\/6938\/revisions"}],"predecessor-version":[{"id":6940,"href":"https:\/\/www.dymension.fr\/wp-json\/wp\/v2\/pages\/6938\/revisions\/6940"}],"up":[{"embeddable":true,"href":"https:\/\/www.dymension.fr\/wp-json\/wp\/v2\/pages\/6748"}],"wp:featuredmedia":[{"embeddable":true,"href":"https:\/\/www.dymension.fr\/wp-json\/wp\/v2\/media\/2480"}],"wp:attachment":[{"href":"https:\/\/www.dymension.fr\/wp-json\/wp\/v2\/media?parent=6938"}],"curies":[{"name":"wp","href":"https:\/\/api.w.org\/{rel}","templated":true}]}}