{"id":6923,"date":"2023-11-03T14:04:44","date_gmt":"2023-11-03T13:04:44","guid":{"rendered":"https:\/\/www.dymension.fr\/?page_id=6923"},"modified":"2023-11-03T14:04:44","modified_gmt":"2023-11-03T13:04:44","slug":"samantha","status":"publish","type":"page","link":"https:\/\/www.dymension.fr\/en\/home\/produits\/tables-tactiles\/samantha\/","title":{"rendered":"Touch table Samantha"},"content":{"rendered":"<p><div class='grid_6 '><br \/>\n<a href=\"https:\/\/www.dymension.fr\/wp-content\/uploads\/samanta2016.jpg\"><img decoding=\"async\" src=\"https:\/\/www.dymension.fr\/wp-content\/uploads\/samanta2016-600x400.jpg\" class=\"cadre_photo \" alt=\"Table tactile Samantha\" width=\"100%\"\/><\/a><br \/>\n<\/div><div class='grid_6 '><\/p>\n<p class=\"intro\">Une table moderne et r\u00e9sistante<\/p>\n<div class=\"titre left\" style=\"margin-top: 20px;\">\n<h2><span class=\"titre_fond_rouge\">Fonctionnalit\u00e9s<\/span><\/h2>\n<\/div>\n<p class=\"p_content\">La table tactile SAMANTHA est fariqu\u00e9e en France. Sa structure est en m\u00e9tal pour un rendu \u00e0 la fois \u00e9l\u00e9gant et robuste. Elle est propos\u00e9e en \u00e9cran de 42&#8243;, 55&#8243; ou 65&#8243; sur devis, en blanc ou de couleur pesonnalis\u00e9e. <\/p>\n<p class=\"p_content\">La partie PC peut \u00eatre personnalis\u00e9e, le PC par d\u00e9faut est un i5 avec 8 Go de RAM et un disque dur SSD de 120 Go. Il est \u00e9galement possible de personnaliser la structure par un logo en d\u00e9coupe laser<\/p>\n<p class=\"p_content\">La table est garantie 3 ans retour atelier.<\/p>\n<ul class=\"liste li_content\" style=\"list-style-type: disc;\">\n<li>\u00c9cran multi-touch de 30 points de contact<\/li>\n<li>Verre tremp\u00e9 hate r\u00e9sistance <strong>7mm (IK10)<\/strong><\/li>\n<li>Verre anti-reflets<\/li>\n<\/ul>\n<p><\/div><\/p>\n<div style=\"clear:both;\"><\/div>\n<div class='grid_6 '><\/p>\n<div class=\"dotted\">\n<h2><span class=\"titre_fond_rouge\">Caract\u00e9ristiques techniques<\/span><\/h2>\n<ul class=\"li_content liste\" style=\"margin-top: 20px;\">\n<li>\u00c9cran <strong>42&#8243; (ou 55&#8243; si volumes)<\/strong><\/li>\n<li><strong>30 points de contact simultan\u00e9s<\/strong><\/li>\n<li><strong>\u00c9cran LED<\/strong> tactile<\/li>\n<li>Temps de r\u00e9ponse : 5 ms<\/li>\n<li>Resolution : <strong>1920 x 1080<\/strong><\/li>\n<li>Luminosit\u00e9 : 700cd\/m\u00b2<\/li>\n<li>Contraste : 1200:1<\/li>\n<li>Angle de vision : 178\u00b0<\/li>\n<li>Technologie tactile : capacitif 10 pts<\/li>\n<li>CPU : Intel <strong>Core i5<\/strong><\/li>\n<li>Disque Dur : <strong>128 GB<\/strong>, SSD<\/li>\n<li>M\u00e9moire Ram : 8 GB<\/li>\n<li>Connectivit\u00e9 : Ethernet, Wifi, BlueTooth + intel Wireless Display<\/li>\n<li>Consommation : 200 W<\/li>\n<li>Lecteur NFC en option<\/li>\n<li>Dimensions :\n<ul style=\"list-style-type: circle; list-style-position: inside; margin-left: 20px;\">\n<li>LxP : 117 x 66 cm<\/li>\n<li>H : 75 cm<\/li>\n<li>Poids : 85 kg<\/li>\n<\/ul>\n<\/li>\n<\/ul>\n<p><em>La partie PC peut \u00eatre modifi\u00e9e \u00e0 la demande.<\/em>\n<\/div>\n<p><\/div>\n<div class='grid_6 '><\/p>\n<h2 class=\"titre left\"><span class=\"titre_fond_rouge\">Visuels<\/span><\/h2>\n<div class=\"visuels\">\n<a href=\"https:\/\/www.dymension.fr\/wp-content\/uploads\/table-tactile-samantha.jpg\"><img decoding=\"async\" src=\"https:\/\/www.dymension.fr\/wp-content\/uploads\/table-tactile-samantha-600x337.jpg\"  alt=\"table tactile\" class=\"cadre_photo\" width=\"90%\" \/><\/a><a href=\"https:\/\/www.dymension.fr\/wp-content\/uploads\/samantav2_site.jpg\"><img decoding=\"async\" src=\"https:\/\/www.dymension.fr\/wp-content\/uploads\/samantav2_site-600x400.jpg\" alt=\"table tactile\" class=\"cadre_photo\" width=\"90%\" \/><\/a>\n<\/div>\n<p><\/div>\n<p><br style='clear:both'><br \/>\n<div class='grid_12 '><\/div><\/p>\n<div class=\"callto_blog\" style=\"margin-top: 40px;\">\n<div class=\"baseline_position\"><a class=\"bouton_blog_rouge\" href=\"https:\/\/www.dymension.fr\/contact\">Demandez un devis &gt;&gt;&gt; <img loading=\"lazy\" decoding=\"async\" class=\"hide-phone baseline_bubble\" alt=\"\" src=\"http:\/\/dymension.fr\/wp-content\/uploads\/2012\/06\/bubble.png\" width=\"74\" height=\"68\" \/><\/a><\/div>\n<\/div>\n<p><center><a href=\"https:\/\/www.dymension.fr\/catalogue\">ou t\u00e9l\u00e9chargez nos catalogues<\/a><\/center><\/p>\n<div style=\"position:relative; height:150px;margin-top:50px\">\n<h1 class=\"center\" style=\"font-size:25px;font-weight:bold\">PENSEZ \u00c0 VOTRE APPLICATION<\/h1>\n<p><center><br \/>\n<img decoding=\"async\" src=\"https:\/\/www.dymension.fr\/wp-content\/uploads\/Dymwser-150x150.png\" alt=\"Dymwser\"  style=\"width: 80px;position:absolute; left:7%; top:20%;\" \/><br \/>\n<img decoding=\"async\" src=\"https:\/\/www.dymension.fr\/wp-content\/uploads\/Strada-150x150.png\" alt=\"Strada\"  style=\"width: 80px;position:absolute; left:11%; top:14%;\" \/><br \/>\n<img decoding=\"async\" src=\"https:\/\/www.dymension.fr\/wp-content\/uploads\/Mediascene-150x150.png\"   style=\"width: 80px;position:absolute; left:15%; top:10%;\"\/><br \/>\n<img decoding=\"async\" src=\"https:\/\/www.dymension.fr\/wp-content\/uploads\/Manager-150x150.png\"  style=\"width: 80px;position:absolute; left:19%; top:6%;\"\/><br \/>\n<img decoding=\"async\" src=\"https:\/\/www.dymension.fr\/wp-content\/uploads\/Launcher-150x150.png\"  style=\"width: 80px;position:absolute;left:23%; top:4%;\"\/><br \/>\n<a class=\"modern\" style=\"width: 400px;height:60px; text-align:center; color:#fff; text-transform:uppercase; font-weight:bold; padding 10px; bottom: 10px;line-height:60px;font-size:18px;position:relative;top:-5em;z-index:2\" href=\"\/application-tactile\/applications-table-tactile\/\" target=\"_blank\" rel=\"noopener\">D\u00e9couvrir nos applications<\/a><br \/>\n<img decoding=\"async\" src=\"https:\/\/www.dymension.fr\/wp-content\/uploads\/Jiminy-150x150.png\"  style=\"width: 80px;position: absolute; right:7%; top:20%;\"\/><br \/>\n<img decoding=\"async\" src=\"https:\/\/www.dymension.fr\/wp-content\/uploads\/Hotely-150x150.png\" style=\"width: 80px;position: absolute; right:11%; top:14%;\"\/ \/><br \/>\n<img decoding=\"async\" src=\"https:\/\/www.dymension.fr\/wp-content\/uploads\/HappyWheel-150x150.png\"  style=\"width: 80px;position: absolute; right:15%; top:10%;\"\/\/><br \/>\n<img decoding=\"async\" src=\"https:\/\/www.dymension.fr\/wp-content\/uploads\/Evolumap-150x150.png\" style=\"width: 80px;position: absolute; right:19%; top:6%;\"\/ \/><br \/>\n<img decoding=\"async\" src=\"https:\/\/www.dymension.fr\/wp-content\/uploads\/Dysplay-150x150.png\"  style=\"width: 80px;position: absolute; right:23%; top:4%;\"\/ \/><br \/>\n<\/center>\n<\/div>\n<hr>\n<p>[include-page id=&#8221;\/produits\/&#8221;]<\/p>\n","protected":false},"excerpt":{"rendered":"<p>Demandez un devis &gt;&gt;&gt; ou t\u00e9l\u00e9chargez nos catalogues PENSEZ \u00c0 VOTRE APPLICATION D\u00e9couvrir nos applications [include-page id=&#8221;\/produits\/&#8221;]<\/p>\n","protected":false},"author":2,"featured_media":5515,"parent":6826,"menu_order":0,"comment_status":"open","ping_status":"open","template":"","meta":{"_locale":"en_US","_original_post":"http:\/\/www.dymension.fr\/?page_id=6532","footnotes":""},"class_list":["post-6923","page","type-page","status-publish","has-post-thumbnail","hentry","en-US"],"_links":{"self":[{"href":"https:\/\/www.dymension.fr\/wp-json\/wp\/v2\/pages\/6923","targetHints":{"allow":["GET"]}}],"collection":[{"href":"https:\/\/www.dymension.fr\/wp-json\/wp\/v2\/pages"}],"about":[{"href":"https:\/\/www.dymension.fr\/wp-json\/wp\/v2\/types\/page"}],"author":[{"embeddable":true,"href":"https:\/\/www.dymension.fr\/wp-json\/wp\/v2\/users\/2"}],"replies":[{"embeddable":true,"href":"https:\/\/www.dymension.fr\/wp-json\/wp\/v2\/comments?post=6923"}],"version-history":[{"count":1,"href":"https:\/\/www.dymension.fr\/wp-json\/wp\/v2\/pages\/6923\/revisions"}],"predecessor-version":[{"id":6925,"href":"https:\/\/www.dymension.fr\/wp-json\/wp\/v2\/pages\/6923\/revisions\/6925"}],"up":[{"embeddable":true,"href":"https:\/\/www.dymension.fr\/wp-json\/wp\/v2\/pages\/6826"}],"wp:featuredmedia":[{"embeddable":true,"href":"https:\/\/www.dymension.fr\/wp-json\/wp\/v2\/media\/5515"}],"wp:attachment":[{"href":"https:\/\/www.dymension.fr\/wp-json\/wp\/v2\/media?parent=6923"}],"curies":[{"name":"wp","href":"https:\/\/api.w.org\/{rel}","templated":true}]}}