{"id":6917,"date":"2023-11-03T14:01:29","date_gmt":"2023-11-03T13:01:29","guid":{"rendered":"https:\/\/www.dymension.fr\/?page_id=6917"},"modified":"2023-11-03T14:01:29","modified_gmt":"2023-11-03T13:01:29","slug":"toshiba_itt42","status":"publish","type":"page","link":"https:\/\/www.dymension.fr\/en\/home\/produits\/tables-tactiles\/toshiba_itt42\/","title":{"rendered":"touch coffee table Toshiba iTT42"},"content":{"rendered":"<div class='grid_12 '><br \/>\nThe coffee touch table Toshiba ITT42 will foster conviviality between friends, in work meeting, or in any waiting place.<br \/>\n<\/div>\n<p class=\"intro\">\n<div style=\"clear:both;\"><\/div>\n<div class='grid_12 '><\/p>\n<h2 class=\"titre left\"><span class=\"titre_fond_rouge\">Presentation<\/span><\/h2>\n<p><\/div>\n<p class=\"intro\">\n<div style=\"clear:both;\"><\/div>\n<div class='grid_6 '>\n<p>La  Toshiba  Interactive  Touch  Table  ITT-42  est  une  table  interactive  \u00e9quip\u00e9e  d\u2019un \u00e9cran  tactiles  de  42\u2019\u2019  (107cm).  Partagez,  \u00e9changez,  visualisez  de  fa\u00e7on  ludique  vos documents,  photos  ,vid\u00e9os\u2026  et  surfez  sur  internet  de  fa\u00e7on  in\u00e9dite.  Id\u00e9ale  pour favoriser  le  travail  collaboratif  et  la  cr\u00e9ativit\u00e9,  la  Table  Interactive  Toshiba  est  une solution  innovante  et  conviviale,  parfaite  pour  dynamiser  vos  r\u00e9unions  de  travail  ou animer de fa\u00e7on originale un point  d\u2019attente.<\/p>\n<p>Vous pourrez partager, \u00e9changer et visualiser \u00e0 plusieurs de fa\u00e7on ludique des  photos, vid\u00e9os, des jeux, des documents professionnels et m\u00eame surfer sur internet.<\/p>\n<ul class=\"liste\">\n<li>Design Lounge avec ses rubans LED couleurs programmables<br \/>\n(contr\u00f4le par IPhone en WIFI possible)<\/li>\n<li>Dalle tactile 42 pouces 10 points de contact<\/li>\n<li>verre extra-clair tremp\u00e9, \u00e9paisseur  6 mm, bords rod\u00e9s mat, 4 coins arrondis<\/li>\n<li>prise USB 3 disponible<\/li>\n<li>Lecteur de carte m\u00e9moire 25 formats pour partager ses photos<\/li>\n<li>Prise 220 V pour recharger son portable<\/li>\n<li>Mat\u00e9riau MDF qui ne se fend pas et r\u00e9siste au feu<\/li>\n<\/ul>\n<p>La partie sup\u00e9rieure de la table interactive est s\u00e9curis\u00e9e et r\u00e9sistante aux \u00e9claboussures par le positionnement d\u2019un plateau en verre.<\/p>\n<p><\/div><div class='grid_6 '><br \/>\n<a href=\"https:\/\/www.dymension.fr\/wp-content\/uploads\/table-basse-tactile-toitt-42.jpg\"><img decoding=\"async\" class=\"cadre_photo\" alt=\"Table basse tactile ToITT-42\" src=\"https:\/\/www.dymension.fr\/wp-content\/uploads\/table-basse-tactile-toitt-42.jpg\" width=\"90%\" \/><\/a><br \/>\n<\/div><div class='grid_12 '><\/p>\n<h2 class=\"titre left\"><\/h2>\n<h2 class=\"titre left\"><span class=\"titre_fond_rouge\">Caract\u00e9ristiques techniques<\/span><\/h2>\n<p><\/div><div class='grid_6 '><\/p>\n<ul class=\"liste\">\n<li>\u00c9cran 42 pouces (107 cm)<\/li>\n<li>10 points de contact simultan\u00e9s<\/li>\n<li>Temps de r\u00e9ponse : 12 ms<\/li>\n<li>R\u00e9solution : 1920 x 1080 (Full HD)<\/li>\n<li>Balayage : 100\/120Hz<\/li>\n<li>Nombre de couleurs (Hue) : 1,07 Milliards<\/li>\n<li>Luminosit\u00e9 : 700cd\/m2<\/li>\n<li>Angle de vision : 178\u00b0<\/li>\n<li>Technologie tactile : capacitif projet\u00e9<\/li>\n<\/ul>\n<p><\/div><div class='grid_6 '><\/p>\n<ul class=\"liste\">\n<li>CPU : Intel Core i5<\/li>\n<li>Disque Dur : SSD 128Go<\/li>\n<li>M\u00e9moire Ram : 8GB<\/li>\n<li>Sans fil : Wifi (norme 802,11n) + Bluetooth<\/li>\n<li>Dimensions : 1260 x 630 x 420 mm, 74 Kg<\/li>\n<\/ul>\n<p><\/div><br \/>\n<div class='grid_12 '><\/div><\/p>\n<p style=\"text-align: justify;\">\n<div style=\"clear:both;\"><\/div>\n<div class=\"callto_blog\" style=\"margin-top: 40px;\">\n<div class=\"baseline_position\"><a style=\"display: block; height: 50px; width: 100%; margin: auto; text-align: center; padding-top: 20px; z-index: 2;\" href=\"http:\/\/dymension.fr\/contact\">Contactez nous pour plus d&#8217;informations &gt;&gt;&gt; <img loading=\"lazy\" decoding=\"async\" class=\"hide-phone baseline_bubble\" alt=\"\" src=\"http:\/\/dymension.fr\/wp-content\/uploads\/2012\/06\/bubble.png\" width=\"74\" height=\"68\" \/><\/a><\/div>\n<div class=\"baseline_position\"><\/div>\n<div class=\"baseline_position\"><\/div>\n<\/div>\n","protected":false},"excerpt":{"rendered":"<p>Contactez nous pour plus d&#8217;informations &gt;&gt;&gt;<\/p>\n","protected":false},"author":2,"featured_media":3502,"parent":6826,"menu_order":0,"comment_status":"open","ping_status":"open","template":"","meta":{"_locale":"en_US","_original_post":"http:\/\/www.dymension.fr\/?page_id=3493","footnotes":""},"class_list":["post-6917","page","type-page","status-publish","has-post-thumbnail","hentry","en-US"],"_links":{"self":[{"href":"https:\/\/www.dymension.fr\/wp-json\/wp\/v2\/pages\/6917","targetHints":{"allow":["GET"]}}],"collection":[{"href":"https:\/\/www.dymension.fr\/wp-json\/wp\/v2\/pages"}],"about":[{"href":"https:\/\/www.dymension.fr\/wp-json\/wp\/v2\/types\/page"}],"author":[{"embeddable":true,"href":"https:\/\/www.dymension.fr\/wp-json\/wp\/v2\/users\/2"}],"replies":[{"embeddable":true,"href":"https:\/\/www.dymension.fr\/wp-json\/wp\/v2\/comments?post=6917"}],"version-history":[{"count":1,"href":"https:\/\/www.dymension.fr\/wp-json\/wp\/v2\/pages\/6917\/revisions"}],"predecessor-version":[{"id":6919,"href":"https:\/\/www.dymension.fr\/wp-json\/wp\/v2\/pages\/6917\/revisions\/6919"}],"up":[{"embeddable":true,"href":"https:\/\/www.dymension.fr\/wp-json\/wp\/v2\/pages\/6826"}],"wp:featuredmedia":[{"embeddable":true,"href":"https:\/\/www.dymension.fr\/wp-json\/wp\/v2\/media\/3502"}],"wp:attachment":[{"href":"https:\/\/www.dymension.fr\/wp-json\/wp\/v2\/media?parent=6917"}],"curies":[{"name":"wp","href":"https:\/\/api.w.org\/{rel}","templated":true}]}}