{"id":6873,"date":"2023-11-03T11:41:02","date_gmt":"2023-11-03T10:41:02","guid":{"rendered":"https:\/\/www.dymension.fr\/?page_id=6873"},"modified":"2023-11-03T11:41:02","modified_gmt":"2023-11-03T10:41:02","slug":"kioskinfo","status":"publish","type":"page","link":"https:\/\/www.dymension.fr\/en\/home\/application-tactile\/applications-table-tactile\/kioskinfo\/","title":{"rendered":"KioskInfo : Hotels, city hall, display your informations"},"content":{"rendered":"<div class='grid_12 '>\n<p class=\"intro\">kioskInfo est une agr\u00e9gation d&#8217;applications permettant d&#8217;offrir \u00e0 vos visiteurs tous les types d&#8217;informations recherch\u00e9s..<\/p>\n<h2 class=\"titre left\"><span class=\"titre_fond_rouge\">KioskInfo : Plusieurs application en une<\/span><\/h2>\n<p><\/div><br \/>\n<div class='grid_7 '><\/p>\n<p class=\"p_content\">KioskInfo est une application permettant d&#8217;offrir \u00e0 vos visiteurs plusieurs niveaux et diff\u00e9rents type d&#8217;information.<\/p>\n<p><p class=\"p_content\">Vous pouvez ainsi proposer \u00e0 vos visiteur :<\/p>\n<ul>\n<li>Une ou plusieurs cartes interactives<\/li>\n<li>Un catalogue de vos services<\/li>\n<li>Des galeries d&#8217;images<\/li>\n<li>Un outil de lecture de documents PDF<\/li>\n<li>Une page M\u00e9t\u00e9o<\/li>\n<li>Une page Horoscope<\/li>\n<li>Une navigation s\u00e9curis\u00e9e dans un site web utile, comme la r\u00e9servation d&#8217;un taxi, d&#8217;un train, etc.<\/li>\n<\/ul>\n<p><\/div><div class='grid_5 '><\/p>\n<div style=\"border: solid 5px white; box-shadow: 3px 5px 12px; margin-left: 5px; width: 95%;\"><iframe loading=\"lazy\" src=\"http:\/\/player.vimeo.com\/video\/268005853?title=0&amp;byline=0&amp;portrait=0&amp;autoplay=1\" height=\"300\" width=\"100%\" allowfullscreen=\"\" frameborder=\"0\"><\/iframe><\/div>\n<p><\/div><\/p>\n<div style=\"clear:both;\"><\/div>\n<div class='grid_12 '><\/p>\n<h2 class=\"titre left\"><span class=\"titre_fond_rouge\">Visuels<\/span><\/h2>\n<p><\/div>\n<div style=\"clear:both;\"><\/div>\n<p><div class='grid_4 '><br \/>\n<a href=\"https:\/\/www.dymension.fr\/wp-content\/uploads\/Hotely-resto.jpg\"><img decoding=\"async\" src=\"https:\/\/www.dymension.fr\/wp-content\/uploads\/Hotely-resto-600x338.jpg\" alt=\"PDF tactile\" width=\"90%\" class=\"cadre_photo_black\" \/><\/a><br \/>\n<\/div><div class='grid_4 '><br \/>\n<a href=\"https:\/\/www.dymension.fr\/wp-content\/uploads\/hotely-17.jpg\"><img decoding=\"async\" src=\"https:\/\/www.dymension.fr\/wp-content\/uploads\/hotely-17-600x338.jpg\" alt=\"PDF tactile\" width=\"90%\" class=\"cadre_photo_black\"  \/><\/a><br \/>\n<\/div><div class='grid_4 '><br \/>\n<a href=\"https:\/\/www.dymension.fr\/wp-content\/uploads\/hotely-montagne_int.jpg\"><img decoding=\"async\" src=\"https:\/\/www.dymension.fr\/wp-content\/uploads\/hotely-montagne_int-600x338.jpg\" alt=\"PDF tactile\" width=\"90%\" class=\"cadre_photo_black\"   \/><\/a><br \/>\n<\/div><div class='grid_4 '><br \/>\n<a href=\"https:\/\/www.dymension.fr\/wp-content\/uploads\/hotely-resto_int2.jpg\"><img decoding=\"async\" src=\"https:\/\/www.dymension.fr\/wp-content\/uploads\/hotely-resto_int2-600x338.jpg\" alt=\"PDF tactile\" width=\"90%\" class=\"cadre_photo_black\"   \/><\/a><br \/>\n<\/div><div class='grid_4 '><br \/>\n<a href=\"https:\/\/www.dymension.fr\/wp-content\/uploads\/hotely-05.jpg\"><img decoding=\"async\" src=\"https:\/\/www.dymension.fr\/wp-content\/uploads\/hotely-05-600x338.jpg\" alt=\"PDF tactile\" width=\"90%\" class=\"cadre_photo_black\" \/><\/a><br \/>\n<\/div><div class='grid_4 '><br \/>\n<a href=\"https:\/\/www.dymension.fr\/wp-content\/uploads\/image03.jpg\"><img decoding=\"async\" src=\"https:\/\/www.dymension.fr\/wp-content\/uploads\/image03-600x338.jpg\" alt=\"PDF tactile\" width=\"90%\" class=\"cadre_photo_black\"\/><\/a><br \/>\n<\/div><\/p>\n<div style=\"clear:both;\"><\/div>\n<div class='grid_12 '>\n<h2 class=\"titre left\"><span class=\"titre_fond_rouge\">Exemples d&#8217;utilisation<\/span><\/h2>\n<p><span class=\"p_content\">Voici des exemples d&#8217;applications de cette application :<\/span><\/div><br \/>\n<div class='grid_4 '><\/p>\n<p class=\"exemple_type\">En h\u00f4tel<\/p>\n<p style=\"text-align:justify\">pr\u00e9sentez les services de l&#8217;h\u00f4tel, les menus des restaurants, les activit\u00e9s alentour. proposez de r\u00e9server un taxi, un train, un avion, via une navigation s\u00e9curis\u00e9e.<\/p>\n<p><\/div><div class='grid_4 '><\/p>\n<p class=\"exemple_type\">En mairie<\/p>\n<p style=\"text-align:justify\">Sur borne tactile ou en vitrine interactive, l&#8217;application permettra de diffuser votre affichage l\u00e9gal par documents PDF, et une carte interactive de votre agglom\u00e9ration avec les points ou sites importants.<\/p>\n<p><\/div><div class='grid_4 '><\/p>\n<p class=\"exemple_type\">En centre commercial, gare, a\u00e9roport <\/p>\n<p style=\"text-align:justify\">Les visiteurs pourront s\u2019en servir comme d\u2019une borne d\u2019information, leur permettant de trouver : des plans, des num\u00e9ros de t\u00e9l\u00e9phone, la liste des \u00e9quipes \u00e0 leur disposition, des informations marketing.<\/p>\n<p><\/div><\/p>\n<p><!-- MANAGER --><br \/>\n<center><a class=\"modern\" style=\"width: 400px;height:60px; text-align: center; color: #fff; text-transform: uppercase; font-weight: bold; padding: 10px; bottom: 10px;line-height:60px;font-size:18px\" href=\"\/downloads\/\">Tester kioskInfo<\/a><\/center><\/p>\n<div class=\"callto_blog\" style=\"margin-top: 40px;\">\n<div class=\"baseline_position\"><a class=\"bouton_blog_rouge\" href=\"http:\/\/dymension.fr\/contact\">Contactez-nous pour plus d&#8217;information &gt;&gt;&gt; <img loading=\"lazy\" decoding=\"async\" class=\"hide-phone baseline_bubble\" alt=\"\" src=\"http:\/\/dymension.fr\/wp-content\/uploads\/2012\/06\/bubble.png\" width=\"74\" height=\"68\" \/><\/a><\/div>\n<\/div>\n","protected":false},"excerpt":{"rendered":"<p>Tester kioskInfo Contactez-nous pour plus d&#8217;information &gt;&gt;&gt;<\/p>\n","protected":false},"author":2,"featured_media":6112,"parent":6751,"menu_order":13,"comment_status":"open","ping_status":"open","template":"","meta":{"_locale":"en_US","_original_post":"http:\/\/www.dymension.fr\/?page_id=6102","footnotes":""},"class_list":["post-6873","page","type-page","status-publish","has-post-thumbnail","hentry","en-US"],"_links":{"self":[{"href":"https:\/\/www.dymension.fr\/wp-json\/wp\/v2\/pages\/6873","targetHints":{"allow":["GET"]}}],"collection":[{"href":"https:\/\/www.dymension.fr\/wp-json\/wp\/v2\/pages"}],"about":[{"href":"https:\/\/www.dymension.fr\/wp-json\/wp\/v2\/types\/page"}],"author":[{"embeddable":true,"href":"https:\/\/www.dymension.fr\/wp-json\/wp\/v2\/users\/2"}],"replies":[{"embeddable":true,"href":"https:\/\/www.dymension.fr\/wp-json\/wp\/v2\/comments?post=6873"}],"version-history":[{"count":1,"href":"https:\/\/www.dymension.fr\/wp-json\/wp\/v2\/pages\/6873\/revisions"}],"predecessor-version":[{"id":6875,"href":"https:\/\/www.dymension.fr\/wp-json\/wp\/v2\/pages\/6873\/revisions\/6875"}],"up":[{"embeddable":true,"href":"https:\/\/www.dymension.fr\/wp-json\/wp\/v2\/pages\/6751"}],"wp:featuredmedia":[{"embeddable":true,"href":"https:\/\/www.dymension.fr\/wp-json\/wp\/v2\/media\/6112"}],"wp:attachment":[{"href":"https:\/\/www.dymension.fr\/wp-json\/wp\/v2\/media?parent=6873"}],"curies":[{"name":"wp","href":"https:\/\/api.w.org\/{rel}","templated":true}]}}