{"id":6848,"date":"2023-11-03T01:46:41","date_gmt":"2023-11-03T00:46:41","guid":{"rendered":"https:\/\/www.dymension.fr\/?page_id=6848"},"modified":"2023-11-03T01:46:41","modified_gmt":"2023-11-03T00:46:41","slug":"nos-tables-interactives-enfants","status":"publish","type":"page","link":"https:\/\/www.dymension.fr\/en\/home\/produits\/nos-tables-interactives\/nos-tables-interactives-enfants\/","title":{"rendered":"Touch tables for kids"},"content":{"rendered":"<style>\nbody { background-image: none; background-color: rgba(250, 250, 250, 1); }\n.titre_fond_rouge, .titre_fond_left { background-image:none; background-color: rgba(250, 250, 250, 1); }\n<\/style>\n<p class=\"intro\">Dymension propose diverses tables tactiles \u00e0 ses clients, dont plusieurs mod\u00e8les de tables pour enfants. Ces tables tactiles peuvent \u00eatre destin\u00e9es \u00e0 un usage purement ludique (lieu d&#8217;attente, ludoth\u00e8ques, m\u00e9diath\u00e8ques) ou \u00e0 un usage ludo-\u00e9ducatif, avec les applications tactiles ad\u00e9quates.<br \/>\nCes tables ont \u00e9t\u00e9 s\u00e9lectionn\u00e9es pour leur design appropri\u00e9 au monde des enfants et les mati\u00e8res et arr\u00eates douces ou arrondies pour \u00e9viter tout accident.<\/p>\n<h2 class=\"titre left\"><span class=\"titre_fond_rouge\">Nos tables tactiles pour enfants<\/span><\/h2>\n<div id=\"columns\">\n<a href=\"#\" class=\"nodeco broken_link\"><bloc_produit><img decoding=\"async\" src=\"https:\/\/www.dymension.fr\/wp-content\/uploads\/Wavy-600x461.jpg\" alt=\"\"\/><prodcaption class=\"sous-titre-app\">Table enfant WAVY<\/prodcaption><span class=\"prix\">3 700 &euro;HT *<\/span><\/bloc_produit><\/a><br \/>\n<a href=\"#\" class=\"nodeco half nolink broken_link\" style=\"break-after:column\"><bloc_produit><img decoding=\"async\" src=\"https:\/\/www.dymension.fr\/wp-content\/uploads\/coolKidz-300x200.jpg\" alt=\"\"><prodcaption class=\"sous-titre-app\">Table enfant Cool Kidz<\/prodcaption><span class=\"prix\">1 500 &euro;HT *<\/span><\/bloc_produit><\/a><br \/>\n<a href=\"#\" class=\"nodeco nolink half broken_link\"><bloc_produit><img decoding=\"async\" src=\"https:\/\/www.dymension.fr\/wp-content\/uploads\/akid-300x200.jpg\" alt=\"\"><prodcaption class=\"sous-titre-app\">Table enfant  AKIDZ<\/prodcaption><span class=\"prix\">1 900 &euro;HT *<\/span><\/bloc_produit><\/a><br \/>\n<a href=\"#\" class=\"nodeco nolink broken_link\"><bloc_produit><img decoding=\"async\" src=\"https:\/\/www.dymension.fr\/wp-content\/uploads\/BigKIDZ32-600x400.jpg\" alt=\"\"><prodcaption class=\"sous-titre-app\">Table enfant BigKids<\/prodcaption><span class=\"prix\">3 900 &euro;HT *<\/span><\/bloc_produit><\/a><br \/>\n<a href=\"#\" class=\"nodeco nolink  broken_link\"><bloc_produit><img decoding=\"async\" src=\"https:\/\/www.dymension.fr\/wp-content\/uploads\/clea-1-600x400.jpg\" alt=\"\"><prodcaption class=\"sous-titre-app\">Table enfant  KL\u00c9A<\/prodcaption><span class=\"prix\">4 500 &euro;HT *<\/span><\/bloc_produit><\/a><br \/>\n<a href=\"#\" class=\"nodeco half nolink broken_link\" style=\"break-after:column\"><bloc_produit><img decoding=\"async\" src=\"https:\/\/www.dymension.fr\/wp-content\/uploads\/k-kid03-300x200.jpg\" alt=\"\"><prodcaption class=\"sous-titre-app\">Table enfant Kwik<\/prodcaption><span class=\"prix\">3 800 &euro;HT *<\/span><\/bloc_produit><\/a><br \/>\n<a href=\"#\" class=\"nodeco half nolink  broken_link\"><bloc_produit><img decoding=\"async\" src=\"https:\/\/www.dymension.fr\/wp-content\/uploads\/activtable-300x200.jpg\" alt=\"\"><prodcaption class=\"sous-titre-app\">Table enfant Activ&#8217;Table<\/prodcaption><span class=\"prix\">7 200 &euro;HT *<\/span><\/bloc_produit><\/a><br \/>\n<a href=\"#\" class=\"nodeco half nolink broken_link\" style=\"break-after:column\"><bloc_produit><img decoding=\"async\" src=\"https:\/\/www.dymension.fr\/wp-content\/uploads\/kdi-300x200.jpg\" alt=\"\"><prodcaption class=\"sous-titre-app\">Table enfant KDI<\/prodcaption><span class=\"prix\">2 800 &euro;HT *<\/span><\/bloc_produit><\/a><br \/>\n<a href=\"#\" class=\"nodeco half nolink broken_link\" style=\"break-after:column\"><bloc_produit><img decoding=\"async\" src=\"https:\/\/www.dymension.fr\/wp-content\/uploads\/ludiPlay-300x200.jpg\" alt=\"\"><prodcaption class=\"sous-titre-app\">Table enfant LudiPLay<\/prodcaption><span class=\"prix\">3 600 &euro;HT *<\/span><\/bloc_produit><\/a><br \/>\n<a href=\"#\" class=\"nodeco nolink broken_link\" style=\"break-after:column\"><bloc_produit><img decoding=\"async\" src=\"https:\/\/www.dymension.fr\/wp-content\/uploads\/softKid02-600x425.jpg\" alt=\"\"><prodcaption class=\"sous-titre-app\">Table enfant SoftKid<\/prodcaption><span class=\"prix\">4 600 &euro;HT *<\/span><\/bloc_produit><\/a><\/p>\n<\/div>\n<p><span style=\"font-style:italic\">* Prix indicatifs non contractuels, pour une taille d&#8217;\u00e9cran de 22&#8243; ou 32&#8243; (parfois 42&#8243;), et pouvant \u00e9voluer dans le temps.<br \/>\nSeuls les prix sur devis (valable 3 mois) font foi.<\/span><\/p>\n<hr>\n<div class='grid_12 '><\/p>\n<p class=\"intro\">Pour accompagner ces tables, nous proposons 3 packs de jeux au choix :<\/p>\n<div class=\"colorCyan categorie\">JEUX Pack A<\/div>\n<p>31 jeux multi-joueurs pour enfants<br \/>\n<img loading=\"lazy\" decoding=\"async\" src=\"https:\/\/www.dymension.fr\/wp-content\/uploads\/airHockey-300x170.jpg\" alt=\"airhockey\" width=\"300\" height=\"170\" class=\"cadre_photo_black\" \/> <img loading=\"lazy\" decoding=\"async\" src=\"https:\/\/www.dymension.fr\/wp-content\/uploads\/Bullseye2-2-300x168.jpg\" alt=\"bullseye\" width=\"300\" height=\"168\" class=\"cadre_photo_black\" \/> <img loading=\"lazy\" decoding=\"async\" src=\"https:\/\/www.dymension.fr\/wp-content\/uploads\/cards-300x169.jpg\" alt=\"cards\" width=\"300\" height=\"169\" class=\"cadre_photo_black\" \/><br \/>\n<strong>840 &euro;HT<\/strong><\/p>\n<div class=\"colorYel categorie\">JEUX Pack B<\/div>\n<p>Une grande s\u00e9rie de jeux (mono-joueur) et d&#8217;exercices \u00e9ducatifs pour enfants, des dessins anim\u00e9s, des jeux cr\u00e9atifs<br \/>\n<a href=\"https:\/\/www.dymension.fr\/wp-content\/uploads\/Sans-titre-5.jpg\"><img loading=\"lazy\" decoding=\"async\" src=\"https:\/\/www.dymension.fr\/wp-content\/uploads\/Sans-titre-5-300x169.jpg\" alt=\"jeu tactile enfant plateau\" width=\"300\" height=\"169\" class=\"cadre_photo_black\" \/><\/a>  <a href=\"https:\/\/www.dymension.fr\/wp-content\/uploads\/Sans-titre-4.jpg\"><img loading=\"lazy\" decoding=\"async\" src=\"https:\/\/www.dymension.fr\/wp-content\/uploads\/Sans-titre-4-300x169.jpg\" alt=\"jeu tactile enfant\" width=\"300\" height=\"169\" class=\"cadre_photo_black\" \/><\/a>  <a href=\"https:\/\/www.dymension.fr\/wp-content\/uploads\/Sans-titre-3.jpg\"><img loading=\"lazy\" decoding=\"async\" src=\"https:\/\/www.dymension.fr\/wp-content\/uploads\/Sans-titre-3-300x169.jpg\" alt=\"jeu tactile enfant accueil\" width=\"300\" height=\"169\" class=\"cadre_photo_black\" \/><\/a><\/p>\n<p><strong>240 &euro;HT<\/strong><\/p>\n<div class=\"colorBlue categorie\">JEUX Pack C<\/div>\n<p>2 jeux multi-joueurs pour enfants<\/p>\n<p><img loading=\"lazy\" decoding=\"async\" src=\"https:\/\/www.dymension.fr\/wp-content\/uploads\/halliGalli-300x169.png\" alt=\"halligalli\" width=\"300\" height=\"169\" class=\"cadre_photo_black\" \/> <img loading=\"lazy\" decoding=\"async\" src=\"https:\/\/www.dymension.fr\/wp-content\/uploads\/halliClack01-300x169.jpg\" alt=\"halliclack\" width=\"300\" height=\"169\" class=\"cadre_photo_black\" \/><\/p>\n<p><strong>99 &euro;HT<\/strong><\/p>\n<p><\/div>\n<hr>\n<p>[include-page id=&#8221;\/produits\/&#8221;]<\/p>\n","protected":false},"excerpt":{"rendered":"<p>Dymension propose diverses tables tactiles \u00e0 ses clients, dont plusieurs mod\u00e8les de tables pour enfants. Ces tables tactiles peuvent \u00eatre destin\u00e9es \u00e0 un usage purement ludique (lieu d&#8217;attente, ludoth\u00e8ques, m\u00e9diath\u00e8ques) ou \u00e0 un usage ludo-\u00e9ducatif, avec les applications tactiles ad\u00e9quates. Ces tables ont \u00e9t\u00e9 s\u00e9lectionn\u00e9es pour leur design appropri\u00e9 au monde des enfants et les [&hellip;]<\/p>\n","protected":false},"author":2,"featured_media":3268,"parent":6807,"menu_order":4,"comment_status":"open","ping_status":"open","template":"","meta":{"_locale":"en_US","_original_post":"http:\/\/www.dymension.fr\/?page_id=4581","footnotes":""},"class_list":["post-6848","page","type-page","status-publish","has-post-thumbnail","hentry","en-US"],"_links":{"self":[{"href":"https:\/\/www.dymension.fr\/wp-json\/wp\/v2\/pages\/6848","targetHints":{"allow":["GET"]}}],"collection":[{"href":"https:\/\/www.dymension.fr\/wp-json\/wp\/v2\/pages"}],"about":[{"href":"https:\/\/www.dymension.fr\/wp-json\/wp\/v2\/types\/page"}],"author":[{"embeddable":true,"href":"https:\/\/www.dymension.fr\/wp-json\/wp\/v2\/users\/2"}],"replies":[{"embeddable":true,"href":"https:\/\/www.dymension.fr\/wp-json\/wp\/v2\/comments?post=6848"}],"version-history":[{"count":1,"href":"https:\/\/www.dymension.fr\/wp-json\/wp\/v2\/pages\/6848\/revisions"}],"predecessor-version":[{"id":6850,"href":"https:\/\/www.dymension.fr\/wp-json\/wp\/v2\/pages\/6848\/revisions\/6850"}],"up":[{"embeddable":true,"href":"https:\/\/www.dymension.fr\/wp-json\/wp\/v2\/pages\/6807"}],"wp:featuredmedia":[{"embeddable":true,"href":"https:\/\/www.dymension.fr\/wp-json\/wp\/v2\/media\/3268"}],"wp:attachment":[{"href":"https:\/\/www.dymension.fr\/wp-json\/wp\/v2\/media?parent=6848"}],"curies":[{"name":"wp","href":"https:\/\/api.w.org\/{rel}","templated":true}]}}