{"id":6835,"date":"2023-11-03T01:42:38","date_gmt":"2023-11-03T00:42:38","guid":{"rendered":"https:\/\/www.dymension.fr\/?page_id=6835"},"modified":"2023-11-03T01:42:38","modified_gmt":"2023-11-03T00:42:38","slug":"nos-tables-tactiles-pmr","status":"publish","type":"page","link":"https:\/\/www.dymension.fr\/en\/home\/produits\/nos-tables-interactives\/nos-tables-tactiles-pmr\/","title":{"rendered":"Our touch tables for disabled"},"content":{"rendered":"<style>\n.short_margin { margin-left:5px; margin-right:5px;margin-bottom:20px}\n.grid_3 { padding-left:5px;padding-right:5px; }\n<\/style>\n<p class=\"intro\">Vous trouverez ci-dessous les tables tactiles accessibles aux handicap\u00e9s et PMR pour vos lieux d&#8217;accueil, d&#8217;exposition ou d&#8217;\u00e9v\u00e9nement.<\/p>\n<h2 class=\"titre left\"><span class=\"titre_fond_rouge\">Nos tables tactiles PMR<\/span><\/h2>\n<div class='grid_4 short_margin'><br \/>\n<a href='https:\/\/www.dymension.fr\/produits\/tables-tactiles\/itekube-evamultitouch-46\/' class='nodeco'><\/p>\n<div class=\"app_box\">\n<img decoding=\"async\" src=\"https:\/\/www.dymension.fr\/wp-content\/uploads\/tables-tactiles-pmr-600x400.jpg\" alt=\"tables tactiles PMR\"class=\"cadre_photo\" width=\"95%\"\/><\/p>\n<h4 class=\"sous-titre-app\">1- Tables Tactiles PMR Tkube<\/h4>\n<\/div>\n<p><\/a><br \/>\n<\/div>\n<hr>\n<p>[include-page id=&#8221;\/produits\/nos-tables-interactives&#8221;]<\/p>\n","protected":false},"excerpt":{"rendered":"<p>Vous trouverez ci-dessous les tables tactiles accessibles aux handicap\u00e9s et PMR pour vos lieux d&#8217;accueil, d&#8217;exposition ou d&#8217;\u00e9v\u00e9nement. Nos tables tactiles PMR [include-page id=&#8221;\/produits\/nos-tables-interactives&#8221;]<\/p>\n","protected":false},"author":2,"featured_media":4881,"parent":6807,"menu_order":0,"comment_status":"open","ping_status":"closed","template":"","meta":{"_locale":"en_US","_original_post":"http:\/\/www.dymension.fr\/?page_id=4579","footnotes":""},"class_list":["post-6835","page","type-page","status-publish","has-post-thumbnail","hentry","en-US"],"_links":{"self":[{"href":"https:\/\/www.dymension.fr\/wp-json\/wp\/v2\/pages\/6835","targetHints":{"allow":["GET"]}}],"collection":[{"href":"https:\/\/www.dymension.fr\/wp-json\/wp\/v2\/pages"}],"about":[{"href":"https:\/\/www.dymension.fr\/wp-json\/wp\/v2\/types\/page"}],"author":[{"embeddable":true,"href":"https:\/\/www.dymension.fr\/wp-json\/wp\/v2\/users\/2"}],"replies":[{"embeddable":true,"href":"https:\/\/www.dymension.fr\/wp-json\/wp\/v2\/comments?post=6835"}],"version-history":[{"count":1,"href":"https:\/\/www.dymension.fr\/wp-json\/wp\/v2\/pages\/6835\/revisions"}],"predecessor-version":[{"id":6837,"href":"https:\/\/www.dymension.fr\/wp-json\/wp\/v2\/pages\/6835\/revisions\/6837"}],"up":[{"embeddable":true,"href":"https:\/\/www.dymension.fr\/wp-json\/wp\/v2\/pages\/6807"}],"wp:featuredmedia":[{"embeddable":true,"href":"https:\/\/www.dymension.fr\/wp-json\/wp\/v2\/media\/4881"}],"wp:attachment":[{"href":"https:\/\/www.dymension.fr\/wp-json\/wp\/v2\/media?parent=6835"}],"curies":[{"name":"wp","href":"https:\/\/api.w.org\/{rel}","templated":true}]}}