{"id":6829,"date":"2023-11-03T01:39:07","date_gmt":"2023-11-03T00:39:07","guid":{"rendered":"https:\/\/www.dymension.fr\/?page_id=6829"},"modified":"2023-11-03T01:39:07","modified_gmt":"2023-11-03T00:39:07","slug":"vitrine-tactile","status":"publish","type":"page","link":"https:\/\/www.dymension.fr\/en\/home\/produits\/vitrine-tactile\/","title":{"rendered":"Interactive storefront"},"content":{"rendered":"<div class='grid_12 '><\/p>\n<h1 class=\"intro\">Interactive storefronts are touch screens placed behind your storefronts and usable from the street. They allow onlooker to explore your offer without entering your store &#8211; very usefull at closed times.<\/h1>\n<p><\/div>\n<div style=\"clear:both;\"><\/div>\n<div class='grid_12 '><\/p>\n<h1 class=\"titre left\"><span class=\"titre_fond_rouge\">Les vitrines tactiles<\/span><\/h1>\n<p><\/div>\n<div style=\"clear:both;\"><\/div>\n<div class='grid_7 '><\/p>\n<p class=\"p_content\">Les vitrines tactiles permettent de pr\u00e9senter l&#8217;int\u00e9gralit\u00e9 de votre offre \u00e0 vos visiteurs, en dehors des ouvertures du point de vente, ou pendant que vous \u00eates occup\u00e9s. Elles permettent \u00e9galement de toucher des visiteurs qui n&#8217;auraient pas os\u00e9 entrer dans votre point de vente, et d&#8217;\u00e9viter ainsi le frein \u00e0 l&#8217;entr\u00e9e li\u00e9 \u00e0 la crainte d&#8217;\u00eatre sollicit\u00e9 ou d&#8217;autres freins.<\/p>\n<p class=\"p_content\">Les vitrines interactives sont par exemple particuli\u00e8rement bien adapt\u00e9es pour d\u00e9couvrir des offres complexes en autonomie, comme en <strong>agence immobili\u00e8res, en agence de voyages, concessionnaire automobile<\/strong>, ou d&#8217;autres secteurs sp\u00e9cifiques.<\/p>\n<p class=\"p_content\">Les vitrines interactives sont aussi tr\u00e8s int\u00e9ressantes pour laisser les badauds d\u00e9couvrir vos services, et demander \u00e0 \u00eatre recontacter \u00e0 un moment o\u00f9 ils seront plus disponibles. En effet, ces vitrines interactives ne sont pas seulement un catalogue tactile, mais permettent \u00e0 l&#8217;utilisateur d&#8217;interagir, de saisir un email ou un t\u00e9l\u00e9phone de contact, voire de compl\u00e9ter des formulaires complets de demande de devis.<\/p>\n<p><\/div>\n<div class='grid_5 '><br \/>\n<a href=\"https:\/\/www.dymension.fr\/wp-content\/uploads\/vitrine_tactile_dysplay_site.jpg\"><img decoding=\"async\"  class=\"cadre_photo\" src=\"https:\/\/www.dymension.fr\/wp-content\/uploads\/vitrine_tactile_dysplay_site-600x400\" alt=\"vitrine tactile immobilier\" width=\"90%\"\/><\/a><\/p>\n<p><\/div>\n<div style=\"clear:both;\"><\/div>\n<div class='grid_12 '>\n<h1 class=\"titre left\"><span class=\"titre_fond_rouge\">Illustrations<\/span><\/h1>\n<p><\/div><br \/>\n<div class='grid_4 '><br \/>\n<a href=\"https:\/\/www.dymension.fr\/wp-content\/uploads\/vitrine-tactile-mode.jpg\"><img decoding=\"async\" class=\"cadre_photo\" src=\"https:\/\/www.dymension.fr\/wp-content\/uploads\/vitrine-tactile-mode.jpg\" alt=\"Vitrine tactile en agence\" width=\"90%\" \/><\/a><br \/>\n<\/div><div class='grid_4 '><br \/>\n<a href=\"https:\/\/www.dymension.fr\/wp-content\/uploads\/vitrine-tactile-immobilier.jpg\"><img decoding=\"async\" class=\"cadre_photo\" src=\"https:\/\/www.dymension.fr\/wp-content\/uploads\/vitrine-tactile-immobilier-600x400.jpg\" alt=\"Vitrine tactile immobilier\" width=\"90%\" \/><\/a><br \/>\n<\/div><div class='grid_4 '><br \/>\n<a href=\"https:\/\/www.dymension.fr\/wp-content\/uploads\/vitrine_tactile_dysplay2_site.jpg\"><img decoding=\"async\" class=\"cadre_photo\" src=\"https:\/\/www.dymension.fr\/wp-content\/uploads\/vitrine_tactile_dysplay2_site-600x401.jpg\" alt=\"Vitrine tactile boutique\" width=\"90%\" \/><\/a><br \/>\n<\/div><div class='grid_4 '><br \/>\n<a href=\"https:\/\/www.dymension.fr\/wp-content\/uploads\/application-tactile-agence-immobiliere-catalogue-dyspay.jpg\"><img decoding=\"async\" class=\"cadre_photo_black\" src=\"https:\/\/www.dymension.fr\/wp-content\/uploads\/application-tactile-agence-immobiliere-catalogue-dyspay-600x338.jpg\" alt=\"Vitrine tactile agence immobili\u00e8re\" width=\"90%\" \/><\/a><br \/>\n<\/div><div class='grid_4 '><br \/>\n<a href=\"https:\/\/www.dymension.fr\/wp-content\/uploads\/2013\/12\/6emeSens2.jpg\"><img decoding=\"async\" class=\"cadre_photo_black\" src=\"https:\/\/www.dymension.fr\/wp-content\/uploads\/2013\/12\/6emeSens2-1024x576.jpg\" alt=\"Vitrine tactile agence immobili\u00e8re cartographie\" width=\"90%\" \/><\/a><br \/>\n<\/div><div class='grid_4 '><br \/>\n<a href=\"https:\/\/www.dymension.fr\/wp-content\/uploads\/application-tactile-immobilier-vitrine-tactile-dysplay.jpg\"><img decoding=\"async\" class=\"cadre_photo_black\" src=\"https:\/\/www.dymension.fr\/wp-content\/uploads\/application-tactile-immobilier-vitrine-tactile-dysplay-600x337.jpg\" alt=\"Vitrine tactile agence immobili\u00e8re fiche produit\" width=\"90%\" \/><\/a><br \/>\n<\/div><div class='grid_4 '><br \/>\n<a href=\"https:\/\/www.dymension.fr\/wp-content\/uploads\/Sans-titre-9.jpg\"><img decoding=\"async\" class=\"cadre_photo_black\" width=\"90%\" src=\"https:\/\/www.dymension.fr\/wp-content\/uploads\/Sans-titre-9-600x338.jpg\" alt=\"\"  class=\"alignnone size-large wp-image-5935\" srcset=\"https:\/\/www.dymension.fr\/wp-content\/uploads\/Sans-titre-9-600x338.jpg 600w, https:\/\/www.dymension.fr\/wp-content\/uploads\/Sans-titre-9-300x169.jpg 300w, https:\/\/www.dymension.fr\/wp-content\/uploads\/Sans-titre-9-768x432.jpg 768w, https:\/\/www.dymension.fr\/wp-content\/uploads\/Sans-titre-9-100x56.jpg 100w, https:\/\/www.dymension.fr\/wp-content\/uploads\/Sans-titre-9-444x250.jpg 444w, https:\/\/www.dymension.fr\/wp-content\/uploads\/Sans-titre-9-500x281.jpg 500w, https:\/\/www.dymension.fr\/wp-content\/uploads\/Sans-titre-9.jpg 1920w\" sizes=\"(max-width: 600px) 100vw, 600px\" \/><\/a><\/div><\/p>\n<div style=\"clear:both;\"><\/div>\n<div class='grid_8 '>\n<h2 class=\"titre left\"><span class=\"titre_fond_rouge\">Pourquoi utiliser une vitrine tactile ?<\/span><\/h2>\n<p><div class='grid_1 '><img decoding=\"async\" title=\"Vitrines interactives pour captiver\" src=\"http:\/\/dymension.fr\/wp-content\/uploads\/2012\/10\/tables-interactives-pour-captiver.svg\" alt=\"\" width=\"100%\" \/><img decoding=\"async\" title=\"Tables interactives pour exposer\" src=\"http:\/\/dymension.fr\/wp-content\/uploads\/2012\/10\/table-exposer.svg\" alt=\"\" width=\"100%\" \/><\/div><div class='grid_1 '><img decoding=\"async\" title=\"Des tablettes tactiles en point de vente\" src=\"https:\/\/www.dymension.fr\/wp-content\/uploads\/2012\/10\/tablette-en-point-de-vente.svg\" alt=\"\"  width=\"100%\" \/><img decoding=\"async\" title=\"Vitrines interactives pour vendre plus\" src=\"http:\/\/dymension.fr\/wp-content\/uploads\/2012\/10\/table-vendre.svg\" alt=\"\"  width=\"100%\"  \/><\/div><div class='grid_5 '><\/p>\n<div style=\"text-align:justify\">Les vitrines interactives sont la solution id\u00e9ale pour animer la vitrine de votre agence et attirer la curiosit\u00e9 des passants. Gr\u00e2ce aux contenus interactifs pr\u00e9sentant vos produits, ceux-ci pourront d\u00e9couvrir l\u2019ensemble de votre catalogue, vous contacter en votre absence, ou participer \u00e0 des jeux concours.<\/div>\n<p><strong>Nous recommandons l&#8217;installation d&#8217;une vitrine tactile pour :<\/strong><\/p>\n<ul class=\"li_content\">\n<li>Equiper vos points de vente avec des <strong>catalogues num\u00e9riques et interactifs<\/strong><\/li>\n<li>Rendre votre offre accessible en boutique <strong>m\u00eame aux heures de fermeture<\/strong><\/li>\n<li>Proposer \u00e0 vos clients une <strong>nouvelle vitrine sur votre activit\u00e9<\/strong><\/li>\n<li>Recevoir des <strong>demandes d&#8217;informations qualifi\u00e9es<\/strong><\/li>\n<li>Offrir des <strong>services innovants et exclusifs<\/strong> dans vos points de vente<\/li>\n<li><strong> Analyser les comportements<\/strong> de vos visiteurs pour mieux comprendre leurs besoins<\/li>\n<li><strong>Animer<\/strong> votre offre par des jeux ou des concours en direct<\/li>\n<\/ul>\n<p><\/div><br \/>\n<\/div><div class='grid_4 '><\/p>\n<h1 class=\"titre left\"><span class=\"titre_fond_rouge\">Exemple d&#8217;utilisation de vitrines tactiles<\/span><\/h1>\n<p><\/12><br \/>\nCes vitrines sont particuli\u00e8rement recommand\u00e9es pour :<\/p>\n<ul class=\"li_content\">\n<li><strong>Des agences immobili\u00e8res<\/strong><\/li>\n<li><strong>Des agences de voyages<\/strong><\/li>\n<li><strong>Les concessions automobiles<\/strong><\/li>\n<li><strong>Les banques<\/strong><\/li>\n<li><strong>Des boutiques de luxe (mode)<\/strong><\/li>\n<li>Des boutiques aux produits complexes et multiples (t\u00e9l\u00e9phonie, opticiens&#8230;)<\/li>\n<\/ul>\n<p><\/div><\/p>\n<div style=\"clear:both;\"><\/div>\n<div class='grid_12 '><\/p>\n<h2 class=\"titre left\"><span class=\"titre_fond_rouge\">Fonctionnement d&#8217;une vitrine tactile<\/span><\/h2>\n<p><\/div>\n<div class='grid_7 '>\n<p class=\"p_content\">Les vitrines tactiles sont compos\u00e9es :<\/p>\n<ul class=\"li_content\">\n<li> D&#8217;un \u00e9cran professionnel 24\/7 de 42&#8243; ou 46&#8243; (de 700 ou 2 500 cd\/m\u00b2 selon les besoins &#8211; autre tailles disponibles)<\/li>\n<li> D&#8217;un support d&#8217;\u00e9cran<\/li>\n<li> D&#8217;un Film de tactilisation capacitif projet\u00e9 \u00e0 traitement anti UV, coll\u00e9 sur le verre (c\u00f4t\u00e9 int\u00e9rieur)<\/li>\n<li> Pour les vitrines en double vitrage, nous proposons un autre syst\u00e8me de d\u00e9tection des doigts par cam\u00e9ra IR<\/li>\n<li> D&#8217;un cadre d\u00e9coratif personnalisable \u00e0 l\u2019effigie de votre enseigne, masquant les composants \u00e9lectroniques du film coll\u00e9 \u00e0 l&#8217;ext\u00e9rieur<\/li>\n<li> D&#8217;un PC professionnel \u00e9quip\u00e9 de solutions tactiles pr\u00e9sentant vos offres.<\/li>\n<li> D&#8217;une solution interactive de pr\u00e9sentation de vos contenus administrable<\/li>\n<\/ul>\n<p class=\"p_content\">Les films tactiles sont pos\u00e9s par des professionnels exp\u00e9riment\u00e9s et d&#8217;un savoir-faire unique avec d\u00e9j\u00e0 220 installations en France (un film mal pos\u00e9 co\u00fbte tr\u00e8s cher). Nos \u00e9quipes se d\u00e9placent partout en France pour s&#8217;assurer que votre installation est impeccable.<\/p>\n<p><\/div><div class='grid_5 '><a href=\"https:\/\/www.dymension.fr\/wp-content\/uploads\/vitrine-tactile-schema.jpg\"><img decoding=\"async\" class=\"cadre_photo\" src=\"https:\/\/www.dymension.fr\/wp-content\/uploads\/vitrine-tactile-schema-600x493.jpg\" alt=\"vitrine tactile schema\" width=\"90%\" \/><\/a><\/div><\/p>\n<div style=\"clear:both;\"><\/div>\n<p><div class='grid_5 '><center><a href=\"https:\/\/www.dymension.fr\/wp-content\/uploads\/xTOUCH-Vitrine.jpg\"><img decoding=\"async\" class=\"cadre_photo\" src=\"https:\/\/www.dymension.fr\/wp-content\/uploads\/xTOUCH-Vitrine-486x600.jpg\" alt=\"Vitrine tactile double vitrage\" width=\"80%\" \/><\/a><\/center><\/div><div class='grid_7 '><\/p>\n<p class=\"p_content\">Nous proposons \u00e9galement des syst\u00e8mes innovant pour les vitrines compos\u00e9es d&#8217;un double vitrage.<\/p>\n<p class=\"p_content\">Ce syst\u00e8me tr\u00e8s innovant fonctionne sans pose d&#8217;un film tactile (inop\u00e9rant sur un double vitrage), mais \u00e0 l&#8217;aide d&#8217;une barre de d\u00e9tection compos\u00e9e de senseurs infrarouge qui d\u00e9tectent les doigts s&#8217;approchant de la vitrine (m\u00eame en plein soleil). Toucher, ou d\u00e9placer les \u00e9l\u00e9ments \u00e0 l&#8217;\u00e9cran devient aussi efficace qu&#8217;avec un film tactile.<\/p>\n<p><\/div><\/p>\n<div style=\"clear:both;\"><\/div>\n<div class='grid_12 '><\/p>\n<h2 class=\"titre left\"><span class=\"titre_fond_rouge\">Nos prestations<\/span><\/h2>\n<p>Nos installateurs sont qualifi\u00e9s pour poser les d\u00e9licats films tactiles et r\u00e9aliser toute l\u2019installation de la vitrine selon vos contraintes propres.<\/p>\n<p>Un contact pr\u00e9alable avec eux pour \u00e9tudier le site sera un pr\u00e9alable n\u00e9cessaire \u00e0 tout devis afin d\u2019\u00e9tudier la puissance lumineuse n\u00e9cessaire (selon votre exposition), si le verre de votre vitrine est compatible (simple vitrage non m\u00e9tallis\u00e9) et si d\u2019autres \u00e9l\u00e9ments peuvent imposer des sp\u00e9cificit\u00e9s dans l\u2019installation.<\/p>\n<p>La maintenance \u00e9tant faite par ces m\u00eames installateurs, ce sont eux qui d\u00e9cideront des sp\u00e9cificit\u00e9s de chaque installation.<\/p>\n<h3><span class=\"titre_fond\">Tarifs<\/h3>\n<p>Selon l\u2019installation, la taille et la luminosit\u00e9 de l\u2019\u00e9cran, l\u2019application tactile retenue (connect\u00e9e ou non \u00e0 vos propres administrations de contenu existantes), les tarifs peuvent \u00e9voluer<br \/>\n <strong>entre 7 500 et 11 500 \u20ac<\/strong><\/p>\n<p><\/div>\n<div style=\"clear:both;\"><\/div>\n<div class='grid_12 '><\/div>\n<div style=\"clear:both;\"><\/div>\n<div class=\"callto_blog\" style=\"margin-top: 40px;\">\n<div class=\"baseline_position\"><a style=\"display: block; height: 50px; width: 100%; margin: auto; text-align: center; padding-top: 20px; z-index: 2;\" href=\"https:\/\/www.dymension.fr\/en\/contact\">Contactez nous pour plus d&#8217;informations &gt;&gt;&gt; <img loading=\"lazy\" decoding=\"async\" class=\"hide-phone baseline_bubble\" src=\"https:\/\/www.dymension.fr\/wp-content\/uploads\/2012\/06\/bubble.png\" alt=\"\" width=\"74\" height=\"68\" \/><\/a><\/div>\n<div class=\"baseline_position\"><\/div>\n<\/div>\n","protected":false},"excerpt":{"rendered":"<p>Contactez nous pour plus d&#8217;informations &gt;&gt;&gt;<\/p>\n","protected":false},"author":2,"featured_media":3632,"parent":6804,"menu_order":0,"comment_status":"open","ping_status":"open","template":"","meta":{"_locale":"en_US","_original_post":"http:\/\/www.dymension.fr\/?page_id=3620","footnotes":""},"class_list":["post-6829","page","type-page","status-publish","has-post-thumbnail","hentry","en-US"],"_links":{"self":[{"href":"https:\/\/www.dymension.fr\/wp-json\/wp\/v2\/pages\/6829","targetHints":{"allow":["GET"]}}],"collection":[{"href":"https:\/\/www.dymension.fr\/wp-json\/wp\/v2\/pages"}],"about":[{"href":"https:\/\/www.dymension.fr\/wp-json\/wp\/v2\/types\/page"}],"author":[{"embeddable":true,"href":"https:\/\/www.dymension.fr\/wp-json\/wp\/v2\/users\/2"}],"replies":[{"embeddable":true,"href":"https:\/\/www.dymension.fr\/wp-json\/wp\/v2\/comments?post=6829"}],"version-history":[{"count":1,"href":"https:\/\/www.dymension.fr\/wp-json\/wp\/v2\/pages\/6829\/revisions"}],"predecessor-version":[{"id":6831,"href":"https:\/\/www.dymension.fr\/wp-json\/wp\/v2\/pages\/6829\/revisions\/6831"}],"up":[{"embeddable":true,"href":"https:\/\/www.dymension.fr\/wp-json\/wp\/v2\/pages\/6804"}],"wp:featuredmedia":[{"embeddable":true,"href":"https:\/\/www.dymension.fr\/wp-json\/wp\/v2\/media\/3632"}],"wp:attachment":[{"href":"https:\/\/www.dymension.fr\/wp-json\/wp\/v2\/media?parent=6829"}],"curies":[{"name":"wp","href":"https:\/\/api.w.org\/{rel}","templated":true}]}}