{"id":6823,"date":"2023-11-03T01:37:05","date_gmt":"2023-11-03T00:37:05","guid":{"rendered":"https:\/\/www.dymension.fr\/?page_id=6823"},"modified":"2023-11-03T01:37:05","modified_gmt":"2023-11-03T00:37:05","slug":"pupitres-tactiles","status":"publish","type":"page","link":"https:\/\/www.dymension.fr\/en\/home\/produits\/pupitres-tactiles\/","title":{"rendered":"Our touch kiosks"},"content":{"rendered":"<style>\nbody { background-image: none; background-color: rgba(250, 250, 250, 1); }\n.titre_fond_rouge, .titre_fond_left { background-image:none; background-color: rgba(250, 250, 250, 1); }\n<\/style>\n<p class=\"intro\">Dymension propose des pupitres tactiles (aussi appel\u00e9s kiosques tactiles ou bornes grands formats) \u00e0 ses clients afin de gagner en attractivit\u00e9 et en confort d&#8217;utilisation des solutions d\u00e9di\u00e9es \u00e0 vos m\u00e9tiers. Les pupitres sont diff\u00e9rents des tables en ce qu&#8217;ils sont \u00e9tudi\u00e9s pour une utilisation par un seul utilisateur (et non plusieurs simultan\u00e9ment comme le permettent les tables tactiles et leur mode de convivialit\u00e9). De ce fait, ils ont besoin de d\u00e9tecter moins de points de contacts et sont donc moins on\u00e9reux.<\/p>\n<h2 class=\"titre left\"><span class=\"titre_fond_rouge\">Nos pupitres tactiles<\/span><\/h2>\n<div id=\"columns\">\n<a href=\"#\" class=\"nodeco nolink broken_link\"><bloc_produit><img decoding=\"async\" src=\"https:\/\/www.dymension.fr\/wp-content\/uploads\/stb2-600x400.jpg\" alt=\"\"><prodcaption class=\"sous-titre-app\">Pupitre tactile HOME 42<\/prodcaption><span class=\"prix\">5 100 &euro;HT *<\/span><\/bloc_produit><\/a><\/p>\n<p><a href=\"#\" class=\"nodeco nolink half broken_link\"><bloc_produit><img decoding=\"async\" src=\"https:\/\/www.dymension.fr\/wp-content\/uploads\/STB1-300x200.jpg\" alt=\"\"><prodcaption class=\"sous-titre-app\">Pupitre tactile  STB<\/prodcaption><span class=\"prix\">4 200 &euro;HT *<\/span><\/bloc_produit><\/a><br \/>\n<a href='https:\/\/www.dymension.fr\/produits\/tables-tactiles\/tactile_elc\/' class='nodeco half'><bloc_produit><img decoding=\"async\" src=\"https:\/\/www.dymension.fr\/wp-content\/uploads\/ELC40-pupitre-600x400.jpg\" alt=\"\"><prodcaption class=\"sous-titre-app\">Pupitre tactile ELC 40<\/prodcaption><span class=\"prix\">7 800 &euro;HT *<\/span><\/bloc_produit><\/a><\/p>\n<p><a href=\"#\" class=\"nodeco nolink broken_link\"><bloc_produit><img decoding=\"async\" src=\"https:\/\/www.dymension.fr\/wp-content\/uploads\/yawin-600x400.jpg\" alt=\"\"><prodcaption class=\"sous-titre-app\">Pupitre tactile Yawin<\/prodcaption><span class=\"prix\">4 300 &euro;HT *<\/span><\/bloc_produit><\/a><\/p>\n<p><a href=\"#\" class=\"nodeco nolink half  broken_link\"><bloc_produit><img decoding=\"async\" src=\"https:\/\/www.dymension.fr\/wp-content\/uploads\/diskheo-300x200.jpg\" alt=\"\"><prodcaption class=\"sous-titre-app\">Pupitre tactile Diskheo outDoor<\/prodcaption><span class=\"prix\">9 850 &euro;HT *<\/span><\/bloc_produit><\/a><\/p>\n<p><a href=\"#\" class=\"nodeco nolink half broken_link\"><bloc_produit><img decoding=\"async\" src=\"https:\/\/www.dymension.fr\/wp-content\/uploads\/giant-600x400.jpg\" alt=\"\"\/><prodcaption class=\"sous-titre-app\">Pupitre tactile GIANT<\/prodcaption><span class=\"prix\">3 900 &euro;HT *<\/span><\/bloc_produit><\/a><\/p>\n<p><a href='https:\/\/www.dymension.fr\/produits\/tables-tactiles\/tactile_polyana\/' class='nodeco half '><bloc_produit><img decoding=\"async\" src=\"https:\/\/www.dymension.fr\/wp-content\/uploads\/polytablePMR-300x200.jpg\" alt=\"\"\/><prodcaption class=\"sous-titre-app\">Pupitre tactile Polykiosk<\/prodcaption><span class=\"prix\">5 900 &euro;HT *<\/span><\/bloc_produit><\/a><\/p>\n<p><a href=\"#\" class=\"nodeco nolink half broken_link\"><bloc_produit><img decoding=\"async\" src=\"https:\/\/www.dymension.fr\/wp-content\/uploads\/tech-300x200.jpg\" alt=\"\"><prodcaption class=\"sous-titre-app\">Pupitre tactile TECH<\/prodcaption><span class=\"prix\">5 300 &euro;HT *<\/span><\/bloc_produit><\/a><\/p>\n<p><a href=\"#\" class=\"nodeco nolink broken_link\"><bloc_produit><img decoding=\"async\" src=\"https:\/\/www.dymension.fr\/wp-content\/uploads\/sigma-600x400.jpg\" alt=\"\"><prodcaption class=\"sous-titre-app\">Pupitre tactile SIGMA<\/prodcaption><span class=\"prix\">3 600 &euro;HT *<\/span><\/bloc_produit><\/a><\/p>\n<p><a href='https:\/\/www.dymension.fr\/wp-content\/uploads\/janus.jpg' class='nodeco nolink half '><bloc_produit><img decoding=\"async\" src=\"https:\/\/www.dymension.fr\/wp-content\/uploads\/janus-600x400.jpg\" alt=\"\"><prodcaption class=\"sous-titre-app\">Pupitre tactile JANUS double \u00e9cran<\/prodcaption><span class=\"prix\">7 700 &euro;HT *<\/span><\/bloc_produit><\/a><br \/>\n<a href=\"#\" class=\"nodeco nolink half  broken_link\"><bloc_produit><img decoding=\"async\" src=\"https:\/\/www.dymension.fr\/wp-content\/uploads\/zyonup-300x200.jpg\" alt=\"\"><prodcaption class=\"sous-titre-app\">Pupitre tactile ZyonUp<\/prodcaption><span class=\"prix\">4 990 &euro;HT *<\/span><\/bloc_produit><\/a><\/p>\n<p><a href=\"#\" class=\"nodeco nolink broken_link\"><bloc_produit><img decoding=\"async\" src=\"https:\/\/www.dymension.fr\/wp-content\/uploads\/toma-600x400.jpg\" alt=\"\"><prodcaption class=\"sous-titre-app\">Pupitre tactile THOMAS<\/prodcaption><span class=\"prix\">7 300 &euro;HT *<\/span><\/bloc_produit><\/a><\/p>\n<\/div>\n<p><span style=\"font-style:italic\">* Prix indicatifs non contractuels, pour une taille d&#8217;\u00e9cran de 42&#8243;, et pouvant \u00e9voluer dans le temps.<br \/>\nSeuls les prix sur devis (valable 3 mois) font foi.<\/span><\/p>\n<hr>\n<p>[include-page id=&#8221;\/produits\/&#8221;]<\/p>\n","protected":false},"excerpt":{"rendered":"<p>Dymension propose des pupitres tactiles (aussi appel\u00e9s kiosques tactiles ou bornes grands formats) \u00e0 ses clients afin de gagner en attractivit\u00e9 et en confort d&#8217;utilisation des solutions d\u00e9di\u00e9es \u00e0 vos m\u00e9tiers. Les pupitres sont diff\u00e9rents des tables en ce qu&#8217;ils sont \u00e9tudi\u00e9s pour une utilisation par un seul utilisateur (et non plusieurs simultan\u00e9ment comme le [&hellip;]<\/p>\n","protected":false},"author":2,"featured_media":3938,"parent":6804,"menu_order":0,"comment_status":"open","ping_status":"open","template":"","meta":{"_locale":"en_US","_original_post":"http:\/\/www.dymension.fr\/?page_id=3572","footnotes":""},"class_list":["post-6823","page","type-page","status-publish","has-post-thumbnail","hentry","en-US"],"_links":{"self":[{"href":"https:\/\/www.dymension.fr\/wp-json\/wp\/v2\/pages\/6823","targetHints":{"allow":["GET"]}}],"collection":[{"href":"https:\/\/www.dymension.fr\/wp-json\/wp\/v2\/pages"}],"about":[{"href":"https:\/\/www.dymension.fr\/wp-json\/wp\/v2\/types\/page"}],"author":[{"embeddable":true,"href":"https:\/\/www.dymension.fr\/wp-json\/wp\/v2\/users\/2"}],"replies":[{"embeddable":true,"href":"https:\/\/www.dymension.fr\/wp-json\/wp\/v2\/comments?post=6823"}],"version-history":[{"count":1,"href":"https:\/\/www.dymension.fr\/wp-json\/wp\/v2\/pages\/6823\/revisions"}],"predecessor-version":[{"id":6825,"href":"https:\/\/www.dymension.fr\/wp-json\/wp\/v2\/pages\/6823\/revisions\/6825"}],"up":[{"embeddable":true,"href":"https:\/\/www.dymension.fr\/wp-json\/wp\/v2\/pages\/6804"}],"wp:featuredmedia":[{"embeddable":true,"href":"https:\/\/www.dymension.fr\/wp-json\/wp\/v2\/media\/3938"}],"wp:attachment":[{"href":"https:\/\/www.dymension.fr\/wp-json\/wp\/v2\/media?parent=6823"}],"curies":[{"name":"wp","href":"https:\/\/api.w.org\/{rel}","templated":true}]}}