{"id":6807,"date":"2023-11-03T01:31:44","date_gmt":"2023-11-03T00:31:44","guid":{"rendered":"https:\/\/www.dymension.fr\/?page_id=6807"},"modified":"2023-11-03T01:31:44","modified_gmt":"2023-11-03T00:31:44","slug":"nos-tables-interactives","status":"publish","type":"page","link":"https:\/\/www.dymension.fr\/en\/home\/produits\/nos-tables-interactives\/","title":{"rendered":"Our touch tables"},"content":{"rendered":"<style>\nbody { background-image: none; background-color: rgba(250, 250, 250, 1); }<br \/><\/style>\n<p class=\"intro\">Dymension propose \u00e0 ses clients diff\u00e9rent types de tables tactiles de fa\u00e7on \u00e0 tirer le meilleur de nos applications interactives. Ci-dessous se trouvent les diff\u00e9rents type de tables interactives que nous commercialisons, selon la destination et l&#8217;usage de la table :<\/p>\n<h1 class=\"titre left\"><span class=\"titre_fond_rouge\">Nos tables tactiles<\/span><\/h1>\n<div class='grid_4 short_margin'><br \/>\n<a href=\"https:\/\/www.dymension.fr\/produits\/nos-tables-interactives\/nos-tables-tactiles-std\/\" style='text-decoration:none'><\/p>\n<div class=\"mat_box\" style=\"background-color: #389ece;\">\n<h2 class=\"titre_app\">Tables hautes<\/h2>\n<h4 class=\"sous-titre-app\">Voir nos tables tactiles standards<\/h4>\n<p><img decoding=\"async\" src=\"https:\/\/www.dymension.fr\/wp-content\/uploads\/sur40_transp02-600x400.png\" alt=\"\" \/>\n<\/div>\n<p><\/a><br \/>\n<\/div>\n<div class='grid_4 short_margin'><br \/>\n<a href=\"https:\/\/www.dymension.fr\/produits\/nos-tables-interactives\/nos-tables-basses-tactiles\/\" style='text-decoration:none'><\/p>\n<div class=\"mat_box\" style=\"background-color: #4e68a3;\">\n<h2 class=\"titre_app\">Tables basses<\/h2>\n<h4 class=\"sous-titre-app\">Voir nos tables basses tactiles pour salons, lounges, accueils<\/h4>\n<p><img decoding=\"async\" src=\"https:\/\/www.dymension.fr\/wp-content\/uploads\/moon_transp-600x400.png\" alt=\"\" \/>\n<\/div>\n<p><\/a><br \/>\n<\/div>\n<div class='grid_4 short_margin'><br \/>\n<a href=\"https:\/\/www.dymension.fr\/produits\/nos-tables-interactives\/tables-tactiles-restaurant\/\" style='text-decoration:none'><\/p>\n<div class=\"mat_box\" style=\"background-color: #68b89d;\">\n<h2 class=\"titre_app\">Tables de restaurant<\/h2>\n<h4 class=\"sous-titre-app\">Voir nos tables tactiles pour bars et restaurants<\/h4>\n<p><img decoding=\"async\" src=\"https:\/\/www.dymension.fr\/wp-content\/uploads\/dneo_tranp-600x400.png\" alt=\"\" \/><\/p>\n<\/div>\n<p><\/a><br \/>\n<\/div>\n<div class='grid_4 short_margin'><br \/>\n<a href=\"https:\/\/www.dymension.fr\/produits\/nos-tables-interactives\/nos-tables-interactives-enfants\/\" style='text-decoration:none'><\/p>\n<div class=\"mat_box\" style=\"background-color: #b96597;\">\n<h2 class=\"titre_app\">Tables pour enfants<\/h2>\n<h4 class=\"sous-titre-app\">Voir nos tables tactiles pour enfants et pour l&#8217;\u00e9ducation<\/h4>\n<p><img decoding=\"async\" src=\"https:\/\/www.dymension.fr\/wp-content\/uploads\/wavy_transp-600x400.png\" alt=\"\" \/><\/p>\n<\/div>\n<p><\/a><br \/>\n<\/div>\n<div class='grid_4 short_margin'><br \/>\n<a href=\"https:\/\/www.dymension.fr\/fr\/produits\/nos-tables-interactives\/nos-tables-tactiles-pmr\/\" style='text-decoration:none'><\/p>\n<div class=\"mat_box\" style=\"background-color: #834ea7;\">\n<h2 class=\"titre_app\">Tables PMR<\/h2>\n<h4 class=\"sous-titre-app\">Voir nos tables tactiles accessibles aux PMR<\/h4>\n<p><img decoding=\"async\" src=\"https:\/\/www.dymension.fr\/wp-content\/uploads\/eva_pmr_transp-600x400.png\" alt=\"\" \/><\/p>\n<\/div>\n<p><\/a><br \/>\n<\/div>\n<div class='grid_4 short_margin'><br \/>\n<a href=\"https:\/\/www.dymension.fr\/produits\/nos-tables-interactives\/nos-tables-tactiles-inclinables\/\" style='text-decoration:none'><\/p>\n<div class=\"mat_box\" style=\"background-color: rgba(44, 129, 186, 1);\">\n<h2 class=\"titre_app\">Tables inclinables<\/h2>\n<h4 class=\"sous-titre-app\">Voir nos tables tactiles inclinables<\/h4>\n<p><img decoding=\"async\" src=\"https:\/\/www.dymension.fr\/wp-content\/uploads\/vatilt_transp2-600x400.png\" alt=\"\" \/><\/p>\n<\/div>\n<p><\/a><br \/>\n<\/div>\n<p><br style=\"clear: both;\" \/><div class='grid_4 '><br \/>\n<a href=\"https:\/\/www.dymension.fr\/catalogue\/\" style='text-decoration:none'><\/p>\n<div class=\"catal\">\n<h2 style=\"color: rgba(74, 74, 74, 1); text-align: center; font-size: 1.8em; font-weight: bold; width: 100%; background-color: rgba(232, 226, 222, 1); margin: 10px auto 10px auto;\">Catalogues<\/h2>\n<p><img decoding=\"async\" src=\"https:\/\/www.dymension.fr\/wp-content\/uploads\/catalogues\/catalogue_general.jpg\" \/><\/p>\n<h4 class=\"sous-titre-app\">T\u00e9l\u00e9charger nos catalogues<\/h4>\n<\/div>\n<p><\/a><br \/>\n<\/div><div class='grid_8 '><\/p>\n<h1 class=\"titre left\"><span class=\"titre_fond_rouge\">T\u00e9l\u00e9chargez nos catalogues<\/span><\/h1>\n<div style=\"float: left; width: 70%; line-height: 150px;\"><span style=\"display: inline-block; line-height: normal; vertical-align: middle;\">DYMENSION met \u00e0 votre disposition ses catalogues de mat\u00e9riel interactif, qui vous permettront de choisir les mod\u00e8les de tables, bornes, pupitre qui conviendront le mieux \u00e0 votre besoin<\/span><\/div>\n<p><\/div><\/p>\n<hr style=\"height: 20px; border-top: 3px double #8c8b8b; box-shadow: inset 0px 15px 15px -10px #8c8b8b;\" \/>\n<div style=\"clear: both;\"><\/div>\n<div class=\"callto_blog\" style=\"margin-top: 40px;\">\n<div class=\"baseline_position\"><a class=\"bouton_blog_rouge\" href=\"http:\/\/dymension.fr\/contact\">Contactez-nous pour commander &gt;&gt;&gt; <img loading=\"lazy\" decoding=\"async\" class=\"hide-phone baseline_bubble\" src=\"http:\/\/dymension.fr\/wp-content\/uploads\/2012\/06\/bubble.png\" alt=\"\" width=\"74\" height=\"68\" \/><\/a><\/div>\n<\/div>\n","protected":false},"excerpt":{"rendered":"<p>Dymension propose \u00e0 ses clients diff\u00e9rent types de tables tactiles de fa\u00e7on \u00e0 tirer le meilleur de nos applications interactives. Ci-dessous se trouvent les diff\u00e9rents type de tables interactives que nous commercialisons, selon la destination et l&#8217;usage de la table : Nos tables tactiles Contactez-nous pour commander &gt;&gt;&gt;<\/p>\n","protected":false},"author":2,"featured_media":3268,"parent":6804,"menu_order":0,"comment_status":"open","ping_status":"open","template":"","meta":{"_locale":"en_US","_original_post":"http:\/\/www.dymension.fr\/?page_id=3088","footnotes":""},"class_list":["post-6807","page","type-page","status-publish","has-post-thumbnail","hentry","en-US"],"_links":{"self":[{"href":"https:\/\/www.dymension.fr\/wp-json\/wp\/v2\/pages\/6807","targetHints":{"allow":["GET"]}}],"collection":[{"href":"https:\/\/www.dymension.fr\/wp-json\/wp\/v2\/pages"}],"about":[{"href":"https:\/\/www.dymension.fr\/wp-json\/wp\/v2\/types\/page"}],"author":[{"embeddable":true,"href":"https:\/\/www.dymension.fr\/wp-json\/wp\/v2\/users\/2"}],"replies":[{"embeddable":true,"href":"https:\/\/www.dymension.fr\/wp-json\/wp\/v2\/comments?post=6807"}],"version-history":[{"count":1,"href":"https:\/\/www.dymension.fr\/wp-json\/wp\/v2\/pages\/6807\/revisions"}],"predecessor-version":[{"id":6809,"href":"https:\/\/www.dymension.fr\/wp-json\/wp\/v2\/pages\/6807\/revisions\/6809"}],"up":[{"embeddable":true,"href":"https:\/\/www.dymension.fr\/wp-json\/wp\/v2\/pages\/6804"}],"wp:featuredmedia":[{"embeddable":true,"href":"https:\/\/www.dymension.fr\/wp-json\/wp\/v2\/media\/3268"}],"wp:attachment":[{"href":"https:\/\/www.dymension.fr\/wp-json\/wp\/v2\/media?parent=6807"}],"curies":[{"name":"wp","href":"https:\/\/api.w.org\/{rel}","templated":true}]}}