{"id":6801,"date":"2023-11-03T01:28:52","date_gmt":"2023-11-03T00:28:52","guid":{"rendered":"https:\/\/www.dymension.fr\/?page_id=6801"},"modified":"2023-11-03T01:28:52","modified_gmt":"2023-11-03T00:28:52","slug":"delyss_borne","status":"publish","type":"page","link":"https:\/\/www.dymension.fr\/en\/home\/application-tactile\/applications_restaurant\/delyss_borne\/","title":{"rendered":"Delyss : restaurant menu"},"content":{"rendered":"<div class='grid_12 '>\n<p class=\"intro\" style=\"float:left;width:60%\">Delyss Tablette: un menu tactile sur tablette pour que vos clients commandent leurs repas en autonomie<\/p>\n<p><a href=\"https:\/\/www.delyss-menu.com\/restaurant\" target=\"_blank\" rel=\"noopener\"><\/p>\n<div class=\"bouton_link\">Consulter le site d\u00e9di\u00e9 <img decoding=\"async\" src=\"https:\/\/www.dymension.fr\/wp-content\/uploads\/link_extern.png\" \/><br \/>\n<img decoding=\"async\" src=\"https:\/\/www.dymension.fr\/wp-content\/uploads\/logo_delyss_long-300x112.png\" alt=\"Delyss menu sur table et tablette\" style=\"vertical-align:middle;position:absolute;top:14px;left:7px\"\/>\n<\/div>\n<p><\/a><\/p>\n<div style=\"clear: both;\"><\/div>\n<h2 class=\"titre left\"><span class=\"titre_fond_rouge\">Pr\u00e9sentation illustr\u00e9e de la carte<\/span><\/h2>\n<p><\/div><br \/>\n<div class='grid_7 '> <\/p>\n<p class=\"p_content\">Delyss est une application tactile pour restaurant donnant plus d&#8217;information et d&#8217;autonomie \u00e0 vos client pour commander vos plats. <br \/>\nVos clients s&#8217;installent \u00e0 votre table, et vous leur tendez une tablette tactile proposant toute l&#8217;offre \u00e0 jour du restaurant. Ils effleurent la surface pour passer de la carte aux menus propos\u00e9s, se laissent s\u00e9duire par les visuels ou les intitul\u00e9s, examinent les ingr\u00e9dient des plats sans plus solliciter le serveur pour v\u00e9rifier ce qu&#8217;ils peuvent manger ou non.<\/p>\n<h3>AVANTAGE CLIENT<\/h3>\n<p>Gr\u00e2ce \u00e0 l&#8217;application Delyss : <\/p>\n<ul class=\"li_content\" style=\"margin-left: 25px;\">\n<li> Vos clients peuvent voir  quoi ressemblent tous vos plats<\/li>\n<li> Se d\u00e9cident plus rapidement en voyant les ingr\u00e9dient (et les calories) de chaque plat<\/li>\n<li> N&#8217;auront pas la d\u00e9ception d&#8217;apprendre que le plat qu&#8217;ils avaient choisi n&#8217;est plus servi<\/li>\n<li> Peuvent commander (au choix) sans attendre qu&#8217;un serveur se lib\u00e8re pour eux, et r\u00e9duisent donc leur temps d&#8217;insatisfaction<\/li>\n<li> Se sentent consid\u00e9r\u00e9s et honor\u00e9s par l&#8217;outil qui leur est propos\u00e9<\/li>\n<\/ul>\n<h3>AVANTAGE RESTAURANT<\/h3>\n<p>Gr\u00e2ce \u00e0 l&#8217;application Delyss : <\/p>\n<ul class=\"li_content\" style=\"margin-left: 25px;\">\n<li> Vos serveurs ne perdent plus leur temps \u00e0 r\u00e9pondre \u00e0 des questions techniques (dont ils ignorent parfois la r\u00e9ponse) : tout est dans les descriptions<\/li>\n<li> Le menu propos\u00e9 est toujours \u00e0 jour : si un plat n&#8217;est plus disponible, en trois clic vous le retirez (temporairement) de tous vos menus : pas de d\u00e9ception client<\/li>\n<li> Les serveurs se focalisent sur le service et ne perdent plus leur temps avec des clients ind\u00e9cis : vous gagnez en rentabilit\u00e9 et en rotation des tables<\/li>\n<li> Vous donnez de votre \u00e9tablissement une image forte et une meilleure information au client<\/li>\n<\/ul>\n<p><\/div><div class='grid_5 '><\/p>\n<div style=\"border: solid 5px white; box-shadow: 3px 5px 12px; margin-left: 5px; width: 95%;\"><iframe loading=\"lazy\" src=\"http:\/\/player.vimeo.com\/video\/336341480?title=0&amp;byline=0&amp;portrait=0&amp;autoplay=1\" height=\"270\" width=\"100%\" allowfullscreen=\"\" frameborder=\"0\"><\/iframe><\/div>\n<p><\/div><\/p>\n<div style=\"clear:both;\"><\/div>\n<div class='grid_12 '><\/p>\n<h2 class=\"titre left\"><span class=\"titre_fond_rouge\">Mise en panier et envoi des commandes<\/span><\/h2>\n<p class=\"p_content\">Vous pouvez donner \u00e0 vos client la possibilit\u00e9 de passer eux-m\u00eames la commande en cuisine, afin de gagner encore du temps et des ressources. <br \/>\nS&#8217;il y a plusieurs tablettes \u00e0 table, le serveur a eu le temps sur l&#8217;\u00e9cran de d\u00e9marrage de d\u00e9signer la m\u00eame table pour toutes les tablettes, afin de regrouper les diff\u00e9rentes commandes sur le m\u00eame service (ou bien les tablettes sont pr\u00e9configur\u00e9es si elles sont \u00e0 poste).<\/p>\n<p class=\"p_content\">Le client s\u00e9lectionne les produits qui l&#8217;int\u00e9ressent et ceux-ci vont dans un panier. Il peut valider, et changer d&#8217;avis tant que tous les convives n&#8217;ont pas valid\u00e9. Lorsque tous ont valid\u00e9 leur commande, \u00e0 ce moment seulement elle part en cuisine, sur une imprimante thermique ou sur un \u00e9cran d&#8217;affichage, r\u00e9sumant les plats command\u00e9s et la table \u00e0 servir (et m\u00eame en option, \u00e0 quel place servir quel plat pour les serveur).<\/p>\n<h2 class=\"titre left\"><span class=\"titre_fond_rouge\">Visuels<\/span><\/h2>\n<p><\/div>\n<div style=\"clear:both;\"><\/div>\n<p><div class='grid_4 '><br \/>\n<a href=\"https:\/\/www.dymension.fr\/wp-content\/uploads\/01-couv.png\"><img decoding=\"async\" src=\"https:\/\/www.dymension.fr\/wp-content\/uploads\/01-couv-600x411.png\"  alt=\"application menu sur tablette\" width=\"98%\" \/><\/a><br \/>\n<\/div><div class='grid_4 '><br \/>\n<a href=\"https:\/\/www.dymension.fr\/wp-content\/uploads\/02-lang.png\"><img decoding=\"async\" src=\"https:\/\/www.dymension.fr\/wp-content\/uploads\/02-lang-600x411.png\" alt=\"Menu multilangue tablette tactile\" width=\"98%\" \/><\/a><br \/>\n<\/div><div class='grid_4 '><br \/>\n<a href=\"https:\/\/www.dymension.fr\/wp-content\/uploads\/03-entree.png\"><img decoding=\"async\" src=\"https:\/\/www.dymension.fr\/wp-content\/uploads\/03-entree-600x411.png\" alt=\"Menu s\u00e9lection repas tablette tactile\" width=\"98%\" \/><\/a><br \/>\n<\/div><div class='grid_4 '><br \/>\n<a href=\"https:\/\/www.dymension.fr\/wp-content\/uploads\/05-boissons.png\"><img decoding=\"async\" src=\"https:\/\/www.dymension.fr\/wp-content\/uploads\/05-boissons-600x411.png\" alt=\"Carte boisson tablette tactile\" width=\"98%\" \/><\/a><br \/>\n<\/div><div class='grid_4 '><br \/>\n<a href=\"https:\/\/www.dymension.fr\/wp-content\/uploads\/06-menu-choix.png\"><img decoding=\"async\" src=\"https:\/\/www.dymension.fr\/wp-content\/uploads\/06-menu-choix-600x411.png\" alt=\"s\u00e9lection menu tablette tactile\" width=\"98%\" \/><\/a><br \/>\n<\/div><div class='grid_4 '><br \/>\n<a href=\"https:\/\/www.dymension.fr\/wp-content\/uploads\/07-menu-inner.png\"><img decoding=\"async\" src=\"https:\/\/www.dymension.fr\/wp-content\/uploads\/07-menu-inner-600x411.png\" alt=\"S\u00e9lection formules menu tablette\" width=\"98%\" \/><\/a><br \/>\n<\/div><div class='grid_4 '><br \/>\n<a href=\"https:\/\/www.dymension.fr\/wp-content\/uploads\/08-detail.png\"><img decoding=\"async\" src=\"https:\/\/www.dymension.fr\/wp-content\/uploads\/08-detail-600x411.png\" alt=\"Allerg\u00e8ne tablette tactile\" width=\"98%\" \/><\/a><br \/>\n<\/div><div class='grid_4 '><br \/>\n<a href=\"https:\/\/www.dymension.fr\/wp-content\/uploads\/09-panier.png\"><img decoding=\"async\" src=\"https:\/\/www.dymension.fr\/wp-content\/uploads\/09-panier-600x411.png\" alt=\"Panier restaurant tablette\" width=\"98%\" \/><\/a><br \/>\n<\/div><div class='grid_4 '><br \/>\n<a href=\"https:\/\/www.dymension.fr\/wp-content\/uploads\/11-jeux.png\"><img decoding=\"async\" src=\"https:\/\/www.dymension.fr\/wp-content\/uploads\/11-jeux-600x411.png\" alt=\"jeux tablette tactile\" width=\"98%\" \/><\/a><br \/>\n<\/div><\/p>\n<div style=\"clear:both;\"><\/div>\n<div class='grid_12 '><\/div>\n<h2 class=\"titre left\"><span class=\"titre_fond_rouge\">Caract\u00e9ristiques<\/span><\/h2>\n<ul class=\"li_content\" style=\"margin-left: 25px;\">\n<li><strong>Toujours \u00e0 jour<\/strong>: <\/li>\n<li><strong>Description compl\u00e8te<\/strong> : Description, ingr\u00e9dients &#038; allerg\u00e8nes, calories &#038; valeurs nutritives<\/li>\n<li><strong>Commande facilit\u00e9<\/strong>: <\/li>\n<li> La commande de menu avec variantes (&#8220;Entr\u00e9e + plat&#8221; ou &#8220;Plat + Dessert&#8221; ou &#8220;Entr\u00e9e + Plat + Dessert&#8221;)<\/li>\n<li> La commande de menus de type Tapas (&#8220;prenez en 5 ou 10 au choix dans la liste, y compris plusieurs fois le m\u00eame)<\/li>\n<li> Les suppl\u00e9ments (&#8220;Optez pour la sauce foie-gras pour 2&euro; de plus&#8221;)<\/li>\n<li> Les plats \u00e0 composer soi-m\u00eame (Pizza, Burger, sandwich, salade&#8230;) \u00e0 partir d&#8217;une liste cat\u00e9goris\u00e9e d&#8217;ingr\u00e9dients<\/li>\n<li> Les suggestions (&#8220;Un vin rouge sera parfait avec ce rumsteak&#8221;)<\/li>\n<li> Selon les caisses utilis\u00e9es, DELYSS peut se connecter \u00e0 votre syst\u00e8me de caisse et g\u00e9n\u00e9rer des ticket client en agr\u00e9geant toutes les commande de la table<\/li>\n<li> Delyss g\u00e8re la production des repas sur plusieurs points, et r\u00e9partit les commandes entre le p\u00f4le chaud, le p\u00f4le froid, la p\u00e2tisserie, et le bar (par exemple) automatiquement<\/li>\n<li> Consultez les statistiques des plats les plus consult\u00e9s, les plus\/ moins command\u00e9s<\/li>\n<li> Mon\u00e9tisez les solutions en affichant de la publicit\u00e9, ou faites la promotion de vos \u00e9v\u00e9nements pour faire revenir les clients<\/li>\n<\/ul>\n<p><center><a href=\"https:\/\/www.delyss-menu.com\/restaurant\" target=\"_blank\" rel=\"noopener\"><\/p>\n<div class=\"bouton_link\" style=\"width:50%;text-align:center;float:none\">Pour d\u00e9couvrir tous les d\u00e9tails de la solution, consultez le site d\u00e9di\u00e9 <img decoding=\"async\" src=\"https:\/\/www.dymension.fr\/wp-content\/uploads\/link_extern.png\" \/><br \/>\n<img decoding=\"async\" src=\"https:\/\/www.dymension.fr\/wp-content\/uploads\/logo_delyss_long-300x112.png\" alt=\"Delyss menu sur table et tablette\" style=\"vertical-align:middle;position:relative;top:-6px;\"\/>\n<\/div>\n<p><center><img decoding=\"async\" src=\"https:\/\/www.dymension.fr\/wp-content\/uploads\/delyss02b.png\" alt=\"\" width=\"60%\" \/><\/center><br \/>\n<\/a><\/center><\/p>\n<div style=\"clear:both;\"><\/div>\n<div class=\"callto_blog\" style=\"margin-top: 40px;\">\n<div class=\"baseline_position\"><a class=\"bouton_blog_rouge\" href=\"http:\/\/dymension.fr\/contact\">Contactez-nous pour plus d&#8217;information &gt;&gt;&gt; <img loading=\"lazy\" decoding=\"async\" class=\"hide-phone baseline_bubble\" alt=\"\" src=\"http:\/\/dymension.fr\/wp-content\/uploads\/2012\/06\/bubble.png\" width=\"74\" height=\"68\" \/><\/a><\/div>\n<\/div>\n","protected":false},"excerpt":{"rendered":"<p>Caract\u00e9ristiques Toujours \u00e0 jour: Description compl\u00e8te : Description, ingr\u00e9dients &#038; allerg\u00e8nes, calories &#038; valeurs nutritives Commande facilit\u00e9: La commande de menu avec variantes (&#8220;Entr\u00e9e + plat&#8221; ou &#8220;Plat + Dessert&#8221; ou &#8220;Entr\u00e9e + Plat + Dessert&#8221;) La commande de menus de type Tapas (&#8220;prenez en 5 ou 10 au choix dans la liste, y compris [&hellip;]<\/p>\n","protected":false},"author":2,"featured_media":6051,"parent":6780,"menu_order":4,"comment_status":"open","ping_status":"open","template":"","meta":{"_locale":"en_US","_original_post":"http:\/\/www.dymension.fr\/?page_id=6335","footnotes":""},"class_list":["post-6801","page","type-page","status-publish","has-post-thumbnail","hentry","en-US"],"_links":{"self":[{"href":"https:\/\/www.dymension.fr\/wp-json\/wp\/v2\/pages\/6801","targetHints":{"allow":["GET"]}}],"collection":[{"href":"https:\/\/www.dymension.fr\/wp-json\/wp\/v2\/pages"}],"about":[{"href":"https:\/\/www.dymension.fr\/wp-json\/wp\/v2\/types\/page"}],"author":[{"embeddable":true,"href":"https:\/\/www.dymension.fr\/wp-json\/wp\/v2\/users\/2"}],"replies":[{"embeddable":true,"href":"https:\/\/www.dymension.fr\/wp-json\/wp\/v2\/comments?post=6801"}],"version-history":[{"count":1,"href":"https:\/\/www.dymension.fr\/wp-json\/wp\/v2\/pages\/6801\/revisions"}],"predecessor-version":[{"id":6803,"href":"https:\/\/www.dymension.fr\/wp-json\/wp\/v2\/pages\/6801\/revisions\/6803"}],"up":[{"embeddable":true,"href":"https:\/\/www.dymension.fr\/wp-json\/wp\/v2\/pages\/6780"}],"wp:featuredmedia":[{"embeddable":true,"href":"https:\/\/www.dymension.fr\/wp-json\/wp\/v2\/media\/6051"}],"wp:attachment":[{"href":"https:\/\/www.dymension.fr\/wp-json\/wp\/v2\/media?parent=6801"}],"curies":[{"name":"wp","href":"https:\/\/api.w.org\/{rel}","templated":true}]}}