{"id":6780,"date":"2023-11-02T20:36:05","date_gmt":"2023-11-02T19:36:05","guid":{"rendered":"https:\/\/www.dymension.fr\/?page_id=6780"},"modified":"2026-01-13T18:31:59","modified_gmt":"2026-01-13T17:31:59","slug":"applications_restaurant","status":"publish","type":"page","link":"https:\/\/www.dymension.fr\/en\/home\/application-tactile\/applications_restaurant\/","title":{"rendered":"Touch applications for restaurant"},"content":{"rendered":"<style>\n.bouton_link {\n\tfloat:right;\n\tborder: solid 1px gray;\n\twidth: 330px;\n\tborder-radius: 10px;\n\theight: 120px;\n\tpadding-top: 10px;\n\tbackground-color: #27598B;\n\tbox-shadow: 2px 2px 12px rgba(0,0,0,0.6);\n\tcolor:#fff;\n\t    font-size:14px;\n\ttext-align:center;\n\tposition: relative;\n\t}\n.bouton_link:hover {\n\tbackground-color: #3F84C9;\n\tbox-shadow: inset 2px 2px 6px rgba(0,0,0,0.4);\n\t}\n<\/style>\n<div class='grid_9 '>\n<p class=\"intro\">Delyss Tablette: un menu tactile sur tablette pour que vos clients commandent leurs repas en autonomie<\/p>\n<h1 class=\"intro\">Pour votre restaurant, bar ou restauration collective, les solutions interactives sont l\u00e0 pour vous faciliter la vie et \u00e9conomiser de l&#8217;argent. Aujourd&#8217;hui les clients sont de plus en plus difficiles et r\u00e9clament plus d&#8217;autonomie pour choisir un plat qui correspondent \u00e0 leurs crit\u00e8res. L&#8217;interactivit\u00e9 r\u00e9pond \u00e0 ce challenge.<\/h1>\n<p><\/div><div class='grid_3 '><br \/>\n<a href=\"http:\/\/www.delyss-menu.com\/\" target=\"_blank\" rel=\"noopener\"><\/p>\n<div class=\"bouton_link\">Consulter le site d\u00e9di\u00e9 <img decoding=\"async\" src=\"https:\/\/www.dymension.fr\/wp-content\/uploads\/link_extern.png\" \/><br \/>\n<img decoding=\"async\" style=\"vertical-align: middle; position: absolute; top: 14px; left: 7px;\" src=\"https:\/\/www.dymension.fr\/wp-content\/uploads\/logo_delyss_long-300x112.png\" alt=\"Delyss menu sur table et tablette\" \/><\/div>\n<p><\/a><br \/>\n<\/div><\/p>\n<p>&nbsp;<\/p>\n<p class=\"p_content\">Votre CHR est confront\u00e9 \u00e0 des clients qui ont de plus en plus d&#8217;allergies alimentaires ou de r\u00e9gimes alimentaires sp\u00e9cifiques (sans gluten par exemple). Ces clients sont aussi de plus en plus habitu\u00e9s \u00e0 consulter des plats par l&#8217;image et \u00e0 prendre le temps de choisir des sp\u00e9cificit\u00e9s sans se sentir press\u00e9s par un serveur qui doit servir d&#8217;autres clients. Donnez leur satisfaction tout en lib\u00e9rant vos ressources pour des r\u00f4les \u00e0 plus grande valeur ajout\u00e9e, voire faites des \u00e9conomies de personnel, avec une carte toujours \u00e0 jour, modifiable selon vos \u00e9v\u00e9nements ou les modifications de derni\u00e8re minute, et retrouver du temps et de la s\u00e9r\u00e9nit\u00e9 pour votre v\u00e9ritable m\u00e9tier.<\/p>\n<div class='grid_4 short_margin'><br \/>\n<a href=\"https:\/\/www.dymension.fr\/application-tactile\/applications_restaurant\/delyss_tablette\/\"><\/p>\n<div class=\"mat_box \" style=\"background-color: rgba(40, 197, 200, 1);\">\n<h2 class=\"titre_app\">Menu sur tablette<\/h2>\n<p style=\"height: 90%;\"><img decoding=\"async\" src=\"https:\/\/www.dymension.fr\/wp-content\/uploads\/tablette-biais01c-600x400.png\" alt=\"Menu commande sur tablette en restaurant\" align=\"center\" \/><\/p>\n<h4 class=\"sous-titre-app\">Consulter votre carte et commander<\/h4>\n<\/div>\n<p><\/a><br \/>\n<\/div>\n<div class='grid_4 short_margin'><br \/>\n<a href=\"https:\/\/www.dymension.fr\/produits\/nos-tables-interactives\/tables-tactiles-restaurant\/\"><\/p>\n<div class=\"mat_box\" style=\"background-color: #68b89d;\">\n<h2 class=\"titre_app\">Tables de restaurant<\/h2>\n<p style=\"height: 90%;\"><img decoding=\"async\" src=\"https:\/\/www.dymension.fr\/wp-content\/uploads\/dneo_tranp-600x400.png\" alt=\"Table de commande restaurant\" \/><\/p>\n<h4 class=\"sous-titre-app\">Tables tactiles pour bars et restaurants<\/h4>\n<\/div>\n<p><\/a><br \/>\n<\/div>\n<div class='grid_4 short_margin'><br \/>\n<a href=\"https:\/\/www.dymension.fr\/produits\/bornes-de-commande\/\"><\/p>\n<div class=\"mat_box \" style=\"background-color: rgba(40, 181, 200, 1);\">\n<h2 class=\"titre_app\">Bornes de commande<\/h2>\n<p style=\"height: 90%;\"><img decoding=\"async\" src=\"https:\/\/www.dymension.fr\/wp-content\/uploads\/borne03-388x600.png\" alt=\"Borne de commande de repas\" align=\"center\" \/><\/p>\n<h4 class=\"sous-titre-app\">Des bornes pour consulter et commander<\/h4>\n<\/div>\n<p><\/a><br \/>\n<\/div>\n<div style=\"position: relative;\">\n<p><!-- debut div relative --><\/p>\n<h2 class=\"titre left\"><span class=\"titre_fond_rouge\">APPLICATIONS POUR RESTAURANTS<\/span><\/h2>\n<div class=\"grid_3 short_margin\">\n<a href=\"https:\/\/www.dymension.fr\/application-tactile\/applications_restaurant\/delyss_table_tactile\/\"><\/p>\n<div class=\"app_box colorBlue2 \">\n<p><img decoding=\"async\" class=\"mini_picto\" title=\"application bar tablette\" src=\"https:\/\/www.dymension.fr\/wp-content\/uploads\/picto_table_mini.png\" \/><\/p>\n<h2 class=\"titre_app\">DELYSS Table<\/h2>\n<p><img decoding=\"async\" class=\"cadre_photo_black ext-cadre\" src=\"https:\/\/www.dymension.fr\/wp-content\/uploads\/delyss-borne-restaurant-detail-381x600.png\" alt=\"commande de repas tactile\" \/><\/p>\n<h4 class=\"sous-titre-app\">Commander son repas depuis la table<\/h4>\n<\/div>\n<p><\/a><br \/>\n&nbsp;<\/p>\n<\/div>\n<div class=\"grid_3 short_margin\">\n<a href=\"https:\/\/www.dymension.fr\/application-tactile\/applications_restaurant\/delyss_tablette\/\"><\/p>\n<div class=\"app_box colorBlue2 \">\n<p><img decoding=\"async\" class=\"mini_picto\" title=\"application restaurant pour tablette tactile\" src=\"https:\/\/www.dymension.fr\/wp-content\/uploads\/PICTO_TABLETTE_mini.png\" \/><\/p>\n<h2 class=\"titre_app\" style=\"width: 86%;\">DELYSS Tablette<\/h2>\n<p><img decoding=\"async\" class=\"ext-cadre\" src=\"https:\/\/www.dymension.fr\/wp-content\/uploads\/01-couv-600x411.png\" alt=\"commande de repas tactile\" \/><\/p>\n<h4 class=\"sous-titre-app\">Commander son repas avec une tablette<\/h4>\n<\/div>\n<p><\/a><br \/>\n&nbsp;<\/p>\n<\/div>\n<div class=\"grid_3 short_margin\">\n<a href=\"https:\/\/www.dymension.fr\/application-tactile\/applications_restaurant\/delyss_borne\/\"><\/p>\n<div class=\"app_box colorBlue2 \">\n<p><img decoding=\"async\" class=\"mini_picto\" title=\"application bar tablette\" src=\"https:\/\/www.dymension.fr\/wp-content\/uploads\/picto_table_mini.png\" \/><\/p>\n<h2 class=\"titre_app\" style=\"width: 86%;\">DELYSS Kiosk<\/h2>\n<p><img decoding=\"async\" class=\"ext-cadre\" style=\"width:50%;margin-left:45px\" src=\"https:\/\/www.dymension.fr\/wp-content\/uploads\/delyss-borne-restaurant-detail-381x600\" alt=\"borne de commande restaurant\" \/><\/p>\n<h4 class=\"sous-titre-app\">Borne de commande<\/h4>\n<\/div>\n<p><\/a><br \/>\n&nbsp;<\/p>\n<\/div>\n<div class=\"grid_3 short_margin\">\n<a><\/p>\n<div class=\"app_box colorBlue2 \">\n<p><img decoding=\"async\" class=\"mini_picto\" title=\"application restaurant pour tablette tactile\" src=\"https:\/\/www.dymension.fr\/wp-content\/uploads\/PICTO_TABLETTE_mini.png\" \/><\/p>\n<h2 class=\"titre_app\">MediaMenu<\/h2>\n<p><img decoding=\"async\" class=\"ext-cadre\" src=\"https:\/\/www.dymension.fr\/wp-content\/uploads\/application-tablette-tactile-saisie-repas-choix-jour-mediamenu-600x422.png\" \/><\/p>\n<h4 class=\"sous-titre-app\">S\u00e9lection de menu pour collectivit\u00e9<\/h4>\n<\/div>\n<p><\/a><br \/>\n&nbsp;<\/p>\n<\/div>\n<div class=\"grid_3 short_margin\" style=\"cursor: pointer;\">\n<a href=\"https:\/\/www.dymension.fr\/application-tactile\/applications-table-tactile\/mediaview\/\"><\/p>\n<div class=\"app_box\">\n<p><img decoding=\"async\" class=\"mini_picto\" title=\"application immobilier pour support tactile grand format (Windows)\" src=\"https:\/\/www.dymension.fr\/wp-content\/uploads\/picto_table_mini.png\" \/><\/p>\n<h2 class=\"titre_app\">Flyp-Reader<\/h2>\n<p><img decoding=\"async\" class=\"cadre_photo_black ext-cadre\" src=\"https:\/\/www.dymension.fr\/wp-content\/uploads\/page-flip-touch-application-600x338.jpg\" alt=\"solution tactile immobilier solution tactile immobilier page flip touch application\" \/><\/p>\n<h4 class=\"sous-titre-app\">Consultez vos carte PDF d&#8217;un geste du doigt<\/h4>\n<\/div>\n<p><\/a>\n<\/div>\n<\/div>\n<p><!-- fin du div relative --><\/p>\n<div style=\"clear: both;\"><\/div>\n<div class='grid_12 '><\/p>\n<h2 class=\"titre left\"><span class=\"titre_fond_rouge\">Pourquoi des applications tactiles en Restauration ?<\/span><\/h2>\n<p class=\"p_content\">Les clients de restaurant sont de plus en plus difficiles avec leur r\u00e9gime alimentaire (allergies, r\u00e9gimes particuliers, croyances, militantisme, etc.) si bien que les renseigner compl\u00e8tement prend de plus en plus de temps aux serveurs, qui en passent moins \u00e0 accueillir les clients ou \u00e0 leur proposer des mont\u00e9es en gamme ou du vin pour augmenter le panier moyen. Par ailleurs, de nombreux restaurant travaillent avec des saisonniers ou bien subissent un tel turn-over qu&#8217;il est difficile d&#8217;avoir du personnel r\u00e9ellement form\u00e9 ou connaisseurs des produits propos\u00e9s.<\/p>\n<p class=\"p_content\">Ce travail de pur renseignement n&#8217;a aucune valeur ajout\u00e9e et peut \u00eatre mieux fait par une interface d\u00e9di\u00e9e \u00e0 cette information, qui peut \u00eatre modifi\u00e9e ais\u00e9ment n&#8217;importe quand, permettant ainsi que redonner aux serveur le temps le mieux vendre, de mieux accueillir, et de mieux servir les autres clients. Par ailleurs, la solution permet de r\u00e9duire le nombre de serveurs en proposant de passer directement la commande aux cuisines, r\u00e9solvant ainsi en partie l&#8217;\u00e9ternel probl\u00e8me e, ressources humaines des restaurateurs : conservez votre personnel le plus fiable, pas ceux qui vous posent des probl\u00e8mes.<\/p>\n<p class=\"p_content\">Aujourd&#8217;hui la majorit\u00e9 des clients de restaurants se collent sur leurs t\u00e9l\u00e9phone d\u00e8s qu&#8217;ils sont install\u00e9s, oubliant parfois de consulter la carte qu&#8217;on leur apporte et rallongeant de ce fait les dur\u00e9es des services. Ils sont aussi tr\u00e8s habitu\u00e9s et familiers avec les outils tactiles y compris les outils de commande (que ce soit en ligne \u00e0 la maison ou sur borne dans certains fast-food). Les faits leur donnent raison: un client qui \u00e9tudie une carte digitale va \u00e0 20% se laisser tenter par une suggestion, un suppl\u00e9ment, ou un dessert non pr\u00e9vu initialement (la pr\u00e9sence des images y \u00e9tant pour quelque chose, mais aussi le temps que le client peu consacrer \u00e0 son choix sans se sentir press\u00e9 par un serveur appel\u00e9 de toutes parts).<\/p>\n<p class=\"p_content\">DELYSS r\u00e9pond \u00e0 toutes vos probl\u00e9matiques de fa\u00e7on unique en permettant :<\/p>\n<ul style=\"margin-left: 50px;\">\n<li>La commande de menu avec variantes (&#8220;Entr\u00e9e + plat&#8221; ou &#8220;Plat + Dessert&#8221; ou &#8220;Entr\u00e9e + Plat + Dessert&#8221;)<\/li>\n<li>La commande de menus de type Tapas (&#8220;prenez en 5 ou 10 au choix dans la liste, y compris plusieurs fois le m\u00eame)<\/li>\n<li>Les suppl\u00e9ments (&#8220;Optez pour la sauce foie-gras pour 2\u20ac de plus&#8221;)<\/li>\n<li>Les plats \u00e0 composer soi-m\u00eame (Pizza, Burger, sandwich, salade&#8230;) \u00e0 partir d&#8217;une liste cat\u00e9goris\u00e9e d&#8217;ingr\u00e9dients<\/li>\n<li>Les suggestions (&#8220;Un vin rouge sera parfait avec ce rumsteak&#8221;)<\/li>\n<li>Selon les caisses utilis\u00e9es, DELYSS peut se connecter \u00e0 votre syst\u00e8me de caisse et g\u00e9n\u00e9rer des ticket client en agr\u00e9geant toutes les commande de la table<\/li>\n<li>Delyss g\u00e8re la production des repas sur plusieurs points, et r\u00e9partit les commandes entre le p\u00f4le chaud, le p\u00f4le froid, la p\u00e2tisserie, et le bar (par exemple) automatiquement<\/li>\n<li>Consultez les statistiques des plats les plus consult\u00e9s, les plus\/ moins command\u00e9s<\/li>\n<li>Mon\u00e9tisez les solutions en affichant de la publicit\u00e9, ou faites la promotion de vos \u00e9v\u00e9nements pour faire revenir les clients<\/li>\n<\/ul>\n<p><\/div>\n<div style=\"clear: both;\"><\/div>\n<div class=\"callto_blog\" style=\"margin-top: 40px;\">\n<div class=\"baseline_position\"><a class=\"bouton_blog_rouge\" href=\"http:\/\/dymension.fr\/contact\">Contactez-nous pour plus d&#8217;information &gt;&gt;&gt; <img loading=\"lazy\" decoding=\"async\" class=\"hide-phone baseline_bubble\" src=\"http:\/\/dymension.fr\/wp-content\/uploads\/2012\/06\/bubble.png\" alt=\"solution tactile immobilier \" width=\"74\" height=\"68\" \/><\/a><\/div>\n<\/div>\n","protected":false},"excerpt":{"rendered":"<p>&nbsp; Votre CHR est confront\u00e9 \u00e0 des clients qui ont de plus en plus d&#8217;allergies alimentaires ou de r\u00e9gimes alimentaires sp\u00e9cifiques (sans gluten par exemple). Ces clients sont aussi de plus en plus habitu\u00e9s \u00e0 consulter des plats par l&#8217;image et \u00e0 prendre le temps de choisir des sp\u00e9cificit\u00e9s sans se sentir press\u00e9s par un [&hellip;]<\/p>\n","protected":false},"author":2,"featured_media":6051,"parent":6755,"menu_order":22,"comment_status":"open","ping_status":"open","template":"","meta":{"_locale":"en_US","_original_post":"http:\/\/www.dymension.fr\/?page_id=6073","footnotes":""},"class_list":["post-6780","page","type-page","status-publish","has-post-thumbnail","hentry","en-US"],"_links":{"self":[{"href":"https:\/\/www.dymension.fr\/wp-json\/wp\/v2\/pages\/6780","targetHints":{"allow":["GET"]}}],"collection":[{"href":"https:\/\/www.dymension.fr\/wp-json\/wp\/v2\/pages"}],"about":[{"href":"https:\/\/www.dymension.fr\/wp-json\/wp\/v2\/types\/page"}],"author":[{"embeddable":true,"href":"https:\/\/www.dymension.fr\/wp-json\/wp\/v2\/users\/2"}],"replies":[{"embeddable":true,"href":"https:\/\/www.dymension.fr\/wp-json\/wp\/v2\/comments?post=6780"}],"version-history":[{"count":2,"href":"https:\/\/www.dymension.fr\/wp-json\/wp\/v2\/pages\/6780\/revisions"}],"predecessor-version":[{"id":7209,"href":"https:\/\/www.dymension.fr\/wp-json\/wp\/v2\/pages\/6780\/revisions\/7209"}],"up":[{"embeddable":true,"href":"https:\/\/www.dymension.fr\/wp-json\/wp\/v2\/pages\/6755"}],"wp:featuredmedia":[{"embeddable":true,"href":"https:\/\/www.dymension.fr\/wp-json\/wp\/v2\/media\/6051"}],"wp:attachment":[{"href":"https:\/\/www.dymension.fr\/wp-json\/wp\/v2\/media?parent=6780"}],"curies":[{"name":"wp","href":"https:\/\/api.w.org\/{rel}","templated":true}]}}