{"id":6777,"date":"2023-11-02T20:35:06","date_gmt":"2023-11-02T19:35:06","guid":{"rendered":"https:\/\/www.dymension.fr\/?page_id=6777"},"modified":"2023-11-02T20:35:06","modified_gmt":"2023-11-02T19:35:06","slug":"applications_immobilier","status":"publish","type":"page","link":"https:\/\/www.dymension.fr\/en\/home\/application-tactile\/applications_immobilier\/","title":{"rendered":"Interactive applications for real-estate"},"content":{"rendered":"<style>\n.short_margin { margin-left:5px; margin-right:5px;margin-bottom:20px}\n.grid_3 { padding-left:5px;padding-right:5px; }\n.appli_content .titre_fond_left {background:none;background-color:#eeeeee;font-size:16px }\n.mini_picto {position:absolute;right:-15px;top:-15px }\n.mini_picto_cat { position:absolute;right:0px; background-image: url(https:\/\/www.dymension.fr\/wp-content\/themes\/Dym\/images\/bg.png);width: 60px;padding: 5px;margin-top: -10px; }\n<\/style>\n<p class=\"intro\">For real-estate agencies and trade-show, DYMENSION offers touch attracting and efficient solutions to display better your goods and allow your customers to touch by finger what they usually can&#8217;t touch at all.<\/p>\n<div style='position:relative'><!-- debut div relative --><\/p>\n<div class=\"mini_picto_cat\"><img decoding=\"async\" src=\"http:\/\/dymension.fr\/wp-content\/uploads\/2012\/10\/table-exposer.svg\" width=\"100%\"><\/div>\n<h2 class=\"titre left\"><span class=\"titre_fond_rouge\">TO DISPLAY IN REAL-ESTATE<\/span><\/h2>\n<div class=\"grid_3 short_margin\" onclick=\"location.href='https:\/\/www.dymension.fr\/application-tactile\/applications-table-tactile\/dysplay\/'\" style=\"cursor:pointer\">\n<div class=\"app_box\">\n<img decoding=\"async\" src=\"https:\/\/www.dymension.fr\/wp-content\/uploads\/picto_table_mini.png\" title=\"application immobilier pour support tactile grand format (Windows)\" class=\"mini_picto\" \/><\/p>\n<h2 class=\"titre_app\">Dysplay<\/h2>\n<p><img decoding=\"async\" class=\"cadre_photo_black ext-cadre\" alt=\"solution tactile immobilier solution tactile immobilier\" src=\"https:\/\/www.dymension.fr\/wp-content\/uploads\/application-tactile-immobilier-vitrine-tactile-dysplay-600x337.jpg\" \/><\/p>\n<h4 class=\"sous-titre-app\">Interactive goods catalogue<\/h4>\n<\/div>\n<\/div>\n<div class=\"grid_3 short_margin\" onclick=\"location.href='https:\/\/www.dymension.fr\/application-tactile\/applications-table-tactile\/mediascene\/'\" style=\"cursor:pointer\">\n<div class=\"app_box\">\n<img decoding=\"async\" src=\"https:\/\/www.dymension.fr\/wp-content\/uploads\/picto_table_mini.png\" title=\"application immobilier pour support tactile grand format (Windows)\" class=\"mini_picto\" \/><\/p>\n<h2 class=\"titre_app\">Mediascene<\/h2>\n<p><img decoding=\"async\" class=\"cadre_photo_black  ext-cadre\" alt=\"solution tactile immobilier solution tactile immobilier media pr\u00e9sent\u00e9s en sc\u00e9nographie\" src=\"https:\/\/www.dymension.fr\/wp-content\/uploads\/application-tactile-galerie-media-ouvert-600x337.jpg\" \/><\/p>\n<h4 class=\"sous-titre-app\">Media presentation inside a scenography<\/h4>\n<\/div>\n<\/div>\n<div class=\"grid_3 short_margin\" onclick=\"location.href='https:\/\/www.dymension.fr\/application-tactile\/applications-table-tactile\/Dymwser\/'\" style=\"cursor:pointer\">\n<div class=\"app_box\">\n<img decoding=\"async\" src=\"https:\/\/www.dymension.fr\/wp-content\/uploads\/picto_table_mini.png\" title=\"application immobilier pour support tactile grand format (Windows)\" class=\"mini_picto\" \/><\/p>\n<h2 class=\"titre_app\">Dymwser<\/h2>\n<p><img decoding=\"async\" src=\"https:\/\/www.dymension.fr\/wp-content\/uploads\/navigateur-web-tactile-securise-dymwser-clavier-600x337.jpg\" alt=\"solution tactile immobilier solution tactile immobilier Navigateur Web tactile s\u00e9curis\u00e9\" class=\"cadre_photo_black  ext-cadre\"  \/><\/p>\n<h4 class=\"sous-titre-app\">Multi-user touch web-browser<\/h4>\n<\/div>\n<\/div>\n<div class=\"grid_3 short_margin\" onclick=\"location.href='https:\/\/www.dymension.fr\/produits\/vitrine-tactile' \" style=\"cursor:pointer\">\n<div class=\"app_box\">\n<h2 class=\"titre_app\" style='margin-top:15px'>Interactive Storefront<\/h2>\n<p><img decoding=\"async\" src=\"https:\/\/www.dymension.fr\/wp-content\/uploads\/vitrine_tactile_dysplay_site.jpg\" alt=\"vitrine tactile agence immobili\u00e8re\" class=\"cadre_photo\" width=\"95%\" \/><\/p>\n<h4 class=\"sous-titre-app\">Whole offer access, even by closing time<\/h4>\n<\/div>\n<\/div>\n<div class=\"grid_3 short_margin\" onclick=\"location.href='https:\/\/www.dymension.fr\/application-tactile\/applications-table-tactile\/flyp-reader\/' \" style=\"cursor:pointer\">\n<div class=\"app_box\">\n<img decoding=\"async\" src=\"https:\/\/www.dymension.fr\/wp-content\/uploads\/picto_table_mini.png\" title=\"application immobilier pour support tactile grand format (Windows)\" class=\"mini_picto\" \/><\/p>\n<h2 class=\"titre_app\">Flyp-Reader<\/h2>\n<p><img decoding=\"async\" src=\"https:\/\/www.dymension.fr\/wp-content\/uploads\/page-flip-touch-application-600x338.jpg\" alt=\"solution tactile immobilier solution tactile immobilier page flip touch application\"  class=\"cadre_photo_black ext-cadre\" \/><\/p>\n<h4 class=\"sous-titre-app\">Cover PDF brochure with a single finger<\/h4>\n<\/div>\n<\/div>\n<div class=\"grid_3 short_margin\" onclick=\"location.href='https:\/\/www.dymension.fr\/application-tactile\/applications-table-tactile\/evolumap\/' \" style=\"cursor:pointer\">\n<div class=\"app_box\">\n<img decoding=\"async\" src=\"https:\/\/www.dymension.fr\/wp-content\/uploads\/picto_table_mini.png\" title=\"application immobilier pour support tactile grand format (Windows)\" class=\"mini_picto\" \/><\/p>\n<h2 class=\"titre_app\">EvoluMap<\/h2>\n<p><img decoding=\"async\" class=\"cadre_photo_black ext-cadre\" alt=\"solution tactile immobilier solution tactile immobilier projets urbains illustr\u00e9s\" src=\"https:\/\/www.dymension.fr\/wp-content\/uploads\/application-tactile-projets-urbains-illustres-evolumap-600x337.jpg\"\/><\/p>\n<h4  class=\"sous-titre-app\">Urban projects evolution display<\/h4>\n<\/div>\n<\/div>\n<\/div>\n<p><!-- fin du div relative --><\/p>\n<div style=\"clear:both;\"><\/div>\n<div class='grid_6 '><\/p>\n<div style='position:relative'><!-- debut div relative --><\/p>\n<div class=\"mini_picto_cat\"><img decoding=\"async\" src=\"http:\/\/dymension.fr\/wp-content\/uploads\/2012\/10\/icon.svg\" width=\"100%\"><\/div>\n<h2 class=\"titre left\"><span class=\"titre_fond_rouge\">TO CAPTIVATE IN REAL-ESTATE<\/span><\/h2>\n<div class=\"grid_3 short_margin\" onclick=\"location.href='https:\/\/www.dymension.fr\/nous-decouvrir\/nos-realisations\/podium-interactif-dcns\/'\" style=\"cursor:pointer\">\n<div class=\"app_box\">\n<img decoding=\"async\" src=\"https:\/\/www.dymension.fr\/wp-content\/uploads\/picto_table_mini.png\" title=\"application immobilier pour support tactile grand format (Windows)\" class=\"mini_picto\" \/><\/p>\n<h2 class=\"titre_app\">Interactive podium<\/h2>\n<p><img decoding=\"async\" src=\"https:\/\/www.dymension.fr\/wp-content\/uploads\/podium-interactif-dcns-video-600x337.jpg\" alt=\"solution tactile immobilier Podium interactif\" class=\"ext-cadre2\"  \/><\/p>\n<h4 class=\"sous-titre-app\">Tailor made interactive podium<\/h4>\n<\/div>\n<\/div>\n<\/div>\n<p><!-- fin du div relative --><br \/>\n<\/div>\n<div class='grid_6 '><\/p>\n<div style='position:relative'><!-- debut div relative --><\/p>\n<div class=\"mini_picto_cat\"><img decoding=\"async\" src=\"http:\/\/dymension.fr\/wp-content\/uploads\/2012\/10\/table-vendre.svg\" width=\"100%\"><\/div>\n<h2 class=\"titre left\"><span class=\"titre_fond_rouge\">TO SELL IN REAL-ESTATE<\/span><\/h2>\n<div class=\"grid_3 short_margin\" onclick=\"location.href='https:\/\/www.dymension.fr\/application-tactile\/applications-table-tactile\/solution-jyminy\/'\" style=\"cursor:pointer\">\n<div class=\"app_box\">\n<img decoding=\"async\" src=\"https:\/\/www.dymension.fr\/wp-content\/uploads\/picto_table_mini.png\" title=\"application immobilier pour support tactile grand format (Windows)\" class=\"mini_picto\" \/><\/p>\n<h2 class=\"titre_app\">Jyminy<\/h2>\n<p><img decoding=\"async\" class=\"ext-cadre\" alt=\"solution tactile immobilier Conseil et vente sur table interactive\" src=\"https:\/\/www.dymension.fr\/wp-content\/uploads\/application-conciergerie-tactile-jyminy-600x373.jpg\" style=\"width:112%\"\/><\/p>\n<h4 class=\"sous-titre-app\">Selling and advicing through collaboration<\/h4>\n<\/div>\n<\/div>\n<\/div>\n<p><!-- fin du div relative --><br \/>\n<\/div>\n<div style=\"clear:both;\"><\/div>\n<div class=\"callto_blog\" style=\"margin-top: 40px;\">\n<div class=\"baseline_position\"><a class=\"bouton_blog_rouge\" href=\"http:\/\/dymension.fr\/contact\">Contact-us for more information &gt;&gt;&gt; <img loading=\"lazy\" decoding=\"async\" class=\"hide-phone baseline_bubble\" alt=\"solution tactile immobilier \" src=\"http:\/\/dymension.fr\/wp-content\/uploads\/2012\/06\/bubble.png\" width=\"74\" height=\"68\" \/><\/a><\/div>\n<\/div>\n","protected":false},"excerpt":{"rendered":"<p>For real-estate agencies and trade-show, DYMENSION offers touch attracting and efficient solutions to display better your goods and allow your customers to touch by finger what they usually can&#8217;t touch at all. TO DISPLAY IN REAL-ESTATE Dysplay Interactive goods catalogue Mediascene Media presentation inside a scenography Dymwser Multi-user touch web-browser Interactive Storefront Whole offer access, [&hellip;]<\/p>\n","protected":false},"author":2,"featured_media":2675,"parent":6755,"menu_order":20,"comment_status":"open","ping_status":"open","template":"","meta":{"_locale":"en_US","_original_post":"http:\/\/www.dymension.fr\/?page_id=4127","footnotes":""},"class_list":["post-6777","page","type-page","status-publish","has-post-thumbnail","hentry","en-US"],"_links":{"self":[{"href":"https:\/\/www.dymension.fr\/wp-json\/wp\/v2\/pages\/6777","targetHints":{"allow":["GET"]}}],"collection":[{"href":"https:\/\/www.dymension.fr\/wp-json\/wp\/v2\/pages"}],"about":[{"href":"https:\/\/www.dymension.fr\/wp-json\/wp\/v2\/types\/page"}],"author":[{"embeddable":true,"href":"https:\/\/www.dymension.fr\/wp-json\/wp\/v2\/users\/2"}],"replies":[{"embeddable":true,"href":"https:\/\/www.dymension.fr\/wp-json\/wp\/v2\/comments?post=6777"}],"version-history":[{"count":1,"href":"https:\/\/www.dymension.fr\/wp-json\/wp\/v2\/pages\/6777\/revisions"}],"predecessor-version":[{"id":6779,"href":"https:\/\/www.dymension.fr\/wp-json\/wp\/v2\/pages\/6777\/revisions\/6779"}],"up":[{"embeddable":true,"href":"https:\/\/www.dymension.fr\/wp-json\/wp\/v2\/pages\/6755"}],"wp:featuredmedia":[{"embeddable":true,"href":"https:\/\/www.dymension.fr\/wp-json\/wp\/v2\/media\/2675"}],"wp:attachment":[{"href":"https:\/\/www.dymension.fr\/wp-json\/wp\/v2\/media?parent=6777"}],"curies":[{"name":"wp","href":"https:\/\/api.w.org\/{rel}","templated":true}]}}