{"id":6774,"date":"2023-11-02T20:34:13","date_gmt":"2023-11-02T19:34:13","guid":{"rendered":"https:\/\/www.dymension.fr\/?page_id=6774"},"modified":"2023-11-02T20:34:13","modified_gmt":"2023-11-02T19:34:13","slug":"applications_hotel","status":"publish","type":"page","link":"https:\/\/www.dymension.fr\/en\/home\/application-tactile\/applications_hotel\/","title":{"rendered":"Interactive applications for hotels"},"content":{"rendered":"<style>\n.short_margin { margin-left:5px; margin-right:5px;margin-bottom:20px}\n.grid_3 { padding-left:5px;padding-right:5px; }\n<\/style>\n<p class=\"intro\">For hotel industry, DYMENSION offers touch applications to inform clients about surrounding activities, to free staff&#8217;s time (especially the concierge) and lead the client into extending his stay at your hotel.<\/p>\n<p class=\"p_content\">Your clients are at the hotel for one main reason. But if they come to get borred or when they fullfilled what they came for, the leave sooner. Demonstrate to the client that he can still enjoy his stay and discover places before going is the concierge duty. This information role may be proposed by digital and interactive tools, that may even be monetised by selling referencing or advertising slots.<\/p>\n<div style='position:relative'><!-- debut div relative --><\/p>\n<div class=\"mini_picto_cat\"><img decoding=\"async\" src=\"http:\/\/dymension.fr\/wp-content\/uploads\/2012\/10\/table-exposer.svg\" width=\"100%\"><\/div>\n<h2 class=\"titre left\"><span class=\"titre_fond_rouge\">TO DISPLAY SURROUNDING OR INSIDE OFFER<\/span><\/h2>\n<div class=\"grid_3 short_margin\" onclick=\"location.href='' \" >\n<div class=\"app_box\">\n<img decoding=\"async\" src=\"https:\/\/www.dymension.fr\/wp-content\/uploads\/picto_table_mini.png\" title=\"application immobilier pour support tactile grand format (Windows)\" class=\"mini_picto\" \/><\/p>\n<h2 class=\"titre_app\">SERVYCE<\/h2>\n<p><img decoding=\"async\" class=\"cadre_photo_black ext-cadre\"  src=\"https:\/\/www.dymension.fr\/wp-content\/uploads\/application-tactile-conciergerie-hotel-hotelly-accueil-600x338.png\" alt=\"SERVYCE- Conciergerie tactile\" \/><\/p>\n<h4 class=\"sous-titre-app>Digital concierge for hotels<\/h4>\n<\/div>\n<\/div>\n<div class=\"grid_3 short_margin\" onclick=\"location.href='https:\/\/www.dymension.fr\/application-tactile\/applications-table-tactile\/dysplay\/'\" style=\"cursor:pointer\">\n<div class=\"app_box\">\n<img decoding=\"async\" src=\"https:\/\/www.dymension.fr\/wp-content\/uploads\/picto_table_mini.png\" title=\"application immobilier pour support tactile grand format (Windows)\" class=\"mini_picto\" \/><\/p>\n<h2 class=\"titre_app\">Dysplay<\/h2>\n<p><img decoding=\"async\" class=\"cadre_photo_black ext-cadre\" src=\"https:\/\/www.dymension.fr\/wp-content\/uploads\/2013\/12\/fiche-03-1024x576.png\" alt=\"offre Agence de voyage\"\/><\/p>\n<h4 class=\"sous-titre-app\">Touristic offers on interative map<\/h4>\n<\/div>\n<\/div>\n<div class=\"grid_3 short_margin\" onclick=\"location.href='https:\/\/www.dymension.fr\/application-tactile\/applications-table-tactile\/mediascene\/'\" style=\"cursor:pointer\">\n<div class=\"app_box\">\n<img decoding=\"async\" src=\"https:\/\/www.dymension.fr\/wp-content\/uploads\/picto_table_mini.png\" title=\"application immobilier pour support tactile grand format (Windows)\" class=\"mini_picto\" \/><\/p>\n<h2 class=\"titre_app\">Mediascene<\/h2>\n<p><img decoding=\"async\" class=\"cadre_photo_black  ext-cadre\" alt=\"solution tactile immobilier solution tactile immobilier media pr\u00e9sent\u00e9s en sc\u00e9nographie\" src=\"https:\/\/www.dymension.fr\/wp-content\/uploads\/application-tactile-galerie-media-ouvert-600x337.jpg\" \/><\/p>\n<h4 class=\"sous-titre-app\">Activities displayed in scenography<\/h4>\n<\/div>\n<\/div>\n<div class=\"grid_3 short_margin\" onclick=\"location.href='https:\/\/www.dymension.fr\/application-tactile\/applications-table-tactile\/flyp-reader\/' \" style=\"cursor:pointer\">\n<div class=\"app_box\">\n<img decoding=\"async\" src=\"https:\/\/www.dymension.fr\/wp-content\/uploads\/picto_table_mini.png\" title=\"application immobilier pour support tactile grand format (Windows)\" class=\"mini_picto\" \/><\/p>\n<h2 class=\"titre_app\">Flyp-Reader<\/h2>\n<p><img decoding=\"async\" src=\"https:\/\/www.dymension.fr\/wp-content\/uploads\/page-flip-touch-application-600x338.jpg\" alt=\"solution tactile immobilier solution tactile immobilier page flip touch application\"  class=\"cadre_photo_black ext-cadre\" \/><\/p>\n<h4 class=\"sous-titre-app\">Discover PDF brochure with a single finger<\/h4>\n<\/div>\n<\/div>\n<\/div>\n<p><!-- fin du div relative --><\/p>\n<div style=\"clear:both;\"><\/div>\n<div class='grid_6 '><\/p>\n<div style='position:relative'><!-- debut div relative --><\/p>\n<div class=\"mini_picto_cat\"><img decoding=\"async\" src=\"http:\/\/dymension.fr\/wp-content\/uploads\/2012\/10\/table-relation.svg\" width=\"100%\"><\/div>\n<h2 class=\"titre left\"><span class=\"titre_fond_rouge\">TO INFORM IN HOTEL INDUSTRY<\/span><\/h2>\n<div class=\"grid_3 short_margin\" onclick=\"location.href='https:\/\/www.dymension.fr\/application-tactile\/applications-table-tactile\/solution-jyminy\/'\" style=\"cursor:pointer\">\n<div class=\"app_box\">\n<img decoding=\"async\" src=\"https:\/\/www.dymension.fr\/wp-content\/uploads\/picto_table_mini.png\" title=\"application immobilier pour support tactile grand format (Windows)\" class=\"mini_picto\" \/><\/p>\n<h2 class=\"titre_app\">Jyminy<\/h2>\n<p><img decoding=\"async\" class=\"ext-cadre\" alt=\"solution tactile immobilier Conseil et vente sur table interactive\" src=\"https:\/\/www.dymension.fr\/wp-content\/uploads\/application-conciergerie-tactile-jyminy-600x373.jpg\" style=\"width:112%\"\/><\/p>\n<h4 class=\"sous-titre-app\">Activities research through collaboration<\/h4>\n<\/div>\n<\/div>\n<div class=\"grid_3 short_margin\" onclick=\"location.href=''\">\n<div class=\"app_box\">\n<img decoding=\"async\" src=\"https:\/\/www.dymension.fr\/wp-content\/uploads\/picto_table_mini.png\" title=\"appli pour support tactile grand format (Windows)\" class=\"mini_picto\" \/><\/p>\n<h2 class=\"titre_app\">Wayfinding<\/h2>\n<p><img decoding=\"async\" class=\"cadre_photo_black  ext-cadre\" alt=\"Se diriger en salon ou magasin\" src=\"https:\/\/www.dymension.fr\/wp-content\/uploads\/application-tactile-localisation-wayfinding-600x337.jpg\"><\/p>\n<h4 class=\"sous-titre-app\">Find one&#8217;s way during seminars<\/h4>\n<\/div>\n<\/div>\n<\/div>\n<p><!-- fin du div relative --><br \/>\n<\/div>\n<div class='grid_6 '><\/p>\n<div style='position:relative'><!-- debut div relative --><\/p>\n<div class=\"mini_picto_cat\"><img decoding=\"async\" src=\"http:\/\/dymension.fr\/wp-content\/uploads\/2012\/10\/tablette-interactivite.svg\" width=\"100%\"><\/div>\n<h2 class=\"titre left\"><span class=\"titre_fond_rouge\">TO ENTERTAIN IN HOTEL INDUSTRY<\/span><\/h2>\n<div class=\"grid_3 short_margin\" onclick=\"location.href='' \" >\n<div class=\"app_box\">\n<img decoding=\"async\" src=\"https:\/\/www.dymension.fr\/wp-content\/uploads\/picto_table_mini.png\" title=\"application immobilier pour support tactile grand format (Windows)\" class=\"mini_picto\" \/><\/p>\n<h2 class=\"titre_app\">Grown-up games<\/h2>\n<p><img decoding=\"async\" class=\"cadre_photo_black ext-cadre\" src=\"https:\/\/www.dymension.fr\/wp-content\/uploads\/jeu-tactile-adulte-pour-table-interactive-billard-600x337.jpg\" alt=\"Jeu tactile adulte : billard\" \/><\/a><\/p>\n<h4 class=\"sous-titre-app\">Cool games to play multi-user<\/h4>\n<\/div>\n<\/div>\n<div class=\"grid_3 short_margin\" onclick=\"location.href='' \" >\n<div class=\"app_box\">\n<img decoding=\"async\" src=\"https:\/\/www.dymension.fr\/wp-content\/uploads\/picto_table_mini.png\" title=\"application immobilier pour support tactile grand format (Windows)\" class=\"mini_picto\" \/><\/p>\n<h2 class=\"titre_app\">Jeux pour enfants<\/h2>\n<p><img decoding=\"async\" class=\"cadre_photo_black ext-cadre\"  src=\"https:\/\/www.dymension.fr\/wp-content\/uploads\/jeu-tactile-enfant-pour-table-interactive-grenouilles-600x337.jpg\" alt=\"jeu tactile enfant\" \/><\/a><\/p>\n<h4 class=\"sous-titre-app\">Entertaining games to keep kids busy<\/h4>\n<\/div>\n<\/div>\n<\/div>\n<p><!-- fin du div relative --><br \/>\n<\/div>\n<div style=\"clear:both;\"><\/div>\n<div style='position:relative'><!-- debut div relative --><\/p>\n<div class=\"mini_picto_cat\"><img decoding=\"async\" src=\"http:\/\/dymension.fr\/wp-content\/uploads\/2012\/10\/tablette-efficacite.svg\" width=\"100%\"><\/div>\n<h2 class=\"titre left\"><span class=\"titre_fond_rouge\">TO COLLECT IN HOTEL INDUSTRY <\/span><\/h2>\n<div class=\"grid_3 short_margin\" onclick=\"location.href='https:\/\/www.dymension.fr\/application-tactile\/expressyon-survey\/'\" style=\"cursor:pointer\">\n<div class=\"app_box\">\n<img decoding=\"async\" src=\"https:\/\/www.dymension.fr\/wp-content\/uploads\/PICTO_TABLETTE_mini.png\" title=\"appli pour tablette tactile (Android)\" class=\"mini_picto\" \/><\/p>\n<h2 class=\"titre_app\">Expressyon<\/h2>\n<p><img decoding=\"async\" class=\"ext-cadre2\"  alt=\"Outils d'enqu\u00eate de satisfaction\" src=\"https:\/\/www.dymension.fr\/wp-content\/uploads\/enquete-de-satisfaction-smiley-tablette-tactile-600x424.png\" \/><\/p>\n<h4 class=\"sous-titre-app\" style='margin-top:-10px'>Complete satisfaction survey<\/h4>\n<\/div>\n<\/div>\n<div class=\"grid_3 short_margin\" onclick=\"location.href='https:\/\/www.dymension.fr\/produits\/bornes-smiley\/'\" style=\"cursor:pointer\">\n<div class=\"app_box\">\n<h2 class=\"titre_app\" style='margin-top:10px'>HON Smiley kiosk<\/h2>\n<p><img decoding=\"async\" class=\"ext-cadre2\"  src=\"https:\/\/www.dymension.fr\/wp-content\/uploads\/borne-smiley-enquete-de-satisfaction-600x400.jpg\" alt=\"borne smiley enqu\u00eate\" \/><\/p>\n<h4 class=\"sous-titre-app\" style='margin-top:-10px'>Simple satisfaction survey<\/h4>\n<\/div>\n<\/div>\n<\/div>\n<p><!-- fin du div relative --><\/p>\n<div style=\"clear:both;\"><\/div>\n<div class=\"callto_blog\" style=\"margin-top: 40px;\">\n<div class=\"baseline_position\"><a class=\"bouton_blog_rouge\" href=\"http:\/\/dymension.fr\/contact\">Contact-us for more informations &gt;&gt;&gt; <img loading=\"lazy\" decoding=\"async\" class=\"hide-phone baseline_bubble\" alt=\"solution tactile immobilier \" src=\"http:\/\/dymension.fr\/wp-content\/uploads\/2012\/06\/bubble.png\" width=\"74\" height=\"68\" \/><\/a><\/div>\n<\/div>\n","protected":false},"excerpt":{"rendered":"<p>For hotel industry, DYMENSION offers touch applications to inform clients about surrounding activities, to free staff&#8217;s time (especially the concierge) and lead the client into extending his stay at your hotel. Your clients are at the hotel for one main reason. But if they come to get borred or when they fullfilled what they came [&hellip;]<\/p>\n","protected":false},"author":2,"featured_media":2782,"parent":6755,"menu_order":19,"comment_status":"open","ping_status":"open","template":"","meta":{"_locale":"en_US","_original_post":"http:\/\/www.dymension.fr\/?page_id=4190","footnotes":""},"class_list":["post-6774","page","type-page","status-publish","has-post-thumbnail","hentry","en-US"],"_links":{"self":[{"href":"https:\/\/www.dymension.fr\/wp-json\/wp\/v2\/pages\/6774","targetHints":{"allow":["GET"]}}],"collection":[{"href":"https:\/\/www.dymension.fr\/wp-json\/wp\/v2\/pages"}],"about":[{"href":"https:\/\/www.dymension.fr\/wp-json\/wp\/v2\/types\/page"}],"author":[{"embeddable":true,"href":"https:\/\/www.dymension.fr\/wp-json\/wp\/v2\/users\/2"}],"replies":[{"embeddable":true,"href":"https:\/\/www.dymension.fr\/wp-json\/wp\/v2\/comments?post=6774"}],"version-history":[{"count":1,"href":"https:\/\/www.dymension.fr\/wp-json\/wp\/v2\/pages\/6774\/revisions"}],"predecessor-version":[{"id":6776,"href":"https:\/\/www.dymension.fr\/wp-json\/wp\/v2\/pages\/6774\/revisions\/6776"}],"up":[{"embeddable":true,"href":"https:\/\/www.dymension.fr\/wp-json\/wp\/v2\/pages\/6755"}],"wp:featuredmedia":[{"embeddable":true,"href":"https:\/\/www.dymension.fr\/wp-json\/wp\/v2\/media\/2782"}],"wp:attachment":[{"href":"https:\/\/www.dymension.fr\/wp-json\/wp\/v2\/media?parent=6774"}],"curies":[{"name":"wp","href":"https:\/\/api.w.org\/{rel}","templated":true}]}}