{"id":6771,"date":"2023-11-02T20:31:31","date_gmt":"2023-11-02T19:31:31","guid":{"rendered":"https:\/\/www.dymension.fr\/?page_id=6771"},"modified":"2023-11-02T20:31:31","modified_gmt":"2023-11-02T19:31:31","slug":"applications_agence_voyage","status":"publish","type":"page","link":"https:\/\/www.dymension.fr\/en\/home\/application-tactile\/applications_agence_voyage\/","title":{"rendered":"Interactive applications for travel agencies"},"content":{"rendered":"<style>\n.short_margin { margin-left:5px; margin-right:5px;margin-bottom:20px}\n.grid_3 { padding-left:5px;padding-right:5px; }\n<\/style>\n<h1 class=\"intro\">For travel agencies and other tourism professionals, DYMENSION offers touch solution to attract customers and display your offers in an interactive way.<\/h1>\n<p class=\"p_content\">It is often difficult for a customer to plan himself into a trip exposed in agencies : he can only see paper brochures in different formats, or pictures showed by the seller on a computer screen that he cannot control. interactive tools allow your customers to touch their trip by hands and to take control over the displayed medias. By becoming active, and no longer passive, upon their dream trip, they break through the first barriers for purchasing.<\/p>\n<div style='position:relative'><!-- debut div relative --><\/p>\n<div class=\"mini_picto_cat\"><img decoding=\"async\" src=\"http:\/\/dymension.fr\/wp-content\/uploads\/2012\/10\/table-exposer.svg\" width=\"100%\"><\/div>\n<h2 class=\"titre left\"><span class=\"titre_fond_rouge\">TO DISPLAY YOUR TOURISTIC OFFER<\/span><\/h2>\n<div class=\"grid_3 short_margin\" onclick=\"location.href='https:\/\/www.dymension.fr\/application-tactile\/applications-table-tactile\/dysplay\/'\" style=\"cursor:pointer\">\n<div class=\"app_box\">\n<img decoding=\"async\" src=\"https:\/\/www.dymension.fr\/wp-content\/uploads\/picto_table_mini.png\" title=\"application immobilier pour support tactile grand format (Windows)\" class=\"mini_picto\" \/><\/p>\n<h2 class=\"titre_app\">Dysplay<\/h2>\n<p><img decoding=\"async\" class=\"cadre_photo_black ext-cadre\" src=\"https:\/\/www.dymension.fr\/wp-content\/uploads\/2013\/12\/fiche-03-1024x576.png\" alt=\"offre Agence de voyage\"\/><\/p>\n<h4 class=\"sous-titre-app\">touristic offer by Interactive map<\/h4>\n<\/div>\n<\/div>\n<div class=\"grid_3 short_margin\" onclick=\"location.href='https:\/\/www.dymension.fr\/application-tactile\/applications-table-tactile\/mediascene\/'\" style=\"cursor:pointer\">\n<div class=\"app_box\">\n<img decoding=\"async\" src=\"https:\/\/www.dymension.fr\/wp-content\/uploads\/picto_table_mini.png\" title=\"application immobilier pour support tactile grand format (Windows)\" class=\"mini_picto\" \/><\/p>\n<h2 class=\"titre_app\">Mediascene<\/h2>\n<p><img decoding=\"async\" class=\"cadre_photo_black  ext-cadre\" alt=\"solution tactile immobilier solution tactile immobilier media pr\u00e9sent\u00e9s en sc\u00e9nographie\" src=\"https:\/\/www.dymension.fr\/wp-content\/uploads\/application-tactile-galerie-media-ouvert-600x337.jpg\" \/><\/p>\n<h4 class=\"sous-titre-app\">Destination presentation by scenographies<\/h4>\n<\/div>\n<\/div>\n<div class=\"grid_3 short_margin\" onclick=\"location.href='https:\/\/www.dymension.fr\/application-tactile\/applications-table-tactile\/flyp-reader\/' \" style=\"cursor:pointer\">\n<div class=\"app_box\">\n<img decoding=\"async\" src=\"https:\/\/www.dymension.fr\/wp-content\/uploads\/picto_table_mini.png\" title=\"application immobilier pour support tactile grand format (Windows)\" class=\"mini_picto\" \/><\/p>\n<h2 class=\"titre_app\">Flyp-Reader<\/h2>\n<p><img decoding=\"async\" src=\"https:\/\/www.dymension.fr\/wp-content\/uploads\/page-flip-touch-application-600x338.jpg\" alt=\"solution tactile immobilier solution tactile immobilier page flip touch application\"  class=\"cadre_photo_black ext-cadre\" \/><\/p>\n<h4 class=\"sous-titre-app\">Cover PDF brochure with a single finger<\/h4>\n<\/div>\n<\/div>\n<div class=\"grid_3 short_margin\" onclick=\"location.href='https:\/\/www.dymension.fr\/produits\/vitrine-tactile' \" style=\"cursor:pointer\">\n<div class=\"app_box\">\n<h2 class=\"titre_app\" style='margin-top:15px'>Vitrine interactive<\/h2>\n<p><img decoding=\"async\" src=\"https:\/\/www.dymension.fr\/wp-content\/uploads\/vitrine_tactile_dysplay_site.jpg\" alt=\"vitrine tactile site\" class=\"ext-cadre cadre_photo\" style=\"width:112%\"\/><\/p>\n<h4 class=\"sous-titre-app\">Whole offer access, even by closing time<\/h4>\n<\/div>\n<\/div>\n<\/div>\n<p><!-- fin du div relative --><\/p>\n<div style=\"clear:both;\"><\/div>\n<div style='position:relative'><!-- debut div relative --><\/p>\n<div class=\"mini_picto_cat\"><img decoding=\"async\" src=\"http:\/\/dymension.fr\/wp-content\/uploads\/2012\/10\/table-vendre.svg\" width=\"100%\"><\/div>\n<h2 class=\"titre left\"><span class=\"titre_fond_rouge\">TO SELL IN TRAVEL AGENCIES<\/span><\/h2>\n<div class=\"grid_3 short_margin\" onclick=\"location.href='https:\/\/www.dymension.fr\/application-tactile\/applications-table-tactile\/solution-jyminy\/'\" style=\"cursor:pointer\">\n<div class=\"app_box\">\n<img decoding=\"async\" src=\"https:\/\/www.dymension.fr\/wp-content\/uploads\/picto_table_mini.png\" title=\"application immobilier pour support tactile grand format (Windows)\" class=\"mini_picto\" \/><\/p>\n<h2 class=\"titre_app\">Jyminy<\/h2>\n<p><img decoding=\"async\" class=\"ext-cadre\" alt=\"solution tactile immobilier Conseil et vente sur table interactive\" src=\"https:\/\/www.dymension.fr\/wp-content\/uploads\/application-conciergerie-tactile-jyminy-600x373.jpg\" style=\"width:112%\"\/><\/p>\n<h4 class=\"sous-titre-app\">Trip selling and advicing through interactivity<\/h4>\n<\/div>\n<\/div>\n<div class=\"grid_3 short_margin\" onclick=\"location.href='' \" >\n<div class=\"app_box\">\n<img decoding=\"async\" src=\"https:\/\/www.dymension.fr\/wp-content\/uploads\/picto_table_mini.png\" title=\"application immobilier pour support tactile grand format (Windows)\" class=\"mini_picto\" \/><\/p>\n<h2 class=\"titre_app\">Kids Game<\/h2>\n<p><img decoding=\"async\" class=\"cadre_photo_black ext-cadre\"  src=\"https:\/\/www.dymension.fr\/wp-content\/uploads\/jeu-tactile-enfant-pour-table-interactive-grenouilles-600x337.jpg\" alt=\"jeu tactile enfant\" \/><\/a><\/p>\n<h4 class=\"sous-titre-app\">Games to keep kids busy<\/h4>\n<\/div>\n<\/div>\n<\/div>\n<p><!-- fin du div relative --><\/p>\n<div style=\"clear:both;\"><\/div>\n<div style='position:relative'><!-- debut div relative --><\/p>\n<div class=\"mini_picto_cat\"><img decoding=\"async\" src=\"http:\/\/dymension.fr\/wp-content\/uploads\/2012\/10\/tablette-efficacite.svg\" width=\"100%\"><\/div>\n<h2 class=\"titre left\"><span class=\"titre_fond_rouge\">TO COLLECT IN TRAVEL AGENCIES<\/span><\/h2>\n<div class=\"grid_3 short_margin\" onclick=\"location.href='https:\/\/www.dymension.fr\/application-tactile\/expressyon-survey\/'\" style=\"cursor:pointer\">\n<div class=\"app_box\">\n<img decoding=\"async\" src=\"https:\/\/www.dymension.fr\/wp-content\/uploads\/PICTO_TABLETTE_mini.png\" title=\"appli pour tablette tactile (Android)\" class=\"mini_picto\" \/><\/p>\n<h2 class=\"titre_app\">Expressyon<\/h2>\n<p><img decoding=\"async\" class=\"ext-cadre2\"  alt=\"Outils d'enqu\u00eate de satisfaction\" src=\"https:\/\/www.dymension.fr\/wp-content\/uploads\/enquete-de-satisfaction-smiley-tablette-tactile-600x424.png\" \/><\/p>\n<h4 class=\"sous-titre-app\" style='margin-top:-10px'>Complete satisfaction survey<\/h4>\n<\/div>\n<\/div>\n<div class=\"grid_3 short_margin\" onclick=\"location.href='https:\/\/www.dymension.fr\/produits\/bornes-smiley\/'\" style=\"cursor:pointer\">\n<div class=\"app_box\">\n<h2 class=\"titre_app\" style='margin-top:10px'>HON Smiley kiosks<\/h2>\n<p><img decoding=\"async\" class=\"ext-cadre2\"  src=\"https:\/\/www.dymension.fr\/wp-content\/uploads\/borne-smiley-enquete-de-satisfaction-600x400.jpg\" alt=\"borne smiley enqu\u00eate\" \/><\/p>\n<h4 class=\"sous-titre-app\" style='margin-top:-10px'>Simple satisfaction survey<\/h4>\n<\/div>\n<\/div>\n<\/div>\n<p><!-- fin du div relative --><\/p>\n<div style=\"clear:both;\"><\/div>\n<div class=\"callto_blog\" style=\"margin-top: 40px;\">\n<div class=\"baseline_position\"><a class=\"bouton_blog_rouge\" href=\"http:\/\/dymension.fr\/contact\">Contact-us for more information &gt;&gt;&gt; <img loading=\"lazy\" decoding=\"async\" class=\"hide-phone baseline_bubble\" alt=\"solution tactile immobilier \" src=\"http:\/\/dymension.fr\/wp-content\/uploads\/2012\/06\/bubble.png\" width=\"74\" height=\"68\" \/><\/a><\/div>\n<\/div>\n","protected":false},"excerpt":{"rendered":"<p>For travel agencies and other tourism professionals, DYMENSION offers touch solution to attract customers and display your offers in an interactive way. It is often difficult for a customer to plan himself into a trip exposed in agencies : he can only see paper brochures in different formats, or pictures showed by the seller on [&hellip;]<\/p>\n","protected":false},"author":2,"featured_media":1941,"parent":6755,"menu_order":17,"comment_status":"open","ping_status":"open","template":"","meta":{"_locale":"en_US","_original_post":"http:\/\/www.dymension.fr\/?page_id=4179","footnotes":""},"class_list":["post-6771","page","type-page","status-publish","has-post-thumbnail","hentry","en-US"],"_links":{"self":[{"href":"https:\/\/www.dymension.fr\/wp-json\/wp\/v2\/pages\/6771","targetHints":{"allow":["GET"]}}],"collection":[{"href":"https:\/\/www.dymension.fr\/wp-json\/wp\/v2\/pages"}],"about":[{"href":"https:\/\/www.dymension.fr\/wp-json\/wp\/v2\/types\/page"}],"author":[{"embeddable":true,"href":"https:\/\/www.dymension.fr\/wp-json\/wp\/v2\/users\/2"}],"replies":[{"embeddable":true,"href":"https:\/\/www.dymension.fr\/wp-json\/wp\/v2\/comments?post=6771"}],"version-history":[{"count":1,"href":"https:\/\/www.dymension.fr\/wp-json\/wp\/v2\/pages\/6771\/revisions"}],"predecessor-version":[{"id":6773,"href":"https:\/\/www.dymension.fr\/wp-json\/wp\/v2\/pages\/6771\/revisions\/6773"}],"up":[{"embeddable":true,"href":"https:\/\/www.dymension.fr\/wp-json\/wp\/v2\/pages\/6755"}],"wp:featuredmedia":[{"embeddable":true,"href":"https:\/\/www.dymension.fr\/wp-json\/wp\/v2\/media\/1941"}],"wp:attachment":[{"href":"https:\/\/www.dymension.fr\/wp-json\/wp\/v2\/media?parent=6771"}],"curies":[{"name":"wp","href":"https:\/\/api.w.org\/{rel}","templated":true}]}}