{"id":6768,"date":"2023-11-02T20:30:20","date_gmt":"2023-11-02T19:30:20","guid":{"rendered":"https:\/\/www.dymension.fr\/?page_id=6768"},"modified":"2023-11-02T20:30:20","modified_gmt":"2023-11-02T19:30:20","slug":"applications_evenementiel","status":"publish","type":"page","link":"https:\/\/www.dymension.fr\/en\/home\/application-tactile\/applications_evenementiel\/","title":{"rendered":"Interactives solutions for Event industry"},"content":{"rendered":"<style>\n.short_margin { margin-left:5px; margin-right:5px;margin-bottom:20px}\n.grid_3 { padding-left:5px;padding-right:5px; }\n.appli_content .titre_fond_left {background:none;background-color:#eeeeee;font-size:16px }\n.mini_picto {position:absolute;right:-15px;top:-15px }\n.mini_picto_cat { position:absolute;right:0px; background-image: url(https:\/\/www.dymension.fr\/wp-content\/themes\/Dym\/images\/bg.png);width: 60px;padding: 5px;margin-top: -10px; }\n<\/style>\n<p class=\"intro\">For event industry, DYMENSION offers touch or interactive innovating solutions, that are efficient to attract, gather and make active your visitors.<\/p>\n<div style='position:relative'><!-- debut div relative --><\/p>\n<div class=\"mini_picto_cat\"><img decoding=\"async\" src=\"http:\/\/dymension.fr\/wp-content\/uploads\/2012\/10\/table-exposer.svg\" width=\"100%\"><\/div>\n<h2 class=\"titre left\"><span class=\"titre_fond_rouge\">TO DISPLAY<\/span><\/h2>\n<div class=\"grid_3 short_margin\" onclick=\"location.href='https:\/\/www.dymension.fr\/application-tactile\/applications-table-tactile\/d-launcher\/'\" style=\"cursor:pointer\">\n<div class=\"app_box\">\n<p><img decoding=\"async\" src=\"https:\/\/www.dymension.fr\/wp-content\/uploads\/picto_table_mini.png\" title=\"appli pour support tactile grand format (Windows)\" class=\"mini_picto\" \/><\/p>\n<h2 class=\"titre_app\">D-Launcher<\/h2>\n<p><img decoding=\"async\" class=\"cadre_photo_black ext-cadre\"  alt=\"Lanceur d'application tactile universel\" src=\"https:\/\/www.dymension.fr\/wp-content\/uploads\/launcher-lanceur-dapplications-tactiles-sur-table-interactive-600x337.png\" \/><\/p>\n<h4 class=\"sous-titre-app\">Secured launcher for all your applications<\/h4>\n<\/div>\n<\/div>\n<div class=\"grid_3 short_margin\" onclick=\"location.href='https:\/\/www.dymension.fr\/application-tactile\/applications-table-tactile\/dysplay\/'\" style=\"cursor:pointer\">\n<div class=\"app_box\">\n<img decoding=\"async\" src=\"https:\/\/www.dymension.fr\/wp-content\/uploads\/picto_table_mini.png\" title=\"appli pour support tactile grand format (Windows)\" class=\"mini_picto\" \/><\/p>\n<h2 class=\"titre_app\">Dysplay<\/h2>\n<p><img decoding=\"async\" class=\"cadre_photo_black ext-cadre\" alt=\"fiche-03\" src=\"https:\/\/www.dymension.fr\/wp-content\/uploads\/application-tactile-immobilier-vitrine-tactile-dysplay-600x337.jpg\" \/><\/p>\n<h4 class=\"sous-titre-app\">Interactive product catalogue<\/h4>\n<\/div>\n<\/div>\n<div class=\"grid_3 short_margin\" onclick=\"location.href='https:\/\/www.dymension.fr\/application-tactile\/applications-table-tactile\/mediascene\/'\" style=\"cursor:pointer\">\n<div class=\"app_box\">\n<img decoding=\"async\" src=\"https:\/\/www.dymension.fr\/wp-content\/uploads\/picto_table_mini.png\" title=\"appli pour support tactile grand format (Windows)\" class=\"mini_picto\" \/><\/p>\n<h2 class=\"titre_app\">Mediascene<\/h2>\n<p><img decoding=\"async\" class=\"cadre_photo_black  ext-cadre\" alt=\"media pr\u00e9sent\u00e9s en sc\u00e9nographie\" src=\"https:\/\/www.dymension.fr\/wp-content\/uploads\/application-tactile-galerie-media-ouvert-600x337.jpg\" \/><\/p>\n<h4 class=\"sous-titre-app\">Media presentation inside a scenography<\/h4>\n<\/div>\n<\/div>\n<div class=\"grid_3 short_margin\" onclick=\"location.href='https:\/\/www.dymension.fr\/application-tactile\/applications-table-tactile\/Dymwser\/'\" style=\"cursor:pointer\">\n<div class=\"app_box\">\n<img decoding=\"async\" src=\"https:\/\/www.dymension.fr\/wp-content\/uploads\/picto_table_mini.png\" title=\"appli pour support tactile grand format (Windows)\" class=\"mini_picto\" \/><\/p>\n<h2 class=\"titre_app\">Dymwser<\/h2>\n<p><img decoding=\"async\" src=\"https:\/\/www.dymension.fr\/wp-content\/uploads\/navigateur-web-tactile-securise-dymwser-clavier-600x337.jpg\" alt=\"Navigateur Web tactile s\u00e9curis\u00e9\" class=\"cadre_photo_black  ext-cadre\"  \/><\/p>\n<h4 class=\"sous-titre-app\">Multi-user touch web-browser<\/h4>\n<\/div>\n<\/div>\n<div class=\"grid_3 short_margin\" onclick=\"location.href='https:\/\/www.dymension.fr\/application-tactile\/applications-table-tactile\/flyp-reader\/' \" style=\"cursor:pointer\">\n<div class=\"app_box\">\n<img decoding=\"async\" src=\"https:\/\/www.dymension.fr\/wp-content\/uploads\/picto_table_mini.png\" title=\"appli pour support tactile grand format (Windows)\" class=\"mini_picto\" \/><\/p>\n<h2 class=\"titre_app\">Flyp-Reader<\/h2>\n<p><img decoding=\"async\" src=\"https:\/\/www.dymension.fr\/wp-content\/uploads\/page-flip-touch-application-600x338.jpg\" alt=\"page flip touch application\"  class=\"cadre_photo_black ext-cadre\" \/><\/p>\n<h4 class=\"sous-titre-app\">Cover PDF brochure with a single finger<\/h4>\n<\/div>\n<\/div>\n<\/div>\n<p><!-- fin du div relative --><\/p>\n<div style=\"clear:both;\"><\/div>\n<div style='position:relative'><!-- debut div relative --><\/p>\n<div class=\"mini_picto_cat\"><img decoding=\"async\" src=\"http:\/\/dymension.fr\/wp-content\/uploads\/2012\/10\/tablette-interactivite.svg\" width=\"100%\"><\/div>\n<h2 class=\"titre left\"><span class=\"titre_fond_rouge\">TO INFORM<\/span><\/h2>\n<div class=\"grid_3 short_margin\" onclick=\"location.href=''\">\n<div class=\"app_box\">\n<img decoding=\"async\" src=\"https:\/\/www.dymension.fr\/wp-content\/uploads\/picto_table_mini.png\" title=\"appli pour support tactile grand format (Windows)\" class=\"mini_picto\" \/><\/p>\n<h2 class=\"titre_app\">Wayfinding<\/h2>\n<p><img decoding=\"async\" class=\"cadre_photo_black  ext-cadre\" alt=\"Se diriger en salon ou magasin\" src=\"https:\/\/www.dymension.fr\/wp-content\/uploads\/application-tactile-localisation-wayfinding-600x337.jpg\"><\/p>\n<h4 class=\"sous-titre-app\">Find his way in  tradeshow or  mall<\/h4>\n<\/div>\n<\/div>\n<\/div>\n<p><!-- fin du div relative --><\/p>\n<div style=\"clear:both;\"><\/div>\n<div style='position:relative'><!-- debut div relative --><\/p>\n<div class=\"mini_picto_cat\"><img decoding=\"async\" src=\"http:\/\/dymension.fr\/wp-content\/uploads\/2012\/10\/table-collaboration.svg\" width=\"100%\"><\/div>\n<h2 class=\"titre left\"><span class=\"titre_fond_rouge\">TO PLAY<\/span><\/h2>\n<div class=\"grid_3 short_margin\" onclick=\"location.href='' \" >\n<div class=\"app_box\">\n<img decoding=\"async\" src=\"https:\/\/www.dymension.fr\/wp-content\/uploads\/picto_table_mini.png\" title=\"appli pour support tactile grand format (Windows)\" class=\"mini_picto\" \/><\/p>\n<h2 class=\"titre_app\">HappyWheel<\/h2>\n<p><img decoding=\"async\" class=\"cadre_photo_black ext-cadre\" src=\"https:\/\/www.dymension.fr\/wp-content\/uploads\/application-tactile-jeu-evenementiel-happywheel-roue-de-la-fortune-600x337.jpg\" alt=\"HappyWheel - Roue de la fortune\"><\/p>\n<h4 class=\"sous-titre-app\">Wheel of fortune<\/h4>\n<\/div>\n<\/div>\n<div class=\"grid_3 short_margin\" onclick=\"location.href='' \" >\n<div class=\"app_box\">\n<img decoding=\"async\" src=\"https:\/\/www.dymension.fr\/wp-content\/uploads\/picto_table_mini.png\" title=\"appli pour support tactile grand format (Windows)\" class=\"mini_picto\" \/><\/p>\n<h2 class=\"titre_app\">HawkEye<\/h2>\n<p><img decoding=\"async\" class=\"cadre_photo_black ext-cadre\"  src=\"https:\/\/www.dymension.fr\/wp-content\/uploads\/serious-game-oeil-de-lynx-600x338.jpg\" alt=\"jeu trouvez l&#039;erreur\" \/><\/p>\n<h4 class=\"sous-titre-app\">Serious game of <br \/>&#8220;spot the mistake&#8221; kind<\/h4>\n<\/div>\n<\/div>\n<div class=\"grid_3 short_margin\" onclick=\"location.href=''\">\n<div class=\"app_box\">\n<img decoding=\"async\" src=\"https:\/\/www.dymension.fr\/wp-content\/uploads\/PICTO_interactif_mini.png\" title=\"Solution de type sans contact\" class=\"mini_picto\" \/><\/p>\n<h2 class=\"titre_app\">GraphitiWall<\/h2>\n<p><img decoding=\"async\" class=\"ext-cadre2\" alt=\"Animation d'un \u00e9v\u00e9nement autour d'un mur interactif\" src=\"https:\/\/www.dymension.fr\/wp-content\/uploads\/graphiti-wall.jpg\" \/><\/p>\n<h4 class=\"sous-titre-app\">Draw in a digital way on a wall<\/h4>\n<\/div>\n<\/div>\n<\/div>\n<p><!-- fin du div relative --><\/p>\n<div style=\"clear:both;\"><\/div>\n<div style='position:relative'><!-- debut div relative --><\/p>\n<div class=\"mini_picto_cat\"><img decoding=\"async\" src=\"http:\/\/dymension.fr\/wp-content\/uploads\/2012\/10\/icon.svg\" width=\"100%\"><\/div>\n<h2 class=\"titre left\"><span class=\"titre_fond_rouge\">TO CAPTIVATE<\/span><\/h2>\n<div class=\"grid_3 short_margin\" onclick=\"location.href='https:\/\/www.dymension.fr\/application-tactile\/produits-interactifs\/solution-planysphere\/'\" style=\"cursor:pointer\">\n<div class=\"app_box\">\n<img decoding=\"async\" src=\"https:\/\/www.dymension.fr\/wp-content\/uploads\/PICTO_interactif_mini.png\" title=\"Solution de type sans contact\" class=\"mini_picto\" \/><\/p>\n<h2 class=\"titre_app\">Planysphere <\/h2>\n<p><img decoding=\"async\" class=\" ext-cadre2\" alt=\"Visite d'un territoire sous GoogleEarth par des gestes en immersion sous Kinect\" src=\"https:\/\/www.dymension.fr\/wp-content\/uploads\/planysphere-controle-sans-contact-de-google-earth-600x403.jpg\" \/><\/p>\n<h4 class=\"sous-titre-app\">Interactif wall: GoogleEarth flying visit<\/h4>\n<\/div>\n<\/div>\n<div class=\"grid_3 short_margin\" onclick=\"location.href='https:\/\/www.dymension.fr\/nous-decouvrir\/nos-realisations\/podium-interactif-dcns\/'\" style=\"cursor:pointer\">\n<div class=\"app_box\">\n<img decoding=\"async\" src=\"https:\/\/www.dymension.fr\/wp-content\/uploads\/picto_table_mini.png\" title=\"appli pour support tactile grand format (Windows)\" class=\"mini_picto\" \/><\/p>\n<h2 class=\"titre_app\">Interactive podium<\/h2>\n<p><img decoding=\"async\" src=\"https:\/\/www.dymension.fr\/wp-content\/uploads\/podium-interactif-dcns-video-600x337.jpg\" alt=\"Podium interactif\" class=\"ext-cadre2\"  \/><\/p>\n<h4 class=\"sous-titre-app\">Tailor made interactive podium<\/h4>\n<\/div>\n<\/div>\n<\/div>\n<p><!-- fin du div relative --><\/p>\n<div style=\"clear:both;\"><\/div>\n<div style='position:relative'><!-- debut div relative --><\/p>\n<div class=\"mini_picto_cat\"><img decoding=\"async\" src=\"http:\/\/dymension.fr\/wp-content\/uploads\/2012\/10\/tablette-efficacite.svg\" width=\"100%\"><\/div>\n<h2 class=\"titre left\"><span class=\"titre_fond_rouge\">TO COLLECT<\/span><\/h2>\n<div class=\"grid_3 short_margin\" onclick=\"location.href='https:\/\/www.dymension.fr\/application-tactile\/expressyon-survey\/'\" style=\"cursor:pointer\">\n<div class=\"app_box\">\n<img decoding=\"async\" src=\"https:\/\/www.dymension.fr\/wp-content\/uploads\/PICTO_TABLETTE_mini.png\" title=\"appli pour tablette tactile (Android)\" class=\"mini_picto\" \/><\/p>\n<h2 class=\"titre_app\">Expressyon<\/h2>\n<p><img decoding=\"async\" class=\"ext-cadre2\"  alt=\"Outils d'enqu\u00eate de satisfaction\" src=\"https:\/\/www.dymension.fr\/wp-content\/uploads\/enquete-de-satisfaction-smiley-tablette-tactile-600x424.png\" \/><\/p>\n<h4 class=\"sous-titre-app\">Satisfaction survey<\/h4>\n<\/div>\n<\/div>\n<\/div>\n<p><!-- fin du div relative --><\/p>\n<div style=\"clear:both;\"><\/div>\n<div class=\"callto_blog\" style=\"margin-top: 40px;\">\n<div class=\"baseline_position\"><a class=\"bouton_blog_rouge\" href=\"http:\/\/dymension.fr\/contact\">Contact us  for more information &gt;&gt;&gt; <img loading=\"lazy\" decoding=\"async\" class=\"hide-phone baseline_bubble\" alt=\"\" src=\"http:\/\/dymension.fr\/wp-content\/uploads\/2012\/06\/bubble.png\" width=\"74\" height=\"68\" \/><\/a><\/div>\n<\/div>\n","protected":false},"excerpt":{"rendered":"<p>For event industry, DYMENSION offers touch or interactive innovating solutions, that are efficient to attract, gather and make active your visitors. TO DISPLAY D-Launcher Secured launcher for all your applications Dysplay Interactive product catalogue Mediascene Media presentation inside a scenography Dymwser Multi-user touch web-browser Flyp-Reader Cover PDF brochure with a single finger TO INFORM Wayfinding [&hellip;]<\/p>\n","protected":false},"author":2,"featured_media":3537,"parent":6755,"menu_order":16,"comment_status":"open","ping_status":"open","template":"","meta":{"_locale":"en_US","_original_post":"http:\/\/www.dymension.fr\/?page_id=3764","footnotes":""},"class_list":["post-6768","page","type-page","status-publish","has-post-thumbnail","hentry","en-US"],"_links":{"self":[{"href":"https:\/\/www.dymension.fr\/wp-json\/wp\/v2\/pages\/6768","targetHints":{"allow":["GET"]}}],"collection":[{"href":"https:\/\/www.dymension.fr\/wp-json\/wp\/v2\/pages"}],"about":[{"href":"https:\/\/www.dymension.fr\/wp-json\/wp\/v2\/types\/page"}],"author":[{"embeddable":true,"href":"https:\/\/www.dymension.fr\/wp-json\/wp\/v2\/users\/2"}],"replies":[{"embeddable":true,"href":"https:\/\/www.dymension.fr\/wp-json\/wp\/v2\/comments?post=6768"}],"version-history":[{"count":1,"href":"https:\/\/www.dymension.fr\/wp-json\/wp\/v2\/pages\/6768\/revisions"}],"predecessor-version":[{"id":6770,"href":"https:\/\/www.dymension.fr\/wp-json\/wp\/v2\/pages\/6768\/revisions\/6770"}],"up":[{"embeddable":true,"href":"https:\/\/www.dymension.fr\/wp-json\/wp\/v2\/pages\/6755"}],"wp:featuredmedia":[{"embeddable":true,"href":"https:\/\/www.dymension.fr\/wp-json\/wp\/v2\/media\/3537"}],"wp:attachment":[{"href":"https:\/\/www.dymension.fr\/wp-json\/wp\/v2\/media?parent=6768"}],"curies":[{"name":"wp","href":"https:\/\/api.w.org\/{rel}","templated":true}]}}