{"id":6751,"date":"2023-11-02T20:18:34","date_gmt":"2023-11-02T19:18:34","guid":{"rendered":"https:\/\/www.dymension.fr\/?page_id=6751"},"modified":"2023-11-02T20:25:35","modified_gmt":"2023-11-02T19:25:35","slug":"applications-table-tactile","status":"publish","type":"page","link":"https:\/\/www.dymension.fr\/en\/home\/application-tactile\/applications-table-tactile\/","title":{"rendered":"Touch table and kiosks applications"},"content":{"rendered":"<p><script type=\"text\/javascript\">\n$(function(){\n\t$(\".video\").hover( hoverVideo, hideVideo );\n\tfunction hoverVideo(e) { $('video', this).get(0).play(); }\n\tfunction hideVideo(e) { $('video', this).get(0).pause(); $('video', this).get(0).load();}\n});\n<\/script><\/p>\n<style>\n.sous-titre-app { padding-left:10px; padding-right:10px;}\n.cadre_photo_black {margin-bottom:0;}\nvideo.cadre_photo_black {width: 100%;height: 100%;}\n<\/style>\n<div style=\"clear: both;\"><\/div>\n<div id=\"appli_tables\" class=\"appli_content\">\n<p><img decoding=\"async\" style=\"float: right; margin-top: -30px; margin-right: -20px;\" src=\"https:\/\/www.dymension.fr\/wp-content\/uploads\/2012\/06\/tables-interactives-dymension-150x150.png\" alt=\"tables-interactives-dymension\" width=\"100\" \/><\/p>\n<h2 class=\"left titre\"><span class=\"titre_fond_left\">Apps for touch tables, kiosk and interactive storefront<\/span><\/h2>\n<div class=\"colorBlue categorie\">Display informations or products<\/div>\n<div class=\"grid_4 short_margin\">\n\t<a href=\"dysplay\/\" class=\"broken_link\"><\/p>\n<div class=\"app_box app_desc colorBlue2 \">\n<h2 class=\"titre_app_desc nodeco \">Dysplay<\/h2>\n<h4 class=\"sous-titre-app nodeco \">Interactive product catalogue<\/h4>\n<div class=\"video\"><video class=\"cadre_photo_black ext-cadre\" poster=\"https:\/\/www.dymension.fr\/wp-content\/uploads\/application-tactile-immobilier-vitrine-tactile-dysplay-600x337.jpg\" width=\"300\" height=\"150\"><source src=\"https:\/\/www.dymension.fr\/wp-content\/uploads\/mini-Dysplay_480.webm\" type=\"video\/webm\" \/><source src=\"https:\/\/www.dymension.fr\/wp-content\/uploads\/mini-Dysplay_480.mp4\" type=\"video\/mp4\" \/><\/video><\/div>\n<p class=\"p_content\">Dysplay is an application for showcasing your products through a tactile product catalogue or interactive map.<\/p>\n<div class=\"modern2 rouge bottom \" style=\"text-align: center; font-weight: bold; z-index: 1;\">More about DYSPLAY &gt;<\/div>\n<\/p><\/div>\n<p>\t<\/a>\n<\/div>\n<div class=\"grid_4 short_margin\">\n\t<a href=\"mediascene\/\" class=\"broken_link\"><\/p>\n<div class=\"app_box app_desc colorBlue2 \">\n<h2 class=\"titre_app_desc\">Mediascene<\/h2>\n<h4 class=\"sous-titre-app\">Scenography of your media with POI<\/h4>\n<div class=\"video\"><video class=\"cadre_photo_black ext-cadre\" poster=\"https:\/\/www.dymension.fr\/wp-content\/uploads\/application-tactile-galerie-media-ouvert-600x337.jpg\" width=\"300\" height=\"150\"><source src=\"https:\/\/www.dymension.fr\/wp-content\/uploads\/mediascene-mini_480.webm\" type=\"video\/webm\" \/><source src=\"https:\/\/www.dymension.fr\/wp-content\/uploads\/mediascene-mini_480.mp4\" type=\"video\/mp4\" \/><\/video><\/div>\n<p class=\"p_content\">MediaScene is a fun application that displays your media, picture galleries or videos in an animated background.<\/p>\n<div class=\"modern2 rouge bottom \" style=\"text-align: center; font-weight: bold; z-index: 1;\" title=\"M\u00e9diaSc\u00e8ne : vos m\u00e9dias en sc\u00e9nographie anim\u00e9e \/\">More about MEDIASCENE &gt;<\/div>\n<\/p><\/div>\n<p>\t<\/a>\n<\/div>\n<div class=\"grid_4 short_margin\">\n\t<a href=\"evolumap\/\" class=\"broken_link\"><\/p>\n<div class=\"app_box app_desc colorBlue2 \">\n<h2 class=\"titre_app_desc\">EvoluMap<\/h2>\n<h4 class=\"sous-titre-app\">Urban projects evolution showcase<\/h4>\n<div class=\"video\"><video class=\"cadre_photo_black ext-cadre\" poster=\"https:\/\/www.dymension.fr\/wp-content\/uploads\/application-tactile-projets-urbains-illustres-evolumap-600x337.jpg\" width=\"300\" height=\"150\"><source src=\"https:\/\/www.dymension.fr\/wp-content\/uploads\/Evolumap-Mini_480.webm\" type=\"video\/webm\" \/><source src=\"https:\/\/www.dymension.fr\/wp-content\/uploads\/Evolumap-Mini_480.mp4\" type=\"video\/mp4\" \/><\/video><\/div>\n<p class=\"p_content\">EvoluMap let you visualize on a map the coming or past evolutions of a specific place : city and urban projects, archaeological remains, places steeped in history<\/p>\n<div class=\"modern2 rouge bottom \" style=\"text-align: center; font-weight: bold; z-index: 1;\">More about EvoluMap &gt;<\/div>\n<\/p><\/div>\n<p>\t<\/a>\n<\/div>\n<div class=\"grid_4 short_margin\">\n\t<a href=\"solution-jyminy\/\" class=\"broken_link\"><\/p>\n<div class=\"app_box app_desc colorBlue2 \">\n<h2 class=\"titre_app_desc\">Jyminy<\/h2>\n<h4 class=\"sous-titre-app\">Sale with digital interaction<\/h4>\n<div class=\"video\"><video class=\"cadre_photo_black ext-cadre\" poster=\"https:\/\/www.dymension.fr\/wp-content\/uploads\/application-conciergerie-tactile-jyminy-600x373.jpg\" width=\"300\" height=\"150\"><source src=\"https:\/\/www.dymension.fr\/wp-content\/uploads\/Jyminy-mini_480.webm\" type=\"video\/webm\" \/><source src=\"https:\/\/www.dymension.fr\/wp-content\/uploads\/Jyminy-mini_480.mp4\" type=\"video\/mp4\" \/><\/video><\/div>\n<p class=\"p_content\">Jyminy is an application that allows you to present your products to visitors in a fun and interactive way on a touch table.<\/p>\n<div class=\"modern2 rouge bottom \" style=\"text-align: center; font-weight: bold; z-index: 1;\">More about JYMINY &gt;<\/div>\n<\/p><\/div>\n<p>\t<\/a>\n<\/div>\n<div class=\"grid_4 short_margin\">\n\t<a href=\"kioskinfo\/\" class=\"broken_link\"><\/p>\n<div class=\"app_box app_desc colorBlue2 \">\n<h2 class=\"titre_app_desc\">KioskInfo<\/h2>\n<h4 class=\"sous-titre-app\">Practical informations<\/h4>\n<div class=\"video\"><video class=\"cadre_photo_black ext-cadre\" poster=\"https:\/\/www.dymension.fr\/wp-content\/uploads\/Hotely-resto-600x338.jpg\" width=\"300\" height=\"150\"><source src=\"https:\/\/www.dymension.fr\/wp-content\/uploads\/kioskinfo-mini_480.webm\" type=\"video\/webm\" \/><source src=\"https:\/\/www.dymension.fr\/wp-content\/uploads\/kioskinfo-mini_480.mp4\" type=\"video\/mp4\" \/><\/video><\/div>\n<p class=\"p_content\">The application displays to hotel clients all available services as well as nearby attractions. It displays any useful informations for your services or surroundings.<\/p>\n<div class=\"modern2 rouge bottom \" style=\"text-align: center; font-weight: bold; z-index: 1;\">More about KIOSKINFO &gt;<\/div>\n<\/p><\/div>\n<p>\t<\/a>\n<\/div>\n<div class=\"grid_4 short_margin\">\n\t<a href=\"mediaview\/\" class=\"broken_link\"><\/p>\n<div class=\"app_box app_desc colorBlue2 \">\n<h2 class=\"titre_app_desc\">MediaView<\/h2>\n<h4 class=\"sous-titre-app\">Your media at fingertip<\/h4>\n<div class=\"video\"><video id=\"video1\" class=\"cadre_photo_black ext-cadre\" poster=\"https:\/\/www.dymension.fr\/wp-content\/uploads\/mediaview-pdf-pageflip-600x338.png\" width=\"300\" height=\"150\"><source src=\"https:\/\/www.dymension.fr\/wp-content\/uploads\/mediaview-mini-480.webm\" type=\"video\/webm\" \/><source src=\"https:\/\/www.dymension.fr\/wp-content\/uploads\/mediaview-mini-480.mp4\" type=\"video\/mp4\" \/><\/video><\/div>\n<p class=\"p_content\">Mediaview let your users browse a PDF document by flip-page effect with a single finger.<\/p>\n<div class=\"modern2 rouge bottom \" style=\"text-align: center; font-weight: bold; z-index: 1;\">More about MediaView&gt;<\/div>\n<\/p><\/div>\n<p>\t<\/a>\n<\/div>\n<div class=\"grid_4 short_margin\">\n\t<a href=\"\/applications_restaurant\/delyss_table_tactile\/\"><\/p>\n<div class=\"app_box app_desc colorBlue2 \">\n<h2 class=\"titre_app_desc\">DELYSS<\/h2>\n<h4 class=\"sous-titre-app\">Order your meal<\/h4>\n<p>\t<img decoding=\"async\" class=\"cadre_photo_black ext-cadre\" src=\"https:\/\/www.dymension.fr\/wp-content\/uploads\/delyss-description-des-plats-600x340.jpg\" alt=\"commande de repas tactile\" \/><\/p>\n<p class=\"p_content\">Delyss let your clients check your menu then order thier meal directly from the table.<\/p>\n<div class=\"modern2 rouge bottom \" style=\"text-align: center; font-weight: bold; z-index: 1;\">More about DELYSS &gt;<\/div>\n<\/p><\/div>\n<p>\t<\/a>\n<\/div>\n<div class=\"colorCyan categorie\">Useful Tools<\/div>\n<div class=\"grid_3 short_margin\">\n\t<a href=\"d-launcher\/\" class=\"broken_link\"><\/p>\n<div class=\"app_box app_desc colorCyan2 \">\n<h2 class=\"titre_app_desc\">D-Launcher<\/h2>\n<h4 class=\"sous-titre-app\">Secured app launcher<\/h4>\n<div class=\"video\"><video id=\"video1\" class=\"cadre_photo_black ext-cadre\" poster=\"https:\/\/www.dymension.fr\/wp-content\/uploads\/launcher-lanceur-dapplications-tactiles-sur-table-interactive-600x337.png\" width=\"300\" height=\"150\"><source src=\"https:\/\/www.dymension.fr\/wp-content\/uploads\/laucnher-mini_380.webm\" type=\"video\/webm\" \/><source src=\"https:\/\/www.dymension.fr\/wp-content\/uploads\/laucnher-mini_380.mp4\" type=\"video\/mp4\" \/><\/video><\/div>\n<p class=\"p_content\">The tool will secure windows so that you can launch any pre-selected app without risk to manipulate Windows system.<\/p>\n<div class=\"modern2 rouge bottom \" style=\"text-align: center; font-weight: bold; z-index: 1;\">More about D-Launcher &gt;<\/div>\n<\/p><\/div>\n<p>\t<\/a>\n<\/div>\n<div class=\"grid_3 short_margin\">\n\t<a href=\"dymwser\/\" class=\"broken_link\"><\/p>\n<div class=\"app_box app_desc colorCyan2 \">\n<h2 class=\"titre_app_desc\">Dymwser<\/h2>\n<h4 class=\"sous-titre-app\">Secured touch web browser<\/h4>\n<div class=\"video\"><video id=\"video1\" class=\"cadre_photo_black ext-cadre\" poster=\"https:\/\/www.dymension.fr\/wp-content\/uploads\/navigateur-web-tactile-securise-dymwser-clavier-600x337.jpg\" width=\"300\" height=\"150\"><source src=\"https:\/\/www.dymension.fr\/wp-content\/uploads\/Dymwser-mini_480.webm\" type=\"video\/webm\" \/><source src=\"https:\/\/www.dymension.fr\/wp-content\/uploads\/Dymwser-mini_480.mp4\" type=\"video\/mp4\" \/><\/video><\/div>\n<p class=\"p_content\">Dymwser is a touch web browser that lets you transform your website into a simple interactive application<\/p>\n<div class=\"modern2 rouge bottom \" style=\"text-align: center; font-weight: bold; z-index: 1;\">More about DYMWSER &gt;<\/div>\n<\/p><\/div>\n<p>\t<\/a>\n<\/div>\n<div class=\"grid_3 short_margin\">\n\t<a href=\"teamdesk\/\" class=\"broken_link\"><\/p>\n<div class=\"app_box app_desc colorCyan2 \">\n<h2 class=\"titre_app_desc\">TeamDesk<\/h2>\n<h4 class=\"sous-titre-app\">Team digital work<\/h4>\n<div class=\"video\"><video id=\"video1\" class=\"cadre_photo_black ext-cadre\" poster=\"https:\/\/www.dymension.fr\/wp-content\/uploads\/application-tactile-travail-collaboratif2-exploryon-600x338.jpg\" width=\"300\" height=\"150\"><source src=\"https:\/\/www.dymension.fr\/wp-content\/uploads\/TeamDesk-mini_480.webm\" type=\"video\/webm\" \/><source src=\"https:\/\/www.dymension.fr\/wp-content\/uploads\/TeamDesk-mini_480.mp4\" type=\"video\/mp4\" \/><\/video><\/div>\n<p class=\"p_content\">TeamDesk let many users share any type of working document : pictures, videos, PDF, Office jobs, webpages<\/p>\n<div class=\"modern2 rouge bottom \" style=\"text-align: center; font-weight: bold; z-index: 1;\">More about TeamDesk &gt;<\/div>\n<\/p><\/div>\n<p>\t<\/a>\n<\/div>\n<div class=\"grid_3 short_margin\">\n\t<a href=\"wayfinding\/\" class=\"broken_link\"><\/p>\n<div class=\"app_box app_desc colorCyan2 \">\n<h2 class=\"titre_app_desc\">Wayfinding<\/h2>\n<h4 class=\"sous-titre-app\">Way guiding<\/h4>\n<div class=\"video\"><video id=\"video1\" class=\"cadre_photo_black ext-cadre\" poster=\"https:\/\/www.dymension.fr\/wp-content\/uploads\/application-tactile-localisation-wayfinding-600x337.jpg\" width=\"300\" height=\"150\"><source src=\"https:\/\/www.dymension.fr\/wp-content\/uploads\/wayfinding-mini_480.webm\" type=\"video\/webm\" \/><source src=\"https:\/\/www.dymension.fr\/wp-content\/uploads\/wayfinding-mini_480.mp4\" type=\"video\/mp4\" \/><\/video><\/div>\n<p class=\"p_content\">Wayfinding let you visualize the map of your site in 2D or 3D, and lead your vistors to a searched place<\/p>\n<div class=\"modern2 rouge bottom \" style=\"text-align: center; font-weight: bold; z-index: 1;\">More about Wayfinding &gt;<\/div>\n<\/p><\/div>\n<p>\t<\/a>\n<\/div>\n<div class=\"colorYel categorie\">Games and serious Game<\/div>\n<div class=\"grid_3 short_margin\">\n<div class=\"app_box app_desc colorYel2 \">\n\t<a href=\"groupquiz\/\" class=\"broken_link\"><\/p>\n<h2 class=\"titre_app_desc\">GroupQuiz<\/h2>\n<h4 class=\"sous-titre-app\">Challenging quiz<\/h4>\n<div class=\"video\"><video id=\"video1\" class=\"cadre_photo_black ext-cadre\" poster=\"https:\/\/www.dymension.fr\/wp-content\/uploads\/groupquiz-jeu-tactile-multijoueur-de-quiz-600x338.jpg\" width=\"300\" height=\"150\"><source src=\"https:\/\/www.dymension.fr\/wp-content\/uploads\/groupQuiz-mini_480.webm\" type=\"video\/webm\" \/><source src=\"https:\/\/www.dymension.fr\/wp-content\/uploads\/groupQuiz-mini_480.mp4\" type=\"video\/mp4\" \/><\/video><\/div>\n<p class=\"p_content\">A great classic to enjoy you users.<\/p>\n<div class=\"modern2 rouge bottom \" style=\"text-align: center; font-weight: bold; z-index: 1;\">More about GroupQuiz &gt;<\/div>\n<\/p><\/div>\n<p>\t<\/a>\n<\/div>\n<div class=\"grid_3 nodeco short_margin\">\n\t<a href=\"brain_team\/\" class=\"broken_link\"><\/p>\n<div class=\"app_box app_desc colorYel2 \">\n<h2 class=\"titre_app_desc\">Brain Team<\/h2>\n<h4 class=\"sous-titre-app\">Collaborative diagnostic<\/h4>\n<p>\t<img decoding=\"async\" class=\"cadre_photo_black ext-cadre\" src=\"https:\/\/www.dymension.fr\/wp-content\/uploads\/serious-game-porter-600x337.jpg\" alt=\"Analyse et r\u00e9solution d'une situation\" \/><\/p>\n<p class=\"p_content\">This serious game let you proceed to a full Porter&#8217;s model analysis about a company<\/p>\n<div class=\"modern2 rouge bottom \" style=\"text-align: center; font-weight: bold; z-index: 1;\">More about Brain Team &gt;<\/div>\n<\/p><\/div>\n<p>\t<\/a>\n<\/div>\n<div class=\"grid_3 short_margin\">\n<div class=\"app_box app_desc colorYel2\">\n<h2 class=\"titre_app_desc\">Hawk Eye<\/h2>\n<h4 class=\"sous-titre-app\">\u201cspot the mistake\u201d like<\/h4>\n<p>\t<img decoding=\"async\" class=\"cadre_photo_black ext-cadre\" src=\"https:\/\/www.dymension.fr\/wp-content\/uploads\/serious-game-oeil-de-lynx-600x338.jpg\" alt=\"jeu trouvez l'erreur\" \/><\/p>\n<p class=\"p_content\">This serious game is played with a referee. Players have to circle what is wrong in the picture, and the referee will gives points<\/p>\n<\/p><\/div>\n<\/div>\n<div class=\"grid_3 short_margin\">\n\t<a href=\"happywheel\/\" class=\"broken_link\"><\/p>\n<div class=\"app_box app_desc colorYel2\">\n<h2 class=\"titre_app_desc\">LuckyWheel<\/h2>\n<h4 class=\"sous-titre-app\">Event game of Wheel of fortune<\/h4>\n<div class=\"video\"><video id=\"video1\" class=\"cadre_photo_black ext-cadre\" poster=\"https:\/\/www.dymension.fr\/wp-content\/uploads\/application-tactile-jeu-evenementiel-happywheel-roue-de-la-fortune-600x337.jpg\" width=\"300\" height=\"150\"><source src=\"https:\/\/www.dymension.fr\/wp-content\/uploads\/luckywheel-mini_480.webm\" type=\"video\/webm\" \/><source src=\"https:\/\/www.dymension.fr\/wp-content\/uploads\/luckywheel-mini_480.mp4\" type=\"video\/mp4\" \/><\/video><\/div>\n<p class=\"p_content\">his event game allows you to offer lots to your customers or visitors. They can play by betting tokens on a roulette mat and launching the wheel in expecting to win a lot, or with no bet, simply by launching the wheel.<\/p>\n<div class=\"modern2 rouge bottom \" style=\"text-align: center; font-weight: bold; z-index: 1;\">More about LuckyWheel &gt;<\/div>\n<\/p><\/div>\n<p>\t<\/a>\n<\/div>\n<div class=\"grid_3 short_margin\">\n\t<a href=\"games\/\" class=\"broken_link\"><\/p>\n<div class=\"app_box app_desc colorYel2 \">\n<h2 class=\"titre_app_desc\">Touch games for grown up<\/h2>\n<h4 class=\"sous-titre-app\">Fun games for many<\/h4>\n<p>\t<img decoding=\"async\" class=\"cadre_photo_black ext-cadre\" src=\"https:\/\/www.dymension.fr\/wp-content\/uploads\/jeu-tactile-adulte-pour-table-interactive-billard-600x337.jpg\" alt=\"Jeu tactile adulte : billard\" \/><\/p>\n<p class=\"p_content\">everal mult-player games to enjoy with friends : pool, table-soccer, pong, AirHockey, etc.<\/p>\n<\/p><\/div>\n<p>\t<\/a>\n<\/div>\n<div class=\"grid_3 short_margin\">\n\t<a href=\"games\/#enfants\" class=\"broken_link\"><\/p>\n<div class=\"app_box app_desc colorYel2 \">\n<h2 class=\"titre_app_desc\">Touch game for kids<\/h2>\n<h4 class=\"sous-titre-app\">Entertaining games to keep kids busy<\/h4>\n<p>\t<img decoding=\"async\" class=\"cadre_photo_black ext-cadre\" src=\"https:\/\/www.dymension.fr\/wp-content\/uploads\/jeu-tactile-enfant-pour-table-interactive-grenouilles-600x337.jpg\" alt=\"jeu tactile enfant\" \/><\/p>\n<p class=\"p_content\">Simple and playful games for several kids at the same time : froggies, jigsaw, memory&#8230;<\/p>\n<\/p><\/div>\n<p>\t<\/a>\n<\/div>\n<div style=\"clear: both;\"><\/div>\n<p><!-- MANAGER --><\/p>\n<p><center><a class=\"modern\" style=\"width: 400px; height: 60px; text-align: center; color: #fff; text-transform: uppercase; font-weight: bold; padding: 10px; bottom: 10px; line-height: 60px; font-size: 18px;\" href=\"https:\/\/www.dymension.fr\/downloads\/\">TRY OUR MAIN APPLICATIONS<\/a><\/center><br \/>\n<br style=\"clear: both;\" \/><\/p>\n<p>&nbsp;<\/p>\n<div class=\"callto_blog\" style=\"margin-top: 40px;\">\n<div class=\"baseline_position\"><a class=\"bouton_blog_rouge\" href=\"http:\/\/dymension.fr\/contact\">Contact us for more information &gt;&gt;&gt; <img loading=\"lazy\" decoding=\"async\" class=\"hide-phone baseline_bubble\" src=\"http:\/\/dymension.fr\/wp-content\/uploads\/2012\/06\/bubble.png\" alt=\"\" width=\"74\" height=\"68\" \/><\/a><\/div>\n<\/div>\n<\/div>\n<p>[:]<\/p>\n","protected":false},"excerpt":{"rendered":"<p>Apps for touch tables, kiosk and interactive storefront Display informations or products Dysplay Interactive product catalogue Dysplay is an application for showcasing your products through a tactile product catalogue or interactive map. More about DYSPLAY &gt; Mediascene Scenography of your media with POI MediaScene is a fun application that displays your media, picture galleries or [&hellip;]<\/p>\n","protected":false},"author":2,"featured_media":5951,"parent":6755,"menu_order":1,"comment_status":"open","ping_status":"open","template":"","meta":{"_locale":"en_US","_original_post":"http:\/\/www.dymension.fr\/?page_id=3472","footnotes":""},"class_list":["post-6751","page","type-page","status-publish","has-post-thumbnail","hentry","en-US"],"_links":{"self":[{"href":"https:\/\/www.dymension.fr\/wp-json\/wp\/v2\/pages\/6751","targetHints":{"allow":["GET"]}}],"collection":[{"href":"https:\/\/www.dymension.fr\/wp-json\/wp\/v2\/pages"}],"about":[{"href":"https:\/\/www.dymension.fr\/wp-json\/wp\/v2\/types\/page"}],"author":[{"embeddable":true,"href":"https:\/\/www.dymension.fr\/wp-json\/wp\/v2\/users\/2"}],"replies":[{"embeddable":true,"href":"https:\/\/www.dymension.fr\/wp-json\/wp\/v2\/comments?post=6751"}],"version-history":[{"count":2,"href":"https:\/\/www.dymension.fr\/wp-json\/wp\/v2\/pages\/6751\/revisions"}],"predecessor-version":[{"id":7160,"href":"https:\/\/www.dymension.fr\/wp-json\/wp\/v2\/pages\/6751\/revisions\/7160"}],"up":[{"embeddable":true,"href":"https:\/\/www.dymension.fr\/wp-json\/wp\/v2\/pages\/6755"}],"wp:featuredmedia":[{"embeddable":true,"href":"https:\/\/www.dymension.fr\/wp-json\/wp\/v2\/media\/5951"}],"wp:attachment":[{"href":"https:\/\/www.dymension.fr\/wp-json\/wp\/v2\/media?parent=6751"}],"curies":[{"name":"wp","href":"https:\/\/api.w.org\/{rel}","templated":true}]}}