{"id":6745,"date":"2023-11-02T20:15:38","date_gmt":"2023-11-02T19:15:38","guid":{"rendered":"https:\/\/www.dymension.fr\/?page_id=6745"},"modified":"2024-10-24T16:34:59","modified_gmt":"2024-10-24T15:34:59","slug":"catalogue","status":"publish","type":"page","link":"https:\/\/www.dymension.fr\/en\/home\/catalogue\/","title":{"rendered":"Download our catalogs"},"content":{"rendered":"<link  href=\"https:\/\/www.dymension.fr\/wp-content\/themes\/Dym\/includes\/forms.css\" rel=\"stylesheet\" type=\"text\/css\">\n<link  href=\"https:\/\/www.dymension.fr\/wp-content\/themes\/Dym\/includes\/fonts\/formulaires.css\" rel=\"stylesheet\" type=\"text\/css\">\n<style>\n.selectable { padding:30px 10px 10px 10px; text-align: center; }\n.selectable label {font-weight: bold; padding-top: 15px; display: block; font-size: 16px;}\ninput[type=checkbox]  { display:none; }\ninput[type=submit]:hover  { background-color: rgba(238, 221, 170, 1); }\n.selectable img {  border: solid 1px #BBBBBB; box-shadow : 4px 4px 8px #BBB; }\n.selectable:hover { background-color : rgba(247, 225, 177, 1); box-shadow : 4px 4px 8px #BBB; }\n.selected, .selected:hover {background-color: rgba(238, 190, 89, 1); box-shadow : 8px 8px 15px #BBB; }\n.selected img, .selectable img:hover {  border: solid 1px #BBBBBB; box-shadow : 0 0; }\n.error { border : solid 3px red; background-color:yellow}\n.ok { border : solid 1px green; background-color:none}\n.nom_error, .mail_error, .cat_error { font-weight:bold;color : #990000;}\n<\/style>\n<p><script>\n$(function() {\n    $(\".selectable\").click(function() {\n       $(this).toggleClass(\"selected\");\n       var check = $(this).children(':checkbox');\n       check.prop('checked', !check.prop('checked'));\n    });\n\t$('#email').focusout(function() {\n       var emailReg = \/^([w-.]+@([w-]+.)+[w-]{2,4})?$\/;\n       var emailaddressVal = $(this).val();\n       if (emailaddressVal == '')  { $('.mail_error').text('Le champs \"Email\" est vide.').show(); $('#email').addClass(\"error\"); }\n       else if (!emailReg.test(emailaddressVal)) { $('.mail_error').text('L'adresse email n'est pas valide').show();  $('#email').addClass(\"error\"); }\n       else  { $('.mail_error').text('').hide(); $('#email').removeClass(\"error\").addClass(\"ok\");  }\n   });\n\t$('#nom').focusout(function() {\n       var nomVal = $(this).val();\n       if (nomVal == '')  { $('.nom_error').text('Le champs \"Nom\" est vide.').show(); $('#nom').addClass(\"error\"); }\n       else  { $('.nom_error').text('').hide(); $('#nom').removeClass(\"error\").addClass(\"ok\"); }\n    });\n\t$('form').submit(function(event) {\n        $(\".nom_error\").html(\"\");\n        $(\".mail_error\").html(\"\");\n        var email = $(\"#email\").val();\n        var atpos = email.indexOf(\"@\");\n        var dotpos = email.lastIndexOf(\".\");\n        var hasError = false;\n        if($(\"#nom\").val() == \"\") {\n            $(\".nom_error\").text(\"Merci d'indiquer un nom\");\n\t\t\t$('#nom').addClass(\"error\");\n            hasError = true;\n        }\n        if(email.length == 0 || atpos < 1 || dotpos < atpos + 2 || dotpos + 2 >= email.length) {\n            $(\".mail_error\").text(\"Merci d'indiquer un email valide\");\n\t\t\t$('#email').addClass(\"error\")\n            hasError = true;\n        }\n\t\tif (!$(\"input[type=checkbox]:checked\").prop('checked')) {\n\t\t\t\t$(\".cat_error\").text(\"Vous n'avez s\u00e9lectionn\u00e9 aucun catalogue\");\n\t\t\t\thasError = true; \/\/ prop renvoie true ou false sur les \u00e9l\u00e9ments check\u00e9s\n\t\t}\n\t\telse $(\".cat_error\").text(\"\");\n\t\tif (hasError) event.preventDefault();\n\t\telse $(\"input[type=submit]\").css('background-color', 'rgba(215, 184, 91, 1)').val(\"Patienter\");\n    });\n});\t\n<\/script><\/p>\n<p><strong>S\u00e9lectionnez le ou les catalogues que vous souhaitez consulter, puis remplissez le formulaire :<\/strong><\/p>\n<form action=\"https:\/\/www.dymension.fr\/contact\/catalogue_send\/\" method=\"POST\" autocomplete=\"on\" >\n<div class='grid_3 '><\/p>\n<div class=\"selectable\"><img decoding=\"async\" src=\"https:\/\/www.dymension.fr\/wp-content\/uploads\/catalogues\/catalogue_general.jpg\" alt=\"catalogue_general1\" style=\"vertical-align:middle\" title=\"Compl\u00e9tez le formulaire \u00e0 droite pour recevoir le catalogue\" \/><br \/>\n<input type=\"checkbox\" name=\"cat_0\" value=\"Catalogue g\u00e9n\u00e9ral\"><label>General catalog <\/label><\/div>\n<p><\/p>\n<div class=\"selectable\"><img decoding=\"async\" src=\"https:\/\/www.dymension.fr\/wp-content\/uploads\/catalogues\/catalogue_pupitres_tactiles.jpg\" alt=\"catalogue pupitres\" style=\"vertical-align:middle\" title=\"Compl\u00e9tez le formulaire \u00e0 droite pour recevoir le catalogue\" \/><br \/> <input type=\"checkbox\" name=\"cat_5\" value=\"Pupitres tactiles\"><label> Our touch wide kioks<\/label><\/div>\n<p><\/p>\n<div class=\"selectable\"><img decoding=\"async\" src=\"https:\/\/www.dymension.fr\/wp-content\/uploads\/catalogues\/catalogue_inclinables.jpg\" alt=\"catalogue inclinable\" style=\"vertical-align:middle\" title=\"Compl\u00e9tez le formulaire \u00e0 droite pour recevoir le catalogue\" \/><br \/> <input type=\"checkbox\" name=\"cat_6\" value=\"Catalogue des Tables inclinables\"><label> Our tiltable tables<\/label><\/div>\n<p><\/div><div class='grid_3 '><\/p>\n<div class=\"selectable\"> <img decoding=\"async\" src=\"https:\/\/www.dymension.fr\/wp-content\/uploads\/catalogues\/catalogue_tables_hautes.jpg\" alt=\"catalogue table haute\" style=\"vertical-align:middle\" title=\"Compl\u00e9tez le formulaire \u00e0 droite pour recevoir le catalogue\" \/><br \/>\n<input type=\"checkbox\" name=\"cat_1\" value=\"Catalogue Tables Hautes\"><label>Our touch tables<\/label><\/div>\n<p><\/p>\n<div class=\"selectable\"><img decoding=\"async\" src=\"https:\/\/www.dymension.fr\/wp-content\/uploads\/catalogues\/catalogue_tables_resto.jpg\" alt=\"catalogue tables resto1\" style=\"vertical-align:middle\" title=\"Compl\u00e9tez le formulaire \u00e0 droite pour recevoir le catalogue\" \/><br \/> <input type=\"checkbox\" name=\"cat_4\" value=\"Catalogue Tables restaurant\"><label>  Our restaurant touch tables<\/label><\/div>\n<p><\/p>\n<div class=\"selectable\"><img decoding=\"async\" src=\"https:\/\/www.dymension.fr\/wp-content\/uploads\/catalogues\/catalogue_bornes.jpg\" alt=\"catalogue bornes tactiles\" style=\"vertical-align:middle\" title=\"Compl\u00e9tez le formulaire \u00e0 droite pour recevoir le catalogue\" \/><br \/> <input type=\"checkbox\" name=\"cat_8\" value=\"Catalogue Bornes tactiles\"><label>  Our touch kiosks<\/label><\/div>\n<p><\/div><div class='grid_3 '><\/p>\n<div class=\"selectable\"><img decoding=\"async\" src=\"https:\/\/www.dymension.fr\/wp-content\/uploads\/catalogues\/catalogue_tables_basses.jpg\" alt=\"cataloguetables basses\" style=\"vertical-align:middle\" title=\"Compl\u00e9tez le formulaire \u00e0 droite pour recevoir le catalogue\" \/><br \/>\n<input type=\"checkbox\" name=\"cat_2\" value=\"Catalogue Tables basses\"><label> Our touch coffee tables<\/label><\/div>\n<p><\/p>\n<div class=\"selectable\"> <img decoding=\"async\" src=\"https:\/\/www.dymension.fr\/wp-content\/uploads\/catalogues\/catalogue_tables_enfants.jpg\" alt=\"catalogue tables enfants\"  style=\"vertical-align:middle\" title=\"Compl\u00e9tez le formulaire \u00e0 droite pour recevoir le catalogue\" \/><br \/> <input type=\"checkbox\" name=\"cat_3\" value=\"Catalogue Tables enfants\"><label> Our kids touch tables <\/label><\/div>\n<p><\/p>\n<div class=\"selectable\"> <img decoding=\"async\" src=\"https:\/\/www.dymension.fr\/wp-content\/uploads\/catalogues\/catalogue_bornes_commande.jpg\" alt=\"catalogue borne de commande\"  style=\"vertical-align:middle\" title=\"Compl\u00e9tez le formulaire \u00e0 droite pour recevoir le catalogue\" \/><br \/> <input type=\"checkbox\" name=\"cat_9\" value=\"Catalogue borne Commande\"><label> Our ordering kiosks <\/label><\/div>\n<p><\/div><br \/>\n<div class='grid_3 '><\/p>\n<div id=\"wrapper\">\n<p>\t<label for=\"catalogues\" class=\"youmail\" data-icon=\"e\">Votre nom *<\/label><br \/>\n\t<input id=\"nom\" type=\"text\" name=\"nom\"><br \/>\n\t<span class=\"nom_error\"><\/span><\/p>\n<p>\t<label for=\"catalogues\" class=\"youmail\" data-icon=\"e\">Votre pr\u00e9nom *<\/label><br \/>\n\t<input id=\"prenom\" type=\"text\" name=\"prenom\"><\/p>\n<p>\t<label for=\"catalogues\" class=\"youmail\" data-icon=\"1\">Soci\u00e9t\u00e9<\/label><br \/>\n\t<input type=\"text\" name=\"societe\"><\/p>\n<p>\t<label for=\"catalogues\" class=\"youmail\" data-icon=\"r\" >T\u00e9l\u00e9phone<\/label><br \/>\n\t<input type=\"text\" name=\"tel\"><\/p>\n<p>\t<label for=\"catalogues\" class=\"youmail\" data-icon=\"z\" >Votre adresse email<\/label><br \/>\n\t<input id=\"email\" type=\"text\" name=\"mail\"><br \/>\n\t<span style='font-size:10px'>(vous recevrez les catalogues \u00e0 cette adresse)<\/span><br \/>\n\t<span class=\"mail_error\"><\/span><\/p>\n<p>\t<span class=\"cat_error\"><\/span><br \/>\n\t<input type=\"submit\" value=\"Recevoir\"><\/p>\n<p>\t<span style=\"display:none; font-family:'formulaires'\">a z e r t y u i o p q s d f g h j k l m w x c v b n , ; : ! $ \u00f9 * 1<\/span><\/p>\n<\/div>\n<p><br style=\"clear:both\"><\/p>\n<p class=\"content\" style=\"text-align:justify\">Merci de s\u00e9lectionner le ou les catalogues qui vous int\u00e9ressent puis de remplir le formulaire \u00e0 droite<\/p>\n<p class=\"content\" style=\"text-align:justify\">Vous recevrez les catalogues \u00e0 l&#8217;adresse email indiqu\u00e9e, et pourrez les consulter sur la page suivante.<\/p>\n<p><\/div>\n<\/p><\/form>\n\n","protected":false},"excerpt":{"rendered":"<p>S\u00e9lectionnez le ou les catalogues que vous souhaitez consulter, puis remplissez le formulaire :<\/p>\n","protected":false},"author":2,"featured_media":5082,"parent":6736,"menu_order":10,"comment_status":"open","ping_status":"open","template":"","meta":{"_locale":"en_US","_original_post":"http:\/\/www.dymension.fr\/?page_id=4943","footnotes":""},"class_list":["post-6745","page","type-page","status-publish","has-post-thumbnail","hentry","en-US"],"_links":{"self":[{"href":"https:\/\/www.dymension.fr\/wp-json\/wp\/v2\/pages\/6745","targetHints":{"allow":["GET"]}}],"collection":[{"href":"https:\/\/www.dymension.fr\/wp-json\/wp\/v2\/pages"}],"about":[{"href":"https:\/\/www.dymension.fr\/wp-json\/wp\/v2\/types\/page"}],"author":[{"embeddable":true,"href":"https:\/\/www.dymension.fr\/wp-json\/wp\/v2\/users\/2"}],"replies":[{"embeddable":true,"href":"https:\/\/www.dymension.fr\/wp-json\/wp\/v2\/comments?post=6745"}],"version-history":[{"count":4,"href":"https:\/\/www.dymension.fr\/wp-json\/wp\/v2\/pages\/6745\/revisions"}],"predecessor-version":[{"id":7158,"href":"https:\/\/www.dymension.fr\/wp-json\/wp\/v2\/pages\/6745\/revisions\/7158"}],"up":[{"embeddable":true,"href":"https:\/\/www.dymension.fr\/wp-json\/wp\/v2\/pages\/6736"}],"wp:featuredmedia":[{"embeddable":true,"href":"https:\/\/www.dymension.fr\/wp-json\/wp\/v2\/media\/5082"}],"wp:attachment":[{"href":"https:\/\/www.dymension.fr\/wp-json\/wp\/v2\/media?parent=6745"}],"curies":[{"name":"wp","href":"https:\/\/api.w.org\/{rel}","templated":true}]}}